{"id":643,"date":"2024-09-06T13:22:06","date_gmt":"2024-09-06T13:22:06","guid":{"rendered":"https:\/\/www.alas.no\/?page_id=643"},"modified":"2024-10-18T13:46:26","modified_gmt":"2024-10-18T13:46:26","slug":"sullautonoleggio-alas","status":"publish","type":"page","link":"https:\/\/www.alas.no\/it\/om-alas-leiebil\/","title":{"rendered":"Sull'auto a noleggio di Alas"},"content":{"rendered":"<div data-elementor-type=\"wp-page\" data-elementor-id=\"643\" class=\"elementor elementor-643\" data-elementor-post-type=\"page\">\n\t\t\t\t<div class=\"elementor-element elementor-element-d260254 e-con-full e-flex e-con e-parent\" data-id=\"d260254\" data-element_type=\"container\" data-e-type=\"container\">\n\t\t\t\t<div class=\"elementor-element elementor-element-d05949c elementor-widget__width-initial elementor-widget elementor-widget-text-editor\" data-id=\"d05949c\" data-element_type=\"widget\" data-e-type=\"widget\" data-widget_type=\"text-editor.default\">\n\t\t\t\t<div class=\"elementor-widget-container\">\n\t\t\t\t\t\t\t\t\t<p>Nel 2024, Alternativ Assistanse AS ha esteso la sua attivit\u00e0 al noleggio di auto.<\/p><p>Ci troviamo nel comune di Salangen, nella contea di Troms. Alas \u00e8 l'abbreviazione di Alternativ Assistanse. Il proprietario e operatore \u00e8 Lill-Eva Jenssen.<\/p><p>L'autonoleggio pu\u00f2 essere ritirato e consegnato ovunque vogliate. Dal nostro indirizzo di Salangsverket, a 7 km da Sj\u00f8vegan, il centro del comune di Salangen. Ci troviamo tra l'aeroporto di Bardufoss e l'aeroporto di Harstad-Narvik Evenes. Narvik \u00e8 raggiungibile in 75 minuti, cos\u00ec come Senja.<\/p>\t\t\t\t\t\t\t\t<\/div>\n\t\t\t\t<\/div>\n\t\t\t\t<\/div>\n\t\t<div class=\"elementor-element elementor-element-b076139 e-con-full e-flex e-con e-parent\" data-id=\"b076139\" data-element_type=\"container\" data-e-type=\"container\" data-settings=\"{&quot;background_background&quot;:&quot;classic&quot;}\">\n\t\t<div class=\"elementor-element elementor-element-c06571b e-con-full e-flex e-con e-child\" data-id=\"c06571b\" data-element_type=\"container\" data-e-type=\"container\">\n\t\t\t\t<div class=\"elementor-element elementor-element-59393b5 elementor-widget elementor-widget-heading\" data-id=\"59393b5\" data-element_type=\"widget\" data-e-type=\"widget\" data-widget_type=\"heading.default\">\n\t\t\t\t<div class=\"elementor-widget-container\">\n\t\t\t\t\t<h2 class=\"elementor-heading-title elementor-size-default\">Distanze da Salangsverket, per esempio<\/h2>\t\t\t\t<\/div>\n\t\t\t\t<\/div>\n\t\t\t\t<div class=\"elementor-element elementor-element-222 elementor-widget-divider--view-line_icon elementor-view-default elementor-widget-divider--element-align-center elementor-widget elementor-widget-global elementor-global-222 elementor-widget-divider\" data-id=\"222\" data-element_type=\"widget\" data-e-type=\"widget\" data-widget_type=\"divider.default\">\n\t\t\t\t<div class=\"elementor-widget-container\">\n\t\t\t\t\t\t\t<div class=\"elementor-divider\">\n\t\t\t<span class=\"elementor-divider-separator\">\n\t\t\t\t\t\t\t<div class=\"elementor-icon elementor-divider__element\">\n\t\t\t\t\t<svg xmlns=\"http:\/\/www.w3.org\/2000\/svg\" viewbox=\"0 0 1024 1024\"><defs><style>      .cls-1, .cls-2 {        fill: none;        stroke: #28927e;      }      .cls-2 {        stroke-miterlimit: 10;        stroke-width: 30px;      }    <\/style><\/defs><g><g id=\"Layer_1\"><g><g><path class=\"cls-2\" d=\"M813,402.4H211l47.9-95.2c22.1-44,67.2-71.8,116.5-71.8h273.2c49.3,0,94.4,27.8,116.5,71.8l47.9,95.2Z\"><\/path><path class=\"cls-2\" d=\"M931,551.6v108.3c0,12.4-2.2,24.7-6.6,36.4l-2.8,7.6c-3.4,9.1-9.7,16.6-17.6,21.5-6.8,4.3-14.8,6.7-23.1,6.7l-71.5,1.8c-5.2.1-10.3-1.5-14.6-4.5l-36.8-26.6-20.2-14.6-451.5-2-20.2,14.6-37.1,26.8c-4.1,2.9-8.9,4.5-14,4.5h-71.8c-8.4,0-16.3-2.4-23.1-6.7-7.9-5-14.2-12.4-17.6-21.5l-2.8-7.6c-4.3-11.6-6.6-24-6.6-36.4v-108.3c0-47,24.2-90.6,64-115.5l54-33.8h602l54,33.8c39.8,24.9,64,68.5,64,115.5Z\"><\/path><path class=\"cls-2\" d=\"M266,700.8v71.6c0,14.5-11.8,26.3-26.3,26.3h-93.5c-14.5,0-26.3-11.8-26.3-26.3v-46.9c6.8,4.3,14.7,6.7,23.1,6.7h71.8\"><\/path><path class=\"cls-2\" d=\"M809.4,733.9l71.5-1.8c8.4,0,16.4-2.4,23.1-6.7v46.9c0,14.5-11.8,26.3-26.3,26.3h-93.5c-14.5,0-26.3-11.8-26.3-26.3v-69.6\"><\/path><path class=\"cls-2\" d=\"M813,399.8c-25.5,48.3-59,92.4-98.6,129.9\"><\/path><path class=\"cls-2\" d=\"M211,399.8c25.5,48.3,59,92.4,98.6,129.9\"><\/path><path class=\"cls-2\" d=\"M754.9,626.8c0-38.5,31.2-69.7,69.7-69.7h34.7c6.5,0,11.8,5.3,11.8,11.8v30.8c0,15-12.2,27.2-27.2,27.2h-89.1Z\"><\/path><path class=\"cls-2\" d=\"M809.2,397.9c0-33.4,27-60.4,60.4-60.4h30.1c5.6,0,10.2,4.6,10.2,10.2v26.6c0,13-10.5,23.5-23.5,23.5h-77.2Z\"><\/path><path class=\"cls-2\" d=\"M214.8,399.8c0-33.4-27-60.4-60.4-60.4h-30.1c-5.6,0-10.2,4.6-10.2,10.2v26.6c0,13,10.5,23.5,23.5,23.5h77.2Z\"><\/path><path class=\"cls-2\" d=\"M269.1,626.8c0-38.5-31.2-69.7-69.7-69.7h-34.7c-6.5,0-11.8,5.3-11.8,11.8v30.8c0,15,12.2,27.2,27.2,27.2h89.1Z\"><\/path><path class=\"cls-2\" d=\"M338.4,606.8h340.4\"><\/path><\/g><g><path class=\"cls-1\" d=\"M813,402.4H211l47.9-95.2c22.1-44,67.2-71.8,116.5-71.8h273.2c49.3,0,94.4,27.8,116.5,71.8l47.9,95.2Z\"><\/path><path class=\"cls-1\" d=\"M931,551.6v108.3c0,12.4-2.2,24.7-6.6,36.4l-2.8,7.6c-3.4,9.1-9.7,16.6-17.6,21.5-6.8,4.3-14.8,6.7-23.1,6.7l-71.5,1.8c-5.2.1-10.3-1.5-14.6-4.5l-36.8-26.6-20.2-14.6-451.5-2-20.2,14.6-37.1,26.8c-4.1,2.9-8.9,4.5-14,4.5h-71.8c-8.4,0-16.3-2.4-23.1-6.7-7.9-5-14.2-12.4-17.6-21.5l-2.8-7.6c-4.3-11.6-6.6-24-6.6-36.4v-108.3c0-47,24.2-90.6,64-115.5l54-33.8h602l54,33.8c39.8,24.9,64,68.5,64,115.5Z\"><\/path><path class=\"cls-1\" d=\"M266,700.8v71.6c0,14.5-11.8,26.3-26.3,26.3h-93.5c-14.5,0-26.3-11.8-26.3-26.3v-46.9c6.8,4.3,14.7,6.7,23.1,6.7h71.8\"><\/path><path class=\"cls-1\" d=\"M809.4,733.9l71.5-1.8c8.4,0,16.4-2.4,23.1-6.7v46.9c0,14.5-11.8,26.3-26.3,26.3h-93.5c-14.5,0-26.3-11.8-26.3-26.3v-69.6\"><\/path><path class=\"cls-1\" d=\"M813,399.8c-25.5,48.3-59,92.4-98.6,129.9\"><\/path><path class=\"cls-1\" d=\"M211,399.8c25.5,48.3,59,92.4,98.6,129.9\"><\/path><path class=\"cls-1\" d=\"M754.9,626.8c0-38.5,31.2-69.7,69.7-69.7h34.7c6.5,0,11.8,5.3,11.8,11.8v30.8c0,15-12.2,27.2-27.2,27.2h-89.1Z\"><\/path><path class=\"cls-1\" d=\"M809.2,397.9c0-33.4,27-60.4,60.4-60.4h30.1c5.6,0,10.2,4.6,10.2,10.2v26.6c0,13-10.5,23.5-23.5,23.5h-77.2Z\"><\/path><path class=\"cls-1\" d=\"M214.8,399.8c0-33.4-27-60.4-60.4-60.4h-30.1c-5.6,0-10.2,4.6-10.2,10.2v26.6c0,13,10.5,23.5,23.5,23.5h77.2Z\"><\/path><path class=\"cls-1\" d=\"M269.1,626.8c0-38.5-31.2-69.7-69.7-69.7h-34.7c-6.5,0-11.8,5.3-11.8,11.8v30.8c0,15,12.2,27.2,27.2,27.2h89.1Z\"><\/path><path class=\"cls-1\" d=\"M338.4,606.8h340.4\"><\/path><\/g><\/g><\/g><\/g><\/svg><\/div>\n\t\t\t\t\t\t<\/span>\n\t\t<\/div>\n\t\t\t\t\t\t<\/div>\n\t\t\t\t<\/div>\n\t\t\t\t<\/div>\n\t\t<div class=\"elementor-element elementor-element-9840ab2 e-con-full e-flex e-con e-child\" data-id=\"9840ab2\" data-element_type=\"container\" data-e-type=\"container\">\n\t\t\t\t<div class=\"elementor-element elementor-element-3f74c79 elementor-widget__width-inherit elementor-widget elementor-widget-html\" data-id=\"3f74c79\" data-element_type=\"widget\" data-e-type=\"widget\" data-widget_type=\"html.default\">\n\t\t\t\t<div class=\"elementor-widget-container\">\n\t\t\t\t\t<iframe src=\"https:\/\/www.google.com\/maps\/d\/embed?mid=1hYJAOHeRY9fVJjrdEwhtDlSwsGmiF5w&ehbc=2E312F\" width=\"100%\" height=\"480\"><\/iframe>\t\t\t\t<\/div>\n\t\t\t\t<\/div>\n\t\t<div class=\"elementor-element elementor-element-d7d970d e-con-full e-flex e-con e-child\" data-id=\"d7d970d\" data-element_type=\"container\" data-e-type=\"container\" id=\"map-cover\" data-settings=\"{&quot;background_background&quot;:&quot;classic&quot;}\">\n\t\t\t\t<\/div>\n\t\t\t\t<\/div>\n\t\t<div class=\"elementor-element elementor-element-ed909ba e-con-full e-flex e-con e-child\" data-id=\"ed909ba\" data-element_type=\"container\" data-e-type=\"container\">\n\t\t\t\t<div class=\"elementor-element elementor-element-12a4a34 elementor-icon-list--layout-traditional elementor-list-item-link-full_width elementor-widget elementor-widget-icon-list\" data-id=\"12a4a34\" data-element_type=\"widget\" data-e-type=\"widget\" data-widget_type=\"icon-list.default\">\n\t\t\t\t<div class=\"elementor-widget-container\">\n\t\t\t\t\t\t\t<ul class=\"elementor-icon-list-items\">\n\t\t\t\t\t\t\t<li class=\"elementor-icon-list-item\">\n\t\t\t\t\t\t\t\t\t\t\t<span class=\"elementor-icon-list-icon\">\n\t\t\t\t\t\t\t<svg aria-hidden=\"true\" class=\"e-font-icon-svg e-fas-plane\" viewbox=\"0 0 576 512\" xmlns=\"http:\/\/www.w3.org\/2000\/svg\"><path d=\"M480 192H365.71L260.61 8.06A16.014 16.014 0 0 0 246.71 0h-65.5c-10.63 0-18.3 10.17-15.38 20.39L214.86 192H112l-43.2-57.6c-3.02-4.03-7.77-6.4-12.8-6.4H16.01C5.6 128-2.04 137.78.49 147.88L32 256 .49 364.12C-2.04 374.22 5.6 384 16.01 384H56c5.04 0 9.78-2.37 12.8-6.4L112 320h102.86l-49.03 171.6c-2.92 10.22 4.75 20.4 15.38 20.4h65.5c5.74 0 11.04-3.08 13.89-8.06L365.71 320H480c35.35 0 96-28.65 96-64s-60.65-64-96-64z\"><\/path><\/svg>\t\t\t\t\t\t<\/span>\n\t\t\t\t\t\t\t\t\t\t<span class=\"elementor-icon-list-text\">Aeroporto di Bardufoss: 65 chilometri<\/span>\n\t\t\t\t\t\t\t\t\t<\/li>\n\t\t\t\t\t\t\t\t<li class=\"elementor-icon-list-item\">\n\t\t\t\t\t\t\t\t\t\t\t<span class=\"elementor-icon-list-icon\">\n\t\t\t\t\t\t\t<svg aria-hidden=\"true\" class=\"e-font-icon-svg e-fas-plane\" viewbox=\"0 0 576 512\" xmlns=\"http:\/\/www.w3.org\/2000\/svg\"><path d=\"M480 192H365.71L260.61 8.06A16.014 16.014 0 0 0 246.71 0h-65.5c-10.63 0-18.3 10.17-15.38 20.39L214.86 192H112l-43.2-57.6c-3.02-4.03-7.77-6.4-12.8-6.4H16.01C5.6 128-2.04 137.78.49 147.88L32 256 .49 364.12C-2.04 374.22 5.6 384 16.01 384H56c5.04 0 9.78-2.37 12.8-6.4L112 320h102.86l-49.03 171.6c-2.92 10.22 4.75 20.4 15.38 20.4h65.5c5.74 0 11.04-3.08 13.89-8.06L365.71 320H480c35.35 0 96-28.65 96-64s-60.65-64-96-64z\"><\/path><\/svg>\t\t\t\t\t\t<\/span>\n\t\t\t\t\t\t\t\t\t\t<span class=\"elementor-icon-list-text\">Aeroporto di Harstad-Narvik Evenes: 105 km<\/span>\n\t\t\t\t\t\t\t\t\t<\/li>\n\t\t\t\t\t\t\t\t<li class=\"elementor-icon-list-item\">\n\t\t\t\t\t\t\t\t\t\t\t<span class=\"elementor-icon-list-icon\">\n\t\t\t\t\t\t\t<svg aria-hidden=\"true\" class=\"e-font-icon-svg e-fas-map-marker-alt\" viewbox=\"0 0 384 512\" xmlns=\"http:\/\/www.w3.org\/2000\/svg\"><path d=\"M172.268 501.67C26.97 291.031 0 269.413 0 192 0 85.961 85.961 0 192 0s192 85.961 192 192c0 77.413-26.97 99.031-172.268 309.67-9.535 13.774-29.93 13.773-39.464 0zM192 272c44.183 0 80-35.817 80-80s-35.817-80-80-80-80 35.817-80 80 35.817 80 80 80z\"><\/path><\/svg>\t\t\t\t\t\t<\/span>\n\t\t\t\t\t\t\t\t\t\t<span class=\"elementor-icon-list-text\">Narvik 80 km<\/span>\n\t\t\t\t\t\t\t\t\t<\/li>\n\t\t\t\t\t\t\t\t<li class=\"elementor-icon-list-item\">\n\t\t\t\t\t\t\t\t\t\t\t<span class=\"elementor-icon-list-icon\">\n\t\t\t\t\t\t\t<svg aria-hidden=\"true\" class=\"e-font-icon-svg e-fas-map-marker-alt\" viewbox=\"0 0 384 512\" xmlns=\"http:\/\/www.w3.org\/2000\/svg\"><path d=\"M172.268 501.67C26.97 291.031 0 269.413 0 192 0 85.961 85.961 0 192 0s192 85.961 192 192c0 77.413-26.97 99.031-172.268 309.67-9.535 13.774-29.93 13.773-39.464 0zM192 272c44.183 0 80-35.817 80-80s-35.817-80-80-80-80 35.817-80 80 35.817 80 80 80z\"><\/path><\/svg>\t\t\t\t\t\t<\/span>\n\t\t\t\t\t\t\t\t\t\t<span class=\"elementor-icon-list-text\">Harstad: 150 km<\/span>\n\t\t\t\t\t\t\t\t\t<\/li>\n\t\t\t\t\t\t\t\t<li class=\"elementor-icon-list-item\">\n\t\t\t\t\t\t\t\t\t\t\t<span class=\"elementor-icon-list-icon\">\n\t\t\t\t\t\t\t<svg aria-hidden=\"true\" class=\"e-font-icon-svg e-fas-map-marker-alt\" viewbox=\"0 0 384 512\" xmlns=\"http:\/\/www.w3.org\/2000\/svg\"><path d=\"M172.268 501.67C26.97 291.031 0 269.413 0 192 0 85.961 85.961 0 192 0s192 85.961 192 192c0 77.413-26.97 99.031-172.268 309.67-9.535 13.774-29.93 13.773-39.464 0zM192 272c44.183 0 80-35.817 80-80s-35.817-80-80-80-80 35.817-80 80 35.817 80 80 80z\"><\/path><\/svg>\t\t\t\t\t\t<\/span>\n\t\t\t\t\t\t\t\t\t\t<span class=\"elementor-icon-list-text\">Troms\u00f8 200 km<\/span>\n\t\t\t\t\t\t\t\t\t<\/li>\n\t\t\t\t\t\t\t\t<li class=\"elementor-icon-list-item\">\n\t\t\t\t\t\t\t\t\t\t\t<span class=\"elementor-icon-list-icon\">\n\t\t\t\t\t\t\t<svg aria-hidden=\"true\" class=\"e-font-icon-svg e-fas-map-marker-alt\" viewbox=\"0 0 384 512\" xmlns=\"http:\/\/www.w3.org\/2000\/svg\"><path d=\"M172.268 501.67C26.97 291.031 0 269.413 0 192 0 85.961 85.961 0 192 0s192 85.961 192 192c0 77.413-26.97 99.031-172.268 309.67-9.535 13.774-29.93 13.773-39.464 0zM192 272c44.183 0 80-35.817 80-80s-35.817-80-80-80-80 35.817-80 80 35.817 80 80 80z\"><\/path><\/svg>\t\t\t\t\t\t<\/span>\n\t\t\t\t\t\t\t\t\t\t<span class=\"elementor-icon-list-text\">Senja (Silsand): 67 km <\/span>\n\t\t\t\t\t\t\t\t\t<\/li>\n\t\t\t\t\t\t<\/ul>\n\t\t\t\t\t\t<\/div>\n\t\t\t\t<\/div>\n\t\t\t\t<\/div>\n\t\t\t\t<\/div>\n\t\t\t\t<\/div>","protected":false},"excerpt":{"rendered":"<p>Alternativ Assistanse AS utvidet i 2024 sin virksomhet til \u00e5 ogs\u00e5 omfatte utleie av bil. Vi er lokalisert i Salangen kommune i Troms fylke. Alas er en forkortelse av Alternativ Assistanse. Eier og driver er Lill-Eva Jenssen. Leiebil kan hentes og leveres der du m\u00e5tte \u00f8nske. Fra v\u00e5r adresse p\u00e5 Salangsverket er det 7 km [&hellip;]<\/p>\n","protected":false},"author":1,"featured_media":0,"parent":0,"menu_order":0,"comment_status":"closed","ping_status":"closed","template":"","meta":{"_acf_changed":false,"footnotes":""},"class_list":["post-643","page","type-page","status-publish","hentry"],"acf":[],"yoast_head":"<!-- This site is optimized with the Yoast SEO plugin v27.3 - https:\/\/yoast.com\/product\/yoast-seo-wordpress\/ -->\n<title>Om Alas Leiebil - Alas Leiebil<\/title>\n<meta name=\"description\" content=\"Alas Leiebil tilbyr fleksibel bilutleie i Salangen, Troms. Henting og levering der du \u00f8nsker. Sentral beliggenhet mellom Bardufoss og Evenes.\" \/>\n<meta name=\"robots\" content=\"index, follow, max-snippet:-1, max-image-preview:large, max-video-preview:-1\" \/>\n<link rel=\"canonical\" href=\"https:\/\/www.alas.no\/it\/sullautonoleggio-alas\/\" \/>\n<meta property=\"og:locale\" content=\"it_IT\" \/>\n<meta property=\"og:type\" content=\"article\" \/>\n<meta property=\"og:title\" content=\"Om Alas Leiebil - Alas Leiebil\" \/>\n<meta property=\"og:description\" content=\"Alas Leiebil tilbyr fleksibel bilutleie i Salangen, Troms. Henting og levering der du \u00f8nsker. Sentral beliggenhet mellom Bardufoss og Evenes.\" \/>\n<meta property=\"og:url\" content=\"https:\/\/www.alas.no\/it\/sullautonoleggio-alas\/\" \/>\n<meta property=\"og:site_name\" content=\"Alas Leiebil\" \/>\n<meta property=\"article:modified_time\" content=\"2024-10-18T13:46:26+00:00\" \/>\n<meta property=\"og:image\" content=\"https:\/\/mlyn8ia8asew.i.optimole.com\/w:auto\/h:auto\/q:mauto\/f:best\/https:\/\/www.alas.no\/wp-content\/uploads\/2024\/10\/facebook-bilde-2.png\" \/>\n\t<meta property=\"og:image:width\" content=\"1200\" \/>\n\t<meta property=\"og:image:height\" content=\"628\" \/>\n\t<meta property=\"og:image:type\" content=\"image\/png\" \/>\n<meta name=\"twitter:card\" content=\"summary_large_image\" \/>\n<meta name=\"twitter:label1\" content=\"Tempo di lettura stimato\" \/>\n\t<meta name=\"twitter:data1\" content=\"1 minuto\" \/>\n<script type=\"application\/ld+json\" class=\"yoast-schema-graph\">{\"@context\":\"https:\\\/\\\/schema.org\",\"@graph\":[{\"@type\":\"WebPage\",\"@id\":\"https:\\\/\\\/www.alas.no\\\/om-alas-leiebil\\\/\",\"url\":\"https:\\\/\\\/www.alas.no\\\/om-alas-leiebil\\\/\",\"name\":\"Om Alas Leiebil - Alas Leiebil\",\"isPartOf\":{\"@id\":\"https:\\\/\\\/www.alas.no\\\/#website\"},\"datePublished\":\"2024-09-06T13:22:06+00:00\",\"dateModified\":\"2024-10-18T13:46:26+00:00\",\"description\":\"Alas Leiebil tilbyr fleksibel bilutleie i Salangen, Troms. Henting og levering der du \u00f8nsker. Sentral beliggenhet mellom Bardufoss og Evenes.\",\"breadcrumb\":{\"@id\":\"https:\\\/\\\/www.alas.no\\\/om-alas-leiebil\\\/#breadcrumb\"},\"inLanguage\":\"it-IT\",\"potentialAction\":[{\"@type\":\"ReadAction\",\"target\":[\"https:\\\/\\\/www.alas.no\\\/om-alas-leiebil\\\/\"]}]},{\"@type\":\"BreadcrumbList\",\"@id\":\"https:\\\/\\\/www.alas.no\\\/om-alas-leiebil\\\/#breadcrumb\",\"itemListElement\":[{\"@type\":\"ListItem\",\"position\":1,\"name\":\"Home\",\"item\":\"https:\\\/\\\/www.alas.no\\\/\"},{\"@type\":\"ListItem\",\"position\":2,\"name\":\"Om Alas Leiebil\"}]},{\"@type\":\"WebSite\",\"@id\":\"https:\\\/\\\/www.alas.no\\\/#website\",\"url\":\"https:\\\/\\\/www.alas.no\\\/\",\"name\":\"Alas Leiebil\",\"description\":\"My website\",\"potentialAction\":[{\"@type\":\"SearchAction\",\"target\":{\"@type\":\"EntryPoint\",\"urlTemplate\":\"https:\\\/\\\/www.alas.no\\\/?s={search_term_string}\"},\"query-input\":{\"@type\":\"PropertyValueSpecification\",\"valueRequired\":true,\"valueName\":\"search_term_string\"}}],\"inLanguage\":\"it-IT\"}]}<\/script>\n<!-- \/ Yoast SEO plugin. -->","yoast_head_json":{"title":"Informazioni sull'autonoleggio Alas - Autonoleggio Alas","description":"Alas Car Hire offre un noleggio auto flessibile a Salangen, Troms. Ritiro e consegna ovunque vogliate. Situato in posizione centrale tra Bardufoss e Evenes.","robots":{"index":"index","follow":"follow","max-snippet":"max-snippet:-1","max-image-preview":"max-image-preview:large","max-video-preview":"max-video-preview:-1"},"canonical":"https:\/\/www.alas.no\/it\/sullautonoleggio-alas\/","og_locale":"it_IT","og_type":"article","og_title":"Om Alas Leiebil - Alas Leiebil","og_description":"Alas Leiebil tilbyr fleksibel bilutleie i Salangen, Troms. Henting og levering der du \u00f8nsker. Sentral beliggenhet mellom Bardufoss og Evenes.","og_url":"https:\/\/www.alas.no\/it\/sullautonoleggio-alas\/","og_site_name":"Alas Leiebil","article_modified_time":"2024-10-18T13:46:26+00:00","og_image":[{"width":1200,"height":628,"url":"https:\/\/mlyn8ia8asew.i.optimole.com\/w:auto\/h:auto\/q:mauto\/f:best\/https:\/\/www.alas.no\/wp-content\/uploads\/2024\/10\/facebook-bilde-2.png","type":"image\/png"}],"twitter_card":"summary_large_image","twitter_misc":{"Tempo di lettura stimato":"1 minuto"},"schema":{"@context":"https:\/\/schema.org","@graph":[{"@type":"WebPage","@id":"https:\/\/www.alas.no\/om-alas-leiebil\/","url":"https:\/\/www.alas.no\/om-alas-leiebil\/","name":"Informazioni sull'autonoleggio Alas - Autonoleggio Alas","isPartOf":{"@id":"https:\/\/www.alas.no\/#website"},"datePublished":"2024-09-06T13:22:06+00:00","dateModified":"2024-10-18T13:46:26+00:00","description":"Alas Car Hire offre un noleggio auto flessibile a Salangen, Troms. Ritiro e consegna ovunque vogliate. Situato in posizione centrale tra Bardufoss e Evenes.","breadcrumb":{"@id":"https:\/\/www.alas.no\/om-alas-leiebil\/#breadcrumb"},"inLanguage":"it-IT","potentialAction":[{"@type":"ReadAction","target":["https:\/\/www.alas.no\/om-alas-leiebil\/"]}]},{"@type":"BreadcrumbList","@id":"https:\/\/www.alas.no\/om-alas-leiebil\/#breadcrumb","itemListElement":[{"@type":"ListItem","position":1,"name":"Home","item":"https:\/\/www.alas.no\/"},{"@type":"ListItem","position":2,"name":"Om Alas Leiebil"}]},{"@type":"WebSite","@id":"https:\/\/www.alas.no\/#website","url":"https:\/\/www.alas.no\/","name":"Noleggio auto Alas","description":"Il mio sito web","potentialAction":[{"@type":"SearchAction","target":{"@type":"EntryPoint","urlTemplate":"https:\/\/www.alas.no\/?s={search_term_string}"},"query-input":{"@type":"PropertyValueSpecification","valueRequired":true,"valueName":"search_term_string"}}],"inLanguage":"it-IT"}]}},"_links":{"self":[{"href":"https:\/\/www.alas.no\/it\/wp-json\/wp\/v2\/pages\/643","targetHints":{"allow":["GET"]}}],"collection":[{"href":"https:\/\/www.alas.no\/it\/wp-json\/wp\/v2\/pages"}],"about":[{"href":"https:\/\/www.alas.no\/it\/wp-json\/wp\/v2\/types\/page"}],"author":[{"embeddable":true,"href":"https:\/\/www.alas.no\/it\/wp-json\/wp\/v2\/users\/1"}],"replies":[{"embeddable":true,"href":"https:\/\/www.alas.no\/it\/wp-json\/wp\/v2\/comments?post=643"}],"version-history":[{"count":38,"href":"https:\/\/www.alas.no\/it\/wp-json\/wp\/v2\/pages\/643\/revisions"}],"predecessor-version":[{"id":1733,"href":"https:\/\/www.alas.no\/it\/wp-json\/wp\/v2\/pages\/643\/revisions\/1733"}],"wp:attachment":[{"href":"https:\/\/www.alas.no\/it\/wp-json\/wp\/v2\/media?parent=643"}],"curies":[{"name":"wp","href":"https:\/\/api.w.org\/{rel}","templated":true}]}}