{"id":109,"date":"2024-08-26T09:40:05","date_gmt":"2024-08-26T09:40:05","guid":{"rendered":"https:\/\/www.alas.no\/terms-conditions\/"},"modified":"2025-06-16T05:59:18","modified_gmt":"2025-06-16T05:59:18","slug":"termini-e-condizioni-dellautonoleggio-alas","status":"publish","type":"page","link":"https:\/\/www.alas.no\/it\/vilkar-og-betingelser-hos-alas-leiebil\/","title":{"rendered":"Termini e condizioni presso Alas Auto a noleggio"},"content":{"rendered":"<div data-elementor-type=\"wp-page\" data-elementor-id=\"109\" class=\"elementor elementor-109\" data-elementor-post-type=\"page\">\n\t\t\t\t<div class=\"elementor-element elementor-element-2ad4690b e-con-full e-flex e-con e-parent\" data-id=\"2ad4690b\" data-element_type=\"container\" data-e-type=\"container\">\n\t\t\t\t<div class=\"elementor-element elementor-element-4eb6e0d4 elementor-widget elementor-widget-text-editor\" data-id=\"4eb6e0d4\" data-element_type=\"widget\" data-e-type=\"widget\" id=\"vilkaar-text\" data-widget_type=\"text-editor.default\">\n\t\t\t\t<div class=\"elementor-widget-container\">\n\t\t\t\t\t\t\t\t\t<p>I presenti termini e condizioni regolano il noleggio di auto con Alternativ Assistanse\/Alas Rent a Car. <br \/>Noleggiando un'auto da Alternativ Assistanse, accettate di rispettare queste condizioni.<\/p><h2>Termini e condizioni generali<\/h2><p>L'inquilino deve presentare una patente di guida valida al momento della firma del contratto di locazione.<\/p><p>Si applicano i chilometri gratuiti.<\/p><p>Nell'autonoleggio non sono ammessi cani, animali domestici o fumatori.<\/p><p>In caso di difetti dell'auto a noleggio, il contratto di noleggio terminer\u00e0 immediatamente a partire dalla data di segnalazione del danno.<\/p><h2>Pagamento per il periodo di noleggio<\/h2><p>Il noleggio viene pagato in anticipo tramite il sistema di prenotazione dell'azienda o i servizi di pagamento. <br \/>Se il noleggio dell'auto viene cancellato fino a 24 ore prima dell'inizio del noleggio, verr\u00e0 rimborsato il 50 % dell'importo del noleggio.<\/p><h2>Consegna del noleggio auto<\/h2><p>L'auto a noleggio viene messa a disposizione all'indirizzo del locatore a partire dall'ora concordata per il ritiro. Se l'auto a noleggio non viene ritirata entro 8 ore dalla messa a disposizione, il locatore pu\u00f2 rescindere il contratto con effetto immediato se non viene contattato il locatario. Il locatore ha diritto al canone di locazione stabilito nel contratto.<\/p><p>Se il noleggio dell'auto \u00e8 stato concordato per la consegna in un luogo diverso dall'indirizzo del locatore, si applica il primo paragrafo con un orario di ritiro di 3 ore.<\/p><p>Al momento della consegna, l'oggetto a noleggio deve essere funzionante e con una capacit\u00e0 di batteria sufficiente.<\/p><p>Il locatario effettua un'ispezione di ricevimento dell'auto a noleggio insieme al locatore o al suo rappresentante prima che l'auto venga messa in uso. Eventuali deviazioni, danni o osservazioni vengono documentati per iscritto e con foto da entrambe le parti. I danni che si verificano durante il periodo di noleggio saranno addebitati al locatario.<\/p><h2>Restituzione dell'auto a noleggio<\/h2><p>Il locatario \u00e8 tenuto a restituire l'auto a noleggio all'indirizzo del locatore, salvo diverso accordo scritto. L'auto a noleggio deve essere nelle stesse condizioni in cui \u00e8 stata consegnata e deve avere la stessa capacit\u00e0 della batteria di quando \u00e8 stata consegnata. Se la capacit\u00e0 della batteria \u00e8 inferiore a quella del momento della consegna, al locatario verr\u00e0 addebitato un costo di 500 NOK. 500,- <br \/>Se l'auto a noleggio viene restituita pi\u00f9 tardi di quanto concordato, ci\u00f2 pu\u00f2 comportare costi aggiuntivi.<\/p><h2>Fatturazione<\/h2><p>All'inquilino verranno addebitati i costi di pedaggi, biglietti per traghetti, parcheggi, ecc. La fatturazione avverr\u00e0 a posteriori. Anche la franchigia in caso di danni sar\u00e0 fatturata a posteriori.<\/p><h2>Assicurazioni<\/h2><p>Il locatore ha stipulato un'assicurazione contro gli infortuni, gli incendi e la responsabilit\u00e0 civile. In caso di danni coperti dall'assicurazione, all'inquilino verr\u00e0 addebitata una franchigia fino a 15.000 NOK. 15.000. Altri danni causati da negligenza grave, intossicazione o simili, non coperti dall'assicurazione, saranno addebitati interamente all'inquilino.<\/p><p>In caso di danni, assistenza stradale o guasti al veicolo, il locatario deve informare immediatamente la societ\u00e0 di noleggio.<\/p><p><strong>Informazioni di contatto:<\/strong><\/p><p>E-mail: <a href=\"mailto:post@alas.no\">post@alas.no<\/a><\/p><p>Tel: 77 17 17 17<\/p><p>Sito web: <a href=\"http:\/\/www.alas.no\">www.alas.no<\/a><\/p>\t\t\t\t\t\t\t\t<\/div>\n\t\t\t\t<\/div>\n\t\t\t\t<\/div>\n\t\t\t\t<\/div>","protected":false},"excerpt":{"rendered":"<p>Disse vilk\u00e5rene regulerer leie av bil hos Alternativ Assistanse\/Alas leiebil. Ved \u00e5 leie bil fra Alternativ Assistanse samtykker du i \u00e5 overholde disse vilk\u00e5rene. Generelle vilk\u00e5r Leietaker m\u00e5 fremvise gyldig f\u00f8rerkort ved inng\u00e5else av leiekontrakt. Fri kilometer gjelder. Hunder, kj\u00e6ledyr eller r\u00f8yking er ikke tillatt i leiebilen. Dersom det skulle oppst\u00e5 feil p\u00e5 leiebil, opph\u00f8rer [&hellip;]<\/p>\n","protected":false},"author":1,"featured_media":0,"parent":0,"menu_order":0,"comment_status":"closed","ping_status":"closed","template":"","meta":{"_acf_changed":false,"footnotes":""},"class_list":["post-109","page","type-page","status-publish","hentry"],"acf":[],"yoast_head":"<!-- This site is optimized with the Yoast SEO plugin v27.4 - https:\/\/yoast.com\/product\/yoast-seo-wordpress\/ -->\n<title>Vilk\u00e5r og betingelser hos Alas Leiebil hos Alas Leiebil<\/title>\n<meta name=\"description\" content=\"Les vilk\u00e5r og betingelser hos Alas Leiebil: betaling, utlevering, retur, forsikring, og regler for skader og kj\u00f8ret\u00f8ybruk\" \/>\n<meta name=\"robots\" content=\"index, follow, max-snippet:-1, max-image-preview:large, max-video-preview:-1\" \/>\n<link rel=\"canonical\" href=\"https:\/\/www.alas.no\/it\/termini-e-condizioni-dellautonoleggio-alas\/\" \/>\n<meta property=\"og:locale\" content=\"it_IT\" \/>\n<meta property=\"og:type\" content=\"article\" \/>\n<meta property=\"og:title\" content=\"Vilk\u00e5r og betingelser hos Alas Leiebil hos Alas Leiebil\" \/>\n<meta property=\"og:description\" content=\"Les vilk\u00e5r og betingelser hos Alas Leiebil: betaling, utlevering, retur, forsikring, og regler for skader og kj\u00f8ret\u00f8ybruk\" \/>\n<meta property=\"og:url\" content=\"https:\/\/www.alas.no\/it\/termini-e-condizioni-dellautonoleggio-alas\/\" \/>\n<meta property=\"og:site_name\" content=\"Alas Leiebil\" \/>\n<meta property=\"article:modified_time\" content=\"2025-06-16T05:59:18+00:00\" \/>\n<meta property=\"og:image\" content=\"https:\/\/mlyn8ia8asew.i.optimole.com\/w:auto\/h:auto\/q:mauto\/f:best\/https:\/\/www.alas.no\/wp-content\/uploads\/2024\/10\/facebook-bilde-2.png\" \/>\n\t<meta property=\"og:image:width\" content=\"1200\" \/>\n\t<meta property=\"og:image:height\" content=\"628\" \/>\n\t<meta property=\"og:image:type\" content=\"image\/png\" \/>\n<meta name=\"twitter:card\" content=\"summary_large_image\" \/>\n<meta name=\"twitter:label1\" content=\"Tempo di lettura stimato\" \/>\n\t<meta name=\"twitter:data1\" content=\"2 minuti\" \/>\n<script type=\"application\/ld+json\" class=\"yoast-schema-graph\">{\"@context\":\"https:\\\/\\\/schema.org\",\"@graph\":[{\"@type\":\"WebPage\",\"@id\":\"https:\\\/\\\/www.alas.no\\\/vilkar-og-betingelser-hos-alas-leiebil\\\/\",\"url\":\"https:\\\/\\\/www.alas.no\\\/vilkar-og-betingelser-hos-alas-leiebil\\\/\",\"name\":\"Vilk\u00e5r og betingelser hos Alas Leiebil hos Alas Leiebil\",\"isPartOf\":{\"@id\":\"https:\\\/\\\/www.alas.no\\\/#website\"},\"datePublished\":\"2024-08-26T09:40:05+00:00\",\"dateModified\":\"2025-06-16T05:59:18+00:00\",\"description\":\"Les vilk\u00e5r og betingelser hos Alas Leiebil: betaling, utlevering, retur, forsikring, og regler for skader og kj\u00f8ret\u00f8ybruk\",\"breadcrumb\":{\"@id\":\"https:\\\/\\\/www.alas.no\\\/vilkar-og-betingelser-hos-alas-leiebil\\\/#breadcrumb\"},\"inLanguage\":\"it-IT\",\"potentialAction\":[{\"@type\":\"ReadAction\",\"target\":[\"https:\\\/\\\/www.alas.no\\\/vilkar-og-betingelser-hos-alas-leiebil\\\/\"]}]},{\"@type\":\"BreadcrumbList\",\"@id\":\"https:\\\/\\\/www.alas.no\\\/vilkar-og-betingelser-hos-alas-leiebil\\\/#breadcrumb\",\"itemListElement\":[{\"@type\":\"ListItem\",\"position\":1,\"name\":\"Home\",\"item\":\"https:\\\/\\\/www.alas.no\\\/\"},{\"@type\":\"ListItem\",\"position\":2,\"name\":\"Vilk\u00e5r og betingelser hos Alas Leiebil\"}]},{\"@type\":\"WebSite\",\"@id\":\"https:\\\/\\\/www.alas.no\\\/#website\",\"url\":\"https:\\\/\\\/www.alas.no\\\/\",\"name\":\"Alas Leiebil\",\"description\":\"My website\",\"potentialAction\":[{\"@type\":\"SearchAction\",\"target\":{\"@type\":\"EntryPoint\",\"urlTemplate\":\"https:\\\/\\\/www.alas.no\\\/?s={search_term_string}\"},\"query-input\":{\"@type\":\"PropertyValueSpecification\",\"valueRequired\":true,\"valueName\":\"search_term_string\"}}],\"inLanguage\":\"it-IT\"}]}<\/script>\n<!-- \/ Yoast SEO plugin. -->","yoast_head_json":{"title":"Termini e condizioni dell'Autonoleggio Alas all'Autonoleggio Alas","description":"Leggete i termini e le condizioni di Alas Car Hire: pagamento, consegna, restituzione, assicurazione e regole per i danni e l'utilizzo del veicolo.","robots":{"index":"index","follow":"follow","max-snippet":"max-snippet:-1","max-image-preview":"max-image-preview:large","max-video-preview":"max-video-preview:-1"},"canonical":"https:\/\/www.alas.no\/it\/termini-e-condizioni-dellautonoleggio-alas\/","og_locale":"it_IT","og_type":"article","og_title":"Vilk\u00e5r og betingelser hos Alas Leiebil hos Alas Leiebil","og_description":"Les vilk\u00e5r og betingelser hos Alas Leiebil: betaling, utlevering, retur, forsikring, og regler for skader og kj\u00f8ret\u00f8ybruk","og_url":"https:\/\/www.alas.no\/it\/termini-e-condizioni-dellautonoleggio-alas\/","og_site_name":"Alas Leiebil","article_modified_time":"2025-06-16T05:59:18+00:00","og_image":[{"width":1200,"height":628,"url":"https:\/\/mlyn8ia8asew.i.optimole.com\/w:auto\/h:auto\/q:mauto\/f:best\/https:\/\/www.alas.no\/wp-content\/uploads\/2024\/10\/facebook-bilde-2.png","type":"image\/png"}],"twitter_card":"summary_large_image","twitter_misc":{"Tempo di lettura stimato":"2 minuti"},"schema":{"@context":"https:\/\/schema.org","@graph":[{"@type":"WebPage","@id":"https:\/\/www.alas.no\/vilkar-og-betingelser-hos-alas-leiebil\/","url":"https:\/\/www.alas.no\/vilkar-og-betingelser-hos-alas-leiebil\/","name":"Termini e condizioni dell'Autonoleggio Alas all'Autonoleggio Alas","isPartOf":{"@id":"https:\/\/www.alas.no\/#website"},"datePublished":"2024-08-26T09:40:05+00:00","dateModified":"2025-06-16T05:59:18+00:00","description":"Leggete i termini e le condizioni di Alas Car Hire: pagamento, consegna, restituzione, assicurazione e regole per i danni e l'utilizzo del veicolo.","breadcrumb":{"@id":"https:\/\/www.alas.no\/vilkar-og-betingelser-hos-alas-leiebil\/#breadcrumb"},"inLanguage":"it-IT","potentialAction":[{"@type":"ReadAction","target":["https:\/\/www.alas.no\/vilkar-og-betingelser-hos-alas-leiebil\/"]}]},{"@type":"BreadcrumbList","@id":"https:\/\/www.alas.no\/vilkar-og-betingelser-hos-alas-leiebil\/#breadcrumb","itemListElement":[{"@type":"ListItem","position":1,"name":"Home","item":"https:\/\/www.alas.no\/"},{"@type":"ListItem","position":2,"name":"Vilk\u00e5r og betingelser hos Alas Leiebil"}]},{"@type":"WebSite","@id":"https:\/\/www.alas.no\/#website","url":"https:\/\/www.alas.no\/","name":"Noleggio auto Alas","description":"Il mio sito web","potentialAction":[{"@type":"SearchAction","target":{"@type":"EntryPoint","urlTemplate":"https:\/\/www.alas.no\/?s={search_term_string}"},"query-input":{"@type":"PropertyValueSpecification","valueRequired":true,"valueName":"search_term_string"}}],"inLanguage":"it-IT"}]}},"_links":{"self":[{"href":"https:\/\/www.alas.no\/it\/wp-json\/wp\/v2\/pages\/109","targetHints":{"allow":["GET"]}}],"collection":[{"href":"https:\/\/www.alas.no\/it\/wp-json\/wp\/v2\/pages"}],"about":[{"href":"https:\/\/www.alas.no\/it\/wp-json\/wp\/v2\/types\/page"}],"author":[{"embeddable":true,"href":"https:\/\/www.alas.no\/it\/wp-json\/wp\/v2\/users\/1"}],"replies":[{"embeddable":true,"href":"https:\/\/www.alas.no\/it\/wp-json\/wp\/v2\/comments?post=109"}],"version-history":[{"count":32,"href":"https:\/\/www.alas.no\/it\/wp-json\/wp\/v2\/pages\/109\/revisions"}],"predecessor-version":[{"id":1895,"href":"https:\/\/www.alas.no\/it\/wp-json\/wp\/v2\/pages\/109\/revisions\/1895"}],"wp:attachment":[{"href":"https:\/\/www.alas.no\/it\/wp-json\/wp\/v2\/media?parent=109"}],"curies":[{"name":"wp","href":"https:\/\/api.w.org\/{rel}","templated":true}]}}