{"id":776,"date":"2024-09-10T11:31:10","date_gmt":"2024-09-10T11:31:10","guid":{"rendered":"https:\/\/www.alas.no\/?page_id=776"},"modified":"2024-10-18T13:52:13","modified_gmt":"2024-10-18T13:52:13","slug":"modele-de-voie-commune","status":"publish","type":"page","link":"https:\/\/www.alas.no\/fr\/vanlige-sporsmal\/","title":{"rendered":"Questions courantes"},"content":{"rendered":"<div data-elementor-type=\"wp-page\" data-elementor-id=\"776\" class=\"elementor elementor-776\" data-elementor-post-type=\"page\">\n\t\t\t\t<div class=\"elementor-element elementor-element-ff27bcc e-con-full e-flex e-con e-parent\" data-id=\"ff27bcc\" data-element_type=\"container\" data-e-type=\"container\">\n\t\t\t\t<div class=\"elementor-element elementor-element-a6ab6c9 elementor-widget elementor-widget-n-accordion\" data-id=\"a6ab6c9\" data-element_type=\"widget\" data-e-type=\"widget\" data-settings=\"{&quot;default_state&quot;:&quot;expanded&quot;,&quot;max_items_expended&quot;:&quot;one&quot;,&quot;n_accordion_animation_duration&quot;:{&quot;unit&quot;:&quot;ms&quot;,&quot;size&quot;:400,&quot;sizes&quot;:[]}}\" data-widget_type=\"nested-accordion.default\">\n\t\t\t\t<div class=\"elementor-widget-container\">\n\t\t\t\t\t\t\t<div class=\"e-n-accordion\" aria-label=\"Accord\u00e9on. Ouvrez les liens avec Enter ou Space, fermez-les avec Escape et naviguez avec les touches fl\u00e9ch\u00e9es.\">\n\t\t\t\t\t\t<details id=\"e-n-accordion-item-1740\" class=\"e-n-accordion-item\" open>\n\t\t\t\t<summary class=\"e-n-accordion-item-title\" data-accordion-index=\"1\" tabindex=\"0\" aria-expanded=\"true\" aria-controls=\"e-n-accordion-item-1740\" >\n\t\t\t\t\t<span class='e-n-accordion-item-title-header'><div class=\"e-n-accordion-item-title-text\"> Puis-je trouver une voiture de location Ala \u00e0 l'A\u00e9roport de Bardufoss et \u00e0 l'A\u00e9roport de Harstad\/Narvik Evenes ? <\/div><\/span>\n\t\t\t\t\t\t\t<span class='e-n-accordion-item-title-icon'>\n\t\t\t<span class='e-opened' ><svg aria-hidden=\"true\" class=\"e-font-icon-svg e-fas-minus\" viewbox=\"0 0 448 512\" xmlns=\"http:\/\/www.w3.org\/2000\/svg\"><path d=\"M416 208H32c-17.67 0-32 14.33-32 32v32c0 17.67 14.33 32 32 32h384c17.67 0 32-14.33 32-32v-32c0-17.67-14.33-32-32-32z\"><\/path><\/svg><\/span>\n\t\t\t<span class='e-closed'><svg aria-hidden=\"true\" class=\"e-font-icon-svg e-fas-plus\" viewbox=\"0 0 448 512\" xmlns=\"http:\/\/www.w3.org\/2000\/svg\"><path d=\"M416 208H272V64c0-17.67-14.33-32-32-32h-32c-17.67 0-32 14.33-32 32v144H32c-17.67 0-32 14.33-32 32v32c0 17.67 14.33 32 32 32h144v144c0 17.67 14.33 32 32 32h32c17.67 0 32-14.33 32-32V304h144c17.67 0 32-14.33 32-32v-32c0-17.67-14.33-32-32-32z\"><\/path><\/svg><\/span>\n\t\t<\/span>\n\n\t\t\t\t\t\t<\/summary>\n\t\t\t\t<div role=\"region\" aria-labelledby=\"e-n-accordion-item-1740\" class=\"elementor-element elementor-element-8396303 e-con-full e-flex e-con e-child\" data-id=\"8396303\" data-element_type=\"container\" data-e-type=\"container\">\n\t\t\t\t<div class=\"elementor-element elementor-element-65f46ac elementor-widget elementor-widget-text-editor\" data-id=\"65f46ac\" data-element_type=\"widget\" data-e-type=\"widget\" data-widget_type=\"text-editor.default\">\n\t\t\t\t<div class=\"elementor-widget-container\">\n\t\t\t\t\t\t\t\t\t<p>Nous n'avons pas d'agences dans les a\u00e9roports ni de voitures disponibles, sauf si vous avez r\u00e9serv\u00e9 une voiture de location \u00e0 l'avance. Nous pouvons vous livrer la voiture o\u00f9 vous le souhaitez, de plus amples informations sur ce service sont disponibles sur le site Internet.<\/p>\t\t\t\t\t\t\t\t<\/div>\n\t\t\t\t<\/div>\n\t\t\t\t<\/div>\n\t\t\t\t\t<\/details>\n\t\t\t\t\t\t<details id=\"e-n-accordion-item-1741\" class=\"e-n-accordion-item\" >\n\t\t\t\t<summary class=\"e-n-accordion-item-title\" data-accordion-index=\"2\" tabindex=\"-1\" aria-expanded=\"false\" aria-controls=\"e-n-accordion-item-1741\" >\n\t\t\t\t\t<span class='e-n-accordion-item-title-header'><div class=\"e-n-accordion-item-title-text\"> J'arrive \u00e0 Troms\u00f8 en avion, je reste dans la ville de Troms\u00f8 pendant quelques jours, avant de me rendre \u00e0 Salangen. Une fois les vacances termin\u00e9es, je rentre chez moi depuis l\u2019a\u00e9roport d\u2019Evenes. Est-il possible de se faire livrer une voiture de location \u00e0 Troms\u00f8, puis de la remettre \u00e0 Evenes ? <\/div><\/span>\n\t\t\t\t\t\t\t<span class='e-n-accordion-item-title-icon'>\n\t\t\t<span class='e-opened' ><svg aria-hidden=\"true\" class=\"e-font-icon-svg e-fas-minus\" viewbox=\"0 0 448 512\" xmlns=\"http:\/\/www.w3.org\/2000\/svg\"><path d=\"M416 208H32c-17.67 0-32 14.33-32 32v32c0 17.67 14.33 32 32 32h384c17.67 0 32-14.33 32-32v-32c0-17.67-14.33-32-32-32z\"><\/path><\/svg><\/span>\n\t\t\t<span class='e-closed'><svg aria-hidden=\"true\" class=\"e-font-icon-svg e-fas-plus\" viewbox=\"0 0 448 512\" xmlns=\"http:\/\/www.w3.org\/2000\/svg\"><path d=\"M416 208H272V64c0-17.67-14.33-32-32-32h-32c-17.67 0-32 14.33-32 32v144H32c-17.67 0-32 14.33-32 32v32c0 17.67 14.33 32 32 32h144v144c0 17.67 14.33 32 32 32h32c17.67 0 32-14.33 32-32V304h144c17.67 0 32-14.33 32-32v-32c0-17.67-14.33-32-32-32z\"><\/path><\/svg><\/span>\n\t\t<\/span>\n\n\t\t\t\t\t\t<\/summary>\n\t\t\t\t<div role=\"region\" aria-labelledby=\"e-n-accordion-item-1741\" class=\"elementor-element elementor-element-cf3535d e-con-full e-flex e-con e-child\" data-id=\"cf3535d\" data-element_type=\"container\" data-e-type=\"container\">\n\t\t\t\t<div class=\"elementor-element elementor-element-06a0023 elementor-widget elementor-widget-text-editor\" data-id=\"06a0023\" data-element_type=\"widget\" data-e-type=\"widget\" data-widget_type=\"text-editor.default\">\n\t\t\t\t<div class=\"elementor-widget-container\">\n\t\t\t\t\t\t\t\t\t<p>C'est tout \u00e0 fait possible. Nous livrons et r\u00e9cup\u00e9rons la voiture o\u00f9 vous le souhaitez. Si la location dure plus d'une semaine, vous ne payez rien de plus pour cela.<\/p>\t\t\t\t\t\t\t\t<\/div>\n\t\t\t\t<\/div>\n\t\t\t\t<\/div>\n\t\t\t\t\t<\/details>\n\t\t\t\t\t\t<details id=\"e-n-accordion-item-1742\" class=\"e-n-accordion-item\" >\n\t\t\t\t<summary class=\"e-n-accordion-item-title\" data-accordion-index=\"3\" tabindex=\"-1\" aria-expanded=\"false\" aria-controls=\"e-n-accordion-item-1742\" >\n\t\t\t\t\t<span class='e-n-accordion-item-title-header'><div class=\"e-n-accordion-item-title-text\"> Pourquoi ne puis-je choisir qu'un seul type de voiture lorsque je viens effectuer une r\u00e9servation ? <\/div><\/span>\n\t\t\t\t\t\t\t<span class='e-n-accordion-item-title-icon'>\n\t\t\t<span class='e-opened' ><svg aria-hidden=\"true\" class=\"e-font-icon-svg e-fas-minus\" viewbox=\"0 0 448 512\" xmlns=\"http:\/\/www.w3.org\/2000\/svg\"><path d=\"M416 208H32c-17.67 0-32 14.33-32 32v32c0 17.67 14.33 32 32 32h384c17.67 0 32-14.33 32-32v-32c0-17.67-14.33-32-32-32z\"><\/path><\/svg><\/span>\n\t\t\t<span class='e-closed'><svg aria-hidden=\"true\" class=\"e-font-icon-svg e-fas-plus\" viewbox=\"0 0 448 512\" xmlns=\"http:\/\/www.w3.org\/2000\/svg\"><path d=\"M416 208H272V64c0-17.67-14.33-32-32-32h-32c-17.67 0-32 14.33-32 32v144H32c-17.67 0-32 14.33-32 32v32c0 17.67 14.33 32 32 32h144v144c0 17.67 14.33 32 32 32h32c17.67 0 32-14.33 32-32V304h144c17.67 0 32-14.33 32-32v-32c0-17.67-14.33-32-32-32z\"><\/path><\/svg><\/span>\n\t\t<\/span>\n\n\t\t\t\t\t\t<\/summary>\n\t\t\t\t<div role=\"region\" aria-labelledby=\"e-n-accordion-item-1742\" class=\"elementor-element elementor-element-a886b5c e-con-full e-flex e-con e-child\" data-id=\"a886b5c\" data-element_type=\"container\" data-e-type=\"container\">\n\t\t\t\t<div class=\"elementor-element elementor-element-8b4e025 elementor-widget elementor-widget-text-editor\" data-id=\"8b4e025\" data-element_type=\"widget\" data-e-type=\"widget\" data-widget_type=\"text-editor.default\">\n\t\t\t\t<div class=\"elementor-widget-container\">\n\t\t\t\t\t\t\t\t\t<p>Alternativ Assistanse a \u00e9tendu son activit\u00e9 \u00e0 la location de voitures \u00e0 l'automne 2024 et dispose actuellement d'une voiture \u00e0 louer. Cependant, nous \u00e9tudions constamment la possibilit\u00e9 d'avoir plus de voitures et, \u00e0 terme, notre objectif est de vous proposer diff\u00e9rents types de voitures lors de votre r\u00e9servation.<\/p>\t\t\t\t\t\t\t\t<\/div>\n\t\t\t\t<\/div>\n\t\t\t\t<\/div>\n\t\t\t\t\t<\/details>\n\t\t\t\t\t\t<details id=\"e-n-accordion-item-1743\" class=\"e-n-accordion-item\" >\n\t\t\t\t<summary class=\"e-n-accordion-item-title\" data-accordion-index=\"4\" tabindex=\"-1\" aria-expanded=\"false\" aria-controls=\"e-n-accordion-item-1743\" >\n\t\t\t\t\t<span class='e-n-accordion-item-title-header'><div class=\"e-n-accordion-item-title-text\"> Quelles sont les options de paiement disponibles lorsque je loue une voiture ? <\/div><\/span>\n\t\t\t\t\t\t\t<span class='e-n-accordion-item-title-icon'>\n\t\t\t<span class='e-opened' ><svg aria-hidden=\"true\" class=\"e-font-icon-svg e-fas-minus\" viewbox=\"0 0 448 512\" xmlns=\"http:\/\/www.w3.org\/2000\/svg\"><path d=\"M416 208H32c-17.67 0-32 14.33-32 32v32c0 17.67 14.33 32 32 32h384c17.67 0 32-14.33 32-32v-32c0-17.67-14.33-32-32-32z\"><\/path><\/svg><\/span>\n\t\t\t<span class='e-closed'><svg aria-hidden=\"true\" class=\"e-font-icon-svg e-fas-plus\" viewbox=\"0 0 448 512\" xmlns=\"http:\/\/www.w3.org\/2000\/svg\"><path d=\"M416 208H272V64c0-17.67-14.33-32-32-32h-32c-17.67 0-32 14.33-32 32v144H32c-17.67 0-32 14.33-32 32v32c0 17.67 14.33 32 32 32h144v144c0 17.67 14.33 32 32 32h32c17.67 0 32-14.33 32-32V304h144c17.67 0 32-14.33 32-32v-32c0-17.67-14.33-32-32-32z\"><\/path><\/svg><\/span>\n\t\t<\/span>\n\n\t\t\t\t\t\t<\/summary>\n\t\t\t\t<div role=\"region\" aria-labelledby=\"e-n-accordion-item-1743\" class=\"elementor-element elementor-element-3709347 e-flex e-con-boxed e-con e-child\" data-id=\"3709347\" data-element_type=\"container\" data-e-type=\"container\">\n\t\t\t\t\t<div class=\"e-con-inner\">\n\t\t\t\t<div class=\"elementor-element elementor-element-21a48e9 elementor-widget elementor-widget-text-editor\" data-id=\"21a48e9\" data-element_type=\"widget\" data-e-type=\"widget\" data-widget_type=\"text-editor.default\">\n\t\t\t\t<div class=\"elementor-widget-container\">\n\t\t\t\t\t\t\t\t\t<p>Vous payez le loyer \u00e0 l'avance dans le syst\u00e8me de r\u00e9servation, apr\u00e8s avoir choisi la p\u00e9riode de location. Si vous r\u00e9cup\u00e9rez la voiture le jour m\u00eame o\u00f9 vous nous contactez pour la r\u00e9servation, nous disposons \u00e9galement d'un terminal bancaire.<\/p>\t\t\t\t\t\t\t\t<\/div>\n\t\t\t\t<\/div>\n\t\t\t\t\t<\/div>\n\t\t\t\t<\/div>\n\t\t\t\t\t<\/details>\n\t\t\t\t\t\t<details id=\"e-n-accordion-item-1744\" class=\"e-n-accordion-item\" >\n\t\t\t\t<summary class=\"e-n-accordion-item-title\" data-accordion-index=\"5\" tabindex=\"-1\" aria-expanded=\"false\" aria-controls=\"e-n-accordion-item-1744\" >\n\t\t\t\t\t<span class='e-n-accordion-item-title-header'><div class=\"e-n-accordion-item-title-text\"> Comment puis-je \u00eatre pay\u00e9 pour les forfaits de p\u00e9age que j'ai eus pendant la p\u00e9riode de location ? <\/div><\/span>\n\t\t\t\t\t\t\t<span class='e-n-accordion-item-title-icon'>\n\t\t\t<span class='e-opened' ><svg aria-hidden=\"true\" class=\"e-font-icon-svg e-fas-minus\" viewbox=\"0 0 448 512\" xmlns=\"http:\/\/www.w3.org\/2000\/svg\"><path d=\"M416 208H32c-17.67 0-32 14.33-32 32v32c0 17.67 14.33 32 32 32h384c17.67 0 32-14.33 32-32v-32c0-17.67-14.33-32-32-32z\"><\/path><\/svg><\/span>\n\t\t\t<span class='e-closed'><svg aria-hidden=\"true\" class=\"e-font-icon-svg e-fas-plus\" viewbox=\"0 0 448 512\" xmlns=\"http:\/\/www.w3.org\/2000\/svg\"><path d=\"M416 208H272V64c0-17.67-14.33-32-32-32h-32c-17.67 0-32 14.33-32 32v144H32c-17.67 0-32 14.33-32 32v32c0 17.67 14.33 32 32 32h144v144c0 17.67 14.33 32 32 32h32c17.67 0 32-14.33 32-32V304h144c17.67 0 32-14.33 32-32v-32c0-17.67-14.33-32-32-32z\"><\/path><\/svg><\/span>\n\t\t<\/span>\n\n\t\t\t\t\t\t<\/summary>\n\t\t\t\t<div role=\"region\" aria-labelledby=\"e-n-accordion-item-1744\" class=\"elementor-element elementor-element-3169d63 e-flex e-con-boxed e-con e-child\" data-id=\"3169d63\" data-element_type=\"container\" data-e-type=\"container\">\n\t\t\t\t\t<div class=\"e-con-inner\">\n\t\t\t\t<div class=\"elementor-element elementor-element-6510d95 elementor-widget elementor-widget-text-editor\" data-id=\"6510d95\" data-element_type=\"widget\" data-e-type=\"widget\" data-widget_type=\"text-editor.default\">\n\t\t\t\t<div class=\"elementor-widget-container\">\n\t\t\t\t\t\t\t\t\t<p>Vous pouvez payer cela lors de la livraison de la voiture. Nous disposons d'un terminal bancaire. Alternativement, nous facturerons le montant ult\u00e9rieurement.<\/p>\t\t\t\t\t\t\t\t<\/div>\n\t\t\t\t<\/div>\n\t\t\t\t\t<\/div>\n\t\t\t\t<\/div>\n\t\t\t\t\t<\/details>\n\t\t\t\t\t\t<details id=\"e-n-accordion-item-1745\" class=\"e-n-accordion-item\" >\n\t\t\t\t<summary class=\"e-n-accordion-item-title\" data-accordion-index=\"6\" tabindex=\"-1\" aria-expanded=\"false\" aria-controls=\"e-n-accordion-item-1745\" >\n\t\t\t\t\t<span class='e-n-accordion-item-title-header'><div class=\"e-n-accordion-item-title-text\"> Je veux annuler la voiture de location. Puis-je obtenir un remboursement du montant de la location que j'ai pay\u00e9 ? <\/div><\/span>\n\t\t\t\t\t\t\t<span class='e-n-accordion-item-title-icon'>\n\t\t\t<span class='e-opened' ><svg aria-hidden=\"true\" class=\"e-font-icon-svg e-fas-minus\" viewbox=\"0 0 448 512\" xmlns=\"http:\/\/www.w3.org\/2000\/svg\"><path d=\"M416 208H32c-17.67 0-32 14.33-32 32v32c0 17.67 14.33 32 32 32h384c17.67 0 32-14.33 32-32v-32c0-17.67-14.33-32-32-32z\"><\/path><\/svg><\/span>\n\t\t\t<span class='e-closed'><svg aria-hidden=\"true\" class=\"e-font-icon-svg e-fas-plus\" viewbox=\"0 0 448 512\" xmlns=\"http:\/\/www.w3.org\/2000\/svg\"><path d=\"M416 208H272V64c0-17.67-14.33-32-32-32h-32c-17.67 0-32 14.33-32 32v144H32c-17.67 0-32 14.33-32 32v32c0 17.67 14.33 32 32 32h144v144c0 17.67 14.33 32 32 32h32c17.67 0 32-14.33 32-32V304h144c17.67 0 32-14.33 32-32v-32c0-17.67-14.33-32-32-32z\"><\/path><\/svg><\/span>\n\t\t<\/span>\n\n\t\t\t\t\t\t<\/summary>\n\t\t\t\t<div role=\"region\" aria-labelledby=\"e-n-accordion-item-1745\" class=\"elementor-element elementor-element-18b0415 e-flex e-con-boxed e-con e-child\" data-id=\"18b0415\" data-element_type=\"container\" data-e-type=\"container\">\n\t\t\t\t\t<div class=\"e-con-inner\">\n\t\t\t\t<div class=\"elementor-element elementor-element-75d1c93 elementor-widget elementor-widget-text-editor\" data-id=\"75d1c93\" data-element_type=\"widget\" data-e-type=\"widget\" data-widget_type=\"text-editor.default\">\n\t\t\t\t<div class=\"elementor-widget-container\">\n\t\t\t\t\t\t\t\t\t<p>Si une voiture de location est annul\u00e9e jusqu'\u00e0 24 heures avant le d\u00e9but de la location, 50 % du montant de la location est rembours\u00e9. Si vous annulez la voiture moins de 24 heures avant la prise en charge convenue ou si vous ne r\u00e9cup\u00e9rez pas la voiture, la totalit\u00e9 de la p\u00e9riode de location convenue vous sera factur\u00e9e.<\/p>\t\t\t\t\t\t\t\t<\/div>\n\t\t\t\t<\/div>\n\t\t\t\t\t<\/div>\n\t\t\t\t<\/div>\n\t\t\t\t\t<\/details>\n\t\t\t\t\t\t<details id=\"e-n-accordion-item-1746\" class=\"e-n-accordion-item\" >\n\t\t\t\t<summary class=\"e-n-accordion-item-title\" data-accordion-index=\"7\" tabindex=\"-1\" aria-expanded=\"false\" aria-controls=\"e-n-accordion-item-1746\" >\n\t\t\t\t\t<span class='e-n-accordion-item-title-header'><div class=\"e-n-accordion-item-title-text\"> Quel est le montant de la franchise si je devais endommager la voiture ?  <\/div><\/span>\n\t\t\t\t\t\t\t<span class='e-n-accordion-item-title-icon'>\n\t\t\t<span class='e-opened' ><svg aria-hidden=\"true\" class=\"e-font-icon-svg e-fas-minus\" viewbox=\"0 0 448 512\" xmlns=\"http:\/\/www.w3.org\/2000\/svg\"><path d=\"M416 208H32c-17.67 0-32 14.33-32 32v32c0 17.67 14.33 32 32 32h384c17.67 0 32-14.33 32-32v-32c0-17.67-14.33-32-32-32z\"><\/path><\/svg><\/span>\n\t\t\t<span class='e-closed'><svg aria-hidden=\"true\" class=\"e-font-icon-svg e-fas-plus\" viewbox=\"0 0 448 512\" xmlns=\"http:\/\/www.w3.org\/2000\/svg\"><path d=\"M416 208H272V64c0-17.67-14.33-32-32-32h-32c-17.67 0-32 14.33-32 32v144H32c-17.67 0-32 14.33-32 32v32c0 17.67 14.33 32 32 32h144v144c0 17.67 14.33 32 32 32h32c17.67 0 32-14.33 32-32V304h144c17.67 0 32-14.33 32-32v-32c0-17.67-14.33-32-32-32z\"><\/path><\/svg><\/span>\n\t\t<\/span>\n\n\t\t\t\t\t\t<\/summary>\n\t\t\t\t<div role=\"region\" aria-labelledby=\"e-n-accordion-item-1746\" class=\"elementor-element elementor-element-7dff789 e-flex e-con-boxed e-con e-child\" data-id=\"7dff789\" data-element_type=\"container\" data-e-type=\"container\">\n\t\t\t\t\t<div class=\"e-con-inner\">\n\t\t\t\t<div class=\"elementor-element elementor-element-c3b0864 elementor-widget elementor-widget-text-editor\" data-id=\"c3b0864\" data-element_type=\"widget\" data-e-type=\"widget\" data-widget_type=\"text-editor.default\">\n\t\t\t\t<div class=\"elementor-widget-container\">\n\t\t\t\t\t\t\t\t\t<p>Les montants d\u00e9ductibles selon le type de dommage. Le locataire doit payer une franchise pouvant aller jusqu'\u00e0 15 000 NOK. Un bon nombre de clients disposent cependant d'une assurance voyage priv\u00e9e qui couvrira la franchise en cas de sinistre. les dommages qui peuvent survenir lors de la location d'une voiture. Le client individuel doit s\u2019adresser \u00e0 sa propre compagnie d\u2019assurance.<\/p>\t\t\t\t\t\t\t\t<\/div>\n\t\t\t\t<\/div>\n\t\t\t\t\t<\/div>\n\t\t\t\t<\/div>\n\t\t\t\t\t<\/details>\n\t\t\t\t\t\t<details id=\"e-n-accordion-item-1747\" class=\"e-n-accordion-item\" >\n\t\t\t\t<summary class=\"e-n-accordion-item-title\" data-accordion-index=\"8\" tabindex=\"-1\" aria-expanded=\"false\" aria-controls=\"e-n-accordion-item-1747\" >\n\t\t\t\t\t<span class='e-n-accordion-item-title-header'><div class=\"e-n-accordion-item-title-text\"> Y a-t-il des restrictions concernant kilom\u00e8tres pendant la p\u00e9riode de location ? <\/div><\/span>\n\t\t\t\t\t\t\t<span class='e-n-accordion-item-title-icon'>\n\t\t\t<span class='e-opened' ><svg aria-hidden=\"true\" class=\"e-font-icon-svg e-fas-minus\" viewbox=\"0 0 448 512\" xmlns=\"http:\/\/www.w3.org\/2000\/svg\"><path d=\"M416 208H32c-17.67 0-32 14.33-32 32v32c0 17.67 14.33 32 32 32h384c17.67 0 32-14.33 32-32v-32c0-17.67-14.33-32-32-32z\"><\/path><\/svg><\/span>\n\t\t\t<span class='e-closed'><svg aria-hidden=\"true\" class=\"e-font-icon-svg e-fas-plus\" viewbox=\"0 0 448 512\" xmlns=\"http:\/\/www.w3.org\/2000\/svg\"><path d=\"M416 208H272V64c0-17.67-14.33-32-32-32h-32c-17.67 0-32 14.33-32 32v144H32c-17.67 0-32 14.33-32 32v32c0 17.67 14.33 32 32 32h144v144c0 17.67 14.33 32 32 32h32c17.67 0 32-14.33 32-32V304h144c17.67 0 32-14.33 32-32v-32c0-17.67-14.33-32-32-32z\"><\/path><\/svg><\/span>\n\t\t<\/span>\n\n\t\t\t\t\t\t<\/summary>\n\t\t\t\t<div role=\"region\" aria-labelledby=\"e-n-accordion-item-1747\" class=\"elementor-element elementor-element-6d151e6 e-flex e-con-boxed e-con e-child\" data-id=\"6d151e6\" data-element_type=\"container\" data-e-type=\"container\">\n\t\t\t\t\t<div class=\"e-con-inner\">\n\t\t\t\t<div class=\"elementor-element elementor-element-4d8b7b7 elementor-widget elementor-widget-text-editor\" data-id=\"4d8b7b7\" data-element_type=\"widget\" data-e-type=\"widget\" data-widget_type=\"text-editor.default\">\n\t\t\t\t<div class=\"elementor-widget-container\">\n\t\t\t\t\t\t\t\t\t<p>Il n'y a aucune restriction sur le nombre de kilom\u00e8tres parcourus. Les conditions g\u00e9n\u00e9rales de location peuvent \u00e9galement \u00eatre consult\u00e9es dans le lien en bas du site Web.<\/p>\t\t\t\t\t\t\t\t<\/div>\n\t\t\t\t<\/div>\n\t\t\t\t\t<\/div>\n\t\t\t\t<\/div>\n\t\t\t\t\t<\/details>\n\t\t\t\t\t<\/div>\n\t\t\t\t\t\t<\/div>\n\t\t\t\t<\/div>\n\t\t\t\t<\/div>\n\t\t\t\t<\/div>","protected":false},"excerpt":{"rendered":"<p>Finner jeg Alas leiebil p\u00e5 Bardufoss lufthavn og Harstad\/Narvik lufthavn Evenes? Vi har ikke lokaliteter p\u00e5 flyplassene, eller biler tilgjengelig, med mindre du har bestilt leiebil p\u00e5 forh\u00e5nd. Vi kan levere deg bil hvor du m\u00e5tte \u00f8nske, ytterligere info om denne tjenesten finner du p\u00e5 nettside. Jeg kommer til Troms\u00f8 med fly, blir i Troms\u00f8 [&hellip;]<\/p>\n","protected":false},"author":1,"featured_media":0,"parent":0,"menu_order":0,"comment_status":"closed","ping_status":"closed","template":"","meta":{"_acf_changed":false,"footnotes":""},"class_list":["post-776","page","type-page","status-publish","hentry"],"acf":[],"yoast_head":"<!-- This site is optimized with the Yoast SEO plugin v27.4 - https:\/\/yoast.com\/product\/yoast-seo-wordpress\/ -->\n<title>Vanlige sp\u00f8rsm\u00e5l - Alas Leiebil<\/title>\n<meta name=\"description\" content=\"F\u00e5 svar p\u00e5 vanlige sp\u00f8rsm\u00e5l om leiebil fra Alas; bestillingsprosess, leveringsalternativer, betaling, avbestilling og kilometerbegrensninger.\" \/>\n<meta name=\"robots\" content=\"index, follow, max-snippet:-1, max-image-preview:large, max-video-preview:-1\" \/>\n<link rel=\"canonical\" href=\"https:\/\/www.alas.no\/fr\/modele-de-voie-commune\/\" \/>\n<meta property=\"og:locale\" content=\"fr_FR\" \/>\n<meta property=\"og:type\" content=\"article\" \/>\n<meta property=\"og:title\" content=\"Vanlige sp\u00f8rsm\u00e5l - Alas Leiebil\" \/>\n<meta property=\"og:description\" content=\"F\u00e5 svar p\u00e5 vanlige sp\u00f8rsm\u00e5l om leiebil fra Alas; bestillingsprosess, leveringsalternativer, betaling, avbestilling og kilometerbegrensninger.\" \/>\n<meta property=\"og:url\" content=\"https:\/\/www.alas.no\/fr\/modele-de-voie-commune\/\" \/>\n<meta property=\"og:site_name\" content=\"Alas Leiebil\" \/>\n<meta property=\"article:modified_time\" content=\"2024-10-18T13:52:13+00:00\" \/>\n<meta property=\"og:image\" content=\"https:\/\/mlyn8ia8asew.i.optimole.com\/w:auto\/h:auto\/q:mauto\/f:best\/https:\/\/www.alas.no\/wp-content\/uploads\/2024\/10\/facebook-bilde-2.png\" \/>\n\t<meta property=\"og:image:width\" content=\"1200\" \/>\n\t<meta property=\"og:image:height\" content=\"628\" \/>\n\t<meta property=\"og:image:type\" content=\"image\/png\" \/>\n<meta name=\"twitter:card\" content=\"summary_large_image\" \/>\n<meta name=\"twitter:label1\" content=\"Dur\u00e9e de lecture estim\u00e9e\" \/>\n\t<meta name=\"twitter:data1\" content=\"4 minutes\" \/>\n<script type=\"application\/ld+json\" class=\"yoast-schema-graph\">{\"@context\":\"https:\\\/\\\/schema.org\",\"@graph\":[{\"@type\":\"WebPage\",\"@id\":\"https:\\\/\\\/www.alas.no\\\/vanlige-sporsmal\\\/\",\"url\":\"https:\\\/\\\/www.alas.no\\\/vanlige-sporsmal\\\/\",\"name\":\"Vanlige sp\u00f8rsm\u00e5l - Alas Leiebil\",\"isPartOf\":{\"@id\":\"https:\\\/\\\/www.alas.no\\\/#website\"},\"datePublished\":\"2024-09-10T11:31:10+00:00\",\"dateModified\":\"2024-10-18T13:52:13+00:00\",\"description\":\"F\u00e5 svar p\u00e5 vanlige sp\u00f8rsm\u00e5l om leiebil fra Alas; bestillingsprosess, leveringsalternativer, betaling, avbestilling og kilometerbegrensninger.\",\"breadcrumb\":{\"@id\":\"https:\\\/\\\/www.alas.no\\\/vanlige-sporsmal\\\/#breadcrumb\"},\"inLanguage\":\"fr-FR\",\"potentialAction\":[{\"@type\":\"ReadAction\",\"target\":[\"https:\\\/\\\/www.alas.no\\\/vanlige-sporsmal\\\/\"]}]},{\"@type\":\"BreadcrumbList\",\"@id\":\"https:\\\/\\\/www.alas.no\\\/vanlige-sporsmal\\\/#breadcrumb\",\"itemListElement\":[{\"@type\":\"ListItem\",\"position\":1,\"name\":\"Home\",\"item\":\"https:\\\/\\\/www.alas.no\\\/\"},{\"@type\":\"ListItem\",\"position\":2,\"name\":\"Vanlige sp\u00f8rsm\u00e5l\"}]},{\"@type\":\"WebSite\",\"@id\":\"https:\\\/\\\/www.alas.no\\\/#website\",\"url\":\"https:\\\/\\\/www.alas.no\\\/\",\"name\":\"Alas Leiebil\",\"description\":\"My website\",\"potentialAction\":[{\"@type\":\"SearchAction\",\"target\":{\"@type\":\"EntryPoint\",\"urlTemplate\":\"https:\\\/\\\/www.alas.no\\\/?s={search_term_string}\"},\"query-input\":{\"@type\":\"PropertyValueSpecification\",\"valueRequired\":true,\"valueName\":\"search_term_string\"}}],\"inLanguage\":\"fr-FR\"}]}<\/script>\n<!-- \/ Yoast SEO plugin. -->","yoast_head_json":{"title":"Questions fr\u00e9quemment pos\u00e9es - Alas car hire","description":"Obtenez les r\u00e9ponses aux questions les plus fr\u00e9quemment pos\u00e9es sur la location de voiture chez Alas : processus de r\u00e9servation, options de livraison, paiement, annulation et restrictions de kilom\u00e9trage.","robots":{"index":"index","follow":"follow","max-snippet":"max-snippet:-1","max-image-preview":"max-image-preview:large","max-video-preview":"max-video-preview:-1"},"canonical":"https:\/\/www.alas.no\/fr\/modele-de-voie-commune\/","og_locale":"fr_FR","og_type":"article","og_title":"Vanlige sp\u00f8rsm\u00e5l - Alas Leiebil","og_description":"F\u00e5 svar p\u00e5 vanlige sp\u00f8rsm\u00e5l om leiebil fra Alas; bestillingsprosess, leveringsalternativer, betaling, avbestilling og kilometerbegrensninger.","og_url":"https:\/\/www.alas.no\/fr\/modele-de-voie-commune\/","og_site_name":"Alas Leiebil","article_modified_time":"2024-10-18T13:52:13+00:00","og_image":[{"width":1200,"height":628,"url":"https:\/\/mlyn8ia8asew.i.optimole.com\/w:auto\/h:auto\/q:mauto\/f:best\/https:\/\/www.alas.no\/wp-content\/uploads\/2024\/10\/facebook-bilde-2.png","type":"image\/png"}],"twitter_card":"summary_large_image","twitter_misc":{"Dur\u00e9e de lecture estim\u00e9e":"4 minutes"},"schema":{"@context":"https:\/\/schema.org","@graph":[{"@type":"WebPage","@id":"https:\/\/www.alas.no\/vanlige-sporsmal\/","url":"https:\/\/www.alas.no\/vanlige-sporsmal\/","name":"Questions fr\u00e9quemment pos\u00e9es - Alas car hire","isPartOf":{"@id":"https:\/\/www.alas.no\/#website"},"datePublished":"2024-09-10T11:31:10+00:00","dateModified":"2024-10-18T13:52:13+00:00","description":"Obtenez les r\u00e9ponses aux questions les plus fr\u00e9quemment pos\u00e9es sur la location de voiture chez Alas : processus de r\u00e9servation, options de livraison, paiement, annulation et restrictions de kilom\u00e9trage.","breadcrumb":{"@id":"https:\/\/www.alas.no\/vanlige-sporsmal\/#breadcrumb"},"inLanguage":"fr-FR","potentialAction":[{"@type":"ReadAction","target":["https:\/\/www.alas.no\/vanlige-sporsmal\/"]}]},{"@type":"BreadcrumbList","@id":"https:\/\/www.alas.no\/vanlige-sporsmal\/#breadcrumb","itemListElement":[{"@type":"ListItem","position":1,"name":"Home","item":"https:\/\/www.alas.no\/"},{"@type":"ListItem","position":2,"name":"Vanlige sp\u00f8rsm\u00e5l"}]},{"@type":"WebSite","@id":"https:\/\/www.alas.no\/#website","url":"https:\/\/www.alas.no\/","name":"Alas voiture de location","description":"Mon site web","potentialAction":[{"@type":"SearchAction","target":{"@type":"EntryPoint","urlTemplate":"https:\/\/www.alas.no\/?s={search_term_string}"},"query-input":{"@type":"PropertyValueSpecification","valueRequired":true,"valueName":"search_term_string"}}],"inLanguage":"fr-FR"}]}},"_links":{"self":[{"href":"https:\/\/www.alas.no\/fr\/wp-json\/wp\/v2\/pages\/776","targetHints":{"allow":["GET"]}}],"collection":[{"href":"https:\/\/www.alas.no\/fr\/wp-json\/wp\/v2\/pages"}],"about":[{"href":"https:\/\/www.alas.no\/fr\/wp-json\/wp\/v2\/types\/page"}],"author":[{"embeddable":true,"href":"https:\/\/www.alas.no\/fr\/wp-json\/wp\/v2\/users\/1"}],"replies":[{"embeddable":true,"href":"https:\/\/www.alas.no\/fr\/wp-json\/wp\/v2\/comments?post=776"}],"version-history":[{"count":31,"href":"https:\/\/www.alas.no\/fr\/wp-json\/wp\/v2\/pages\/776\/revisions"}],"predecessor-version":[{"id":1498,"href":"https:\/\/www.alas.no\/fr\/wp-json\/wp\/v2\/pages\/776\/revisions\/1498"}],"wp:attachment":[{"href":"https:\/\/www.alas.no\/fr\/wp-json\/wp\/v2\/media?parent=776"}],"curies":[{"name":"wp","href":"https:\/\/api.w.org\/{rel}","templated":true}]}}