{"id":772,"date":"2024-09-10T11:30:08","date_gmt":"2024-09-10T11:30:08","guid":{"rendered":"https:\/\/www.alas.no\/?page_id=772"},"modified":"2025-03-18T10:34:35","modified_gmt":"2025-03-18T10:34:35","slug":"enlevement-et-livraison-des-vehicules","status":"publish","type":"page","link":"https:\/\/www.alas.no\/fr\/henting-og-levering-av-bil\/","title":{"rendered":"R\u00e9cup\u00e9ration et livraison de la voiture de location"},"content":{"rendered":"<div data-elementor-type=\"wp-page\" data-elementor-id=\"772\" class=\"elementor elementor-772\" data-elementor-post-type=\"page\">\n\t\t\t\t<div class=\"elementor-element elementor-element-0c18f11 e-con-full e-flex e-con e-parent\" data-id=\"0c18f11\" data-element_type=\"container\" data-e-type=\"container\">\n\t\t\t\t<div class=\"elementor-element elementor-element-3658460 elementor-widget elementor-widget-text-editor\" data-id=\"3658460\" data-element_type=\"widget\" data-e-type=\"widget\" id=\"levering-tekst\" data-widget_type=\"text-editor.default\">\n\t\t\t\t<div class=\"elementor-widget-container\">\n\t\t\t\t\t\t\t\t\t<p>Les voitures de location sont r\u00e9cup\u00e9r\u00e9es et livr\u00e9es \u00e0 Salangsverket, \u00e0 7 km du centre de Sj\u00f8vegan. Moyennant un suppl\u00e9ment, vous pouvez vous faire livrer la voiture o\u00f9 vous le souhaitez ;<\/p><ul><li>Harstad-Narvik\na\u00e9roport Evenes<\/li><li>Bardufoss a\u00e9roport<\/li><li>Narvik<\/li><li>Harstad<\/li><li>Troms\u00f8<\/li><li>Bien s\u00fbr aussi exactement \u00e0 l'endroit o\u00f9 vous devez faire livrer une voiture !<\/li><li>Envoyez une demande et nous vous donnerons un prix pour la livraison et la r\u00e9cup\u00e9ration de la voiture.<\/li><\/ul><h2>Tarifs actuels pour la livraison d'une voiture, calcul\u00e9s \u00e0 partir du Salangsverket :<\/h2><ul><li>Au sein de la commune de Salangen : pas de prix suppl\u00e9mentaire.<\/li><li>Jusqu'\u00e0 25 km : 400 NOK<\/li><li>Jusqu'\u00e0 45 km : 800 NOK<\/li><li>Jusqu'\u00e0 65 km : 1200 NOK<\/li><li>Jusqu'\u00e0 85 km : 1600 NOK<\/li><li>&gt; 85 km : demandez un devis.<\/li><\/ul><p>Les m\u00eames prix s'appliquent pour la r\u00e9cup\u00e9ration de la voiture apr\u00e8s la fin de la location.<\/p><p>Pour un contrat de location de 8 jours ou plus, une voiture sera livr\u00e9e gratuitement pour une distance allant jusqu'\u00e0 110 km.<\/p>\t\t\t\t\t\t\t\t<\/div>\n\t\t\t\t<\/div>\n\t\t\t\t<\/div>\n\t\t\t\t<\/div>","protected":false},"excerpt":{"rendered":"<p>Leiebil hentes og leveres p\u00e5 Salangsverket, 7 km fra Sj\u00f8vegan sentrum. Mot et tillegg i prisen kan du f\u00e5 levert bilen der du \u00f8nsker; Harstad &#8211; Narvik lufthavn, Evenes Bardufoss lufthavn Narvik Harstad Troms\u00f8 Selvf\u00f8lgelig ogs\u00e5 til akkurat det stedet du m\u00e5tte ha behov for \u00e5 f\u00e5 bil levert! Send foresp\u00f8rsel, s\u00e5 gir vi deg [&hellip;]<\/p>\n","protected":false},"author":1,"featured_media":0,"parent":0,"menu_order":0,"comment_status":"closed","ping_status":"closed","template":"","meta":{"_acf_changed":false,"footnotes":""},"class_list":["post-772","page","type-page","status-publish","hentry"],"acf":[],"yoast_head":"<!-- This site is optimized with the Yoast SEO plugin v27.3 - https:\/\/yoast.com\/product\/yoast-seo-wordpress\/ -->\n<title>Henting og levering av leiebil Salangsverket - Alas Leiebil<\/title>\n<meta name=\"description\" content=\"Henting og levering av leiebil p\u00e5 Salangsverket. Vi leverer til Harstad, Narvik, Troms\u00f8 og mer. Gratis levering innen 110 km ved 7 dagers leie.\" \/>\n<meta name=\"robots\" content=\"index, follow, max-snippet:-1, max-image-preview:large, max-video-preview:-1\" \/>\n<link rel=\"canonical\" href=\"https:\/\/www.alas.no\/fr\/enlevement-et-livraison-des-vehicules\/\" \/>\n<meta property=\"og:locale\" content=\"fr_FR\" \/>\n<meta property=\"og:type\" content=\"article\" \/>\n<meta property=\"og:title\" content=\"Henting og levering av leiebil Salangsverket - Alas Leiebil\" \/>\n<meta property=\"og:description\" content=\"Henting og levering av leiebil p\u00e5 Salangsverket. Vi leverer til Harstad, Narvik, Troms\u00f8 og mer. Gratis levering innen 110 km ved 7 dagers leie.\" \/>\n<meta property=\"og:url\" content=\"https:\/\/www.alas.no\/fr\/enlevement-et-livraison-des-vehicules\/\" \/>\n<meta property=\"og:site_name\" content=\"Alas Leiebil\" \/>\n<meta property=\"article:modified_time\" content=\"2025-03-18T10:34:35+00:00\" \/>\n<meta property=\"og:image\" content=\"https:\/\/mlyn8ia8asew.i.optimole.com\/w:auto\/h:auto\/q:mauto\/f:best\/https:\/\/www.alas.no\/wp-content\/uploads\/2024\/10\/facebook-bilde-2.png\" \/>\n\t<meta property=\"og:image:width\" content=\"1200\" \/>\n\t<meta property=\"og:image:height\" content=\"628\" \/>\n\t<meta property=\"og:image:type\" content=\"image\/png\" \/>\n<meta name=\"twitter:card\" content=\"summary_large_image\" \/>\n<meta name=\"twitter:label1\" content=\"Dur\u00e9e de lecture estim\u00e9e\" \/>\n\t<meta name=\"twitter:data1\" content=\"1 minute\" \/>\n<script type=\"application\/ld+json\" class=\"yoast-schema-graph\">{\"@context\":\"https:\\\/\\\/schema.org\",\"@graph\":[{\"@type\":\"WebPage\",\"@id\":\"https:\\\/\\\/www.alas.no\\\/henting-og-levering-av-bil\\\/\",\"url\":\"https:\\\/\\\/www.alas.no\\\/henting-og-levering-av-bil\\\/\",\"name\":\"Henting og levering av leiebil Salangsverket - Alas Leiebil\",\"isPartOf\":{\"@id\":\"https:\\\/\\\/www.alas.no\\\/#website\"},\"datePublished\":\"2024-09-10T11:30:08+00:00\",\"dateModified\":\"2025-03-18T10:34:35+00:00\",\"description\":\"Henting og levering av leiebil p\u00e5 Salangsverket. Vi leverer til Harstad, Narvik, Troms\u00f8 og mer. Gratis levering innen 110 km ved 7 dagers leie.\",\"breadcrumb\":{\"@id\":\"https:\\\/\\\/www.alas.no\\\/henting-og-levering-av-bil\\\/#breadcrumb\"},\"inLanguage\":\"fr-FR\",\"potentialAction\":[{\"@type\":\"ReadAction\",\"target\":[\"https:\\\/\\\/www.alas.no\\\/henting-og-levering-av-bil\\\/\"]}]},{\"@type\":\"BreadcrumbList\",\"@id\":\"https:\\\/\\\/www.alas.no\\\/henting-og-levering-av-bil\\\/#breadcrumb\",\"itemListElement\":[{\"@type\":\"ListItem\",\"position\":1,\"name\":\"Home\",\"item\":\"https:\\\/\\\/www.alas.no\\\/\"},{\"@type\":\"ListItem\",\"position\":2,\"name\":\"Henting og levering av leiebil\"}]},{\"@type\":\"WebSite\",\"@id\":\"https:\\\/\\\/www.alas.no\\\/#website\",\"url\":\"https:\\\/\\\/www.alas.no\\\/\",\"name\":\"Alas Leiebil\",\"description\":\"My website\",\"potentialAction\":[{\"@type\":\"SearchAction\",\"target\":{\"@type\":\"EntryPoint\",\"urlTemplate\":\"https:\\\/\\\/www.alas.no\\\/?s={search_term_string}\"},\"query-input\":{\"@type\":\"PropertyValueSpecification\",\"valueRequired\":true,\"valueName\":\"search_term_string\"}}],\"inLanguage\":\"fr-FR\"}]}<\/script>\n<!-- \/ Yoast SEO plugin. -->","yoast_head_json":{"title":"Enl\u00e8vement et livraison de la location de voiture Salangsverket - Alas Car Hire","description":"Collecte et livraison de voitures de location chez Salangsverket. Nous livrons \u00e0 Harstad, Narvik, Troms\u00f8 et plus encore. Livraison gratuite dans un rayon de 110 km pour les locations de 7 jours.","robots":{"index":"index","follow":"follow","max-snippet":"max-snippet:-1","max-image-preview":"max-image-preview:large","max-video-preview":"max-video-preview:-1"},"canonical":"https:\/\/www.alas.no\/fr\/enlevement-et-livraison-des-vehicules\/","og_locale":"fr_FR","og_type":"article","og_title":"Henting og levering av leiebil Salangsverket - Alas Leiebil","og_description":"Henting og levering av leiebil p\u00e5 Salangsverket. Vi leverer til Harstad, Narvik, Troms\u00f8 og mer. Gratis levering innen 110 km ved 7 dagers leie.","og_url":"https:\/\/www.alas.no\/fr\/enlevement-et-livraison-des-vehicules\/","og_site_name":"Alas Leiebil","article_modified_time":"2025-03-18T10:34:35+00:00","og_image":[{"width":1200,"height":628,"url":"https:\/\/mlyn8ia8asew.i.optimole.com\/w:auto\/h:auto\/q:mauto\/f:best\/https:\/\/www.alas.no\/wp-content\/uploads\/2024\/10\/facebook-bilde-2.png","type":"image\/png"}],"twitter_card":"summary_large_image","twitter_misc":{"Dur\u00e9e de lecture estim\u00e9e":"1 minute"},"schema":{"@context":"https:\/\/schema.org","@graph":[{"@type":"WebPage","@id":"https:\/\/www.alas.no\/henting-og-levering-av-bil\/","url":"https:\/\/www.alas.no\/henting-og-levering-av-bil\/","name":"Enl\u00e8vement et livraison de la location de voiture Salangsverket - Alas Car Hire","isPartOf":{"@id":"https:\/\/www.alas.no\/#website"},"datePublished":"2024-09-10T11:30:08+00:00","dateModified":"2025-03-18T10:34:35+00:00","description":"Collecte et livraison de voitures de location chez Salangsverket. Nous livrons \u00e0 Harstad, Narvik, Troms\u00f8 et plus encore. Livraison gratuite dans un rayon de 110 km pour les locations de 7 jours.","breadcrumb":{"@id":"https:\/\/www.alas.no\/henting-og-levering-av-bil\/#breadcrumb"},"inLanguage":"fr-FR","potentialAction":[{"@type":"ReadAction","target":["https:\/\/www.alas.no\/henting-og-levering-av-bil\/"]}]},{"@type":"BreadcrumbList","@id":"https:\/\/www.alas.no\/henting-og-levering-av-bil\/#breadcrumb","itemListElement":[{"@type":"ListItem","position":1,"name":"Home","item":"https:\/\/www.alas.no\/"},{"@type":"ListItem","position":2,"name":"Henting og levering av leiebil"}]},{"@type":"WebSite","@id":"https:\/\/www.alas.no\/#website","url":"https:\/\/www.alas.no\/","name":"Alas voiture de location","description":"Mon site web","potentialAction":[{"@type":"SearchAction","target":{"@type":"EntryPoint","urlTemplate":"https:\/\/www.alas.no\/?s={search_term_string}"},"query-input":{"@type":"PropertyValueSpecification","valueRequired":true,"valueName":"search_term_string"}}],"inLanguage":"fr-FR"}]}},"_links":{"self":[{"href":"https:\/\/www.alas.no\/fr\/wp-json\/wp\/v2\/pages\/772","targetHints":{"allow":["GET"]}}],"collection":[{"href":"https:\/\/www.alas.no\/fr\/wp-json\/wp\/v2\/pages"}],"about":[{"href":"https:\/\/www.alas.no\/fr\/wp-json\/wp\/v2\/types\/page"}],"author":[{"embeddable":true,"href":"https:\/\/www.alas.no\/fr\/wp-json\/wp\/v2\/users\/1"}],"replies":[{"embeddable":true,"href":"https:\/\/www.alas.no\/fr\/wp-json\/wp\/v2\/comments?post=772"}],"version-history":[{"count":38,"href":"https:\/\/www.alas.no\/fr\/wp-json\/wp\/v2\/pages\/772\/revisions"}],"predecessor-version":[{"id":1945,"href":"https:\/\/www.alas.no\/fr\/wp-json\/wp\/v2\/pages\/772\/revisions\/1945"}],"wp:attachment":[{"href":"https:\/\/www.alas.no\/fr\/wp-json\/wp\/v2\/media?parent=772"}],"curies":[{"name":"wp","href":"https:\/\/api.w.org\/{rel}","templated":true}]}}