{"id":3,"date":"2024-08-15T14:01:20","date_gmt":"2024-08-15T14:01:20","guid":{"rendered":"https:\/\/www.alas.no\/?page_id=3"},"modified":"2024-09-27T09:34:23","modified_gmt":"2024-09-27T09:34:23","slug":"politique-de-confidentialite","status":"publish","type":"page","link":"https:\/\/www.alas.no\/fr\/privacy-policy\/","title":{"rendered":"Politique de confidentialit\u00e9"},"content":{"rendered":"<div data-elementor-type=\"wp-page\" data-elementor-id=\"3\" class=\"elementor elementor-3\" data-elementor-post-type=\"page\">\n\t\t\t\t<div class=\"elementor-element elementor-element-e8e9d83 e-con-full e-flex e-con e-parent\" data-id=\"e8e9d83\" data-element_type=\"container\" data-e-type=\"container\">\n\t\t\t\t<div class=\"elementor-element elementor-element-88a53f0 elementor-widget elementor-widget-text-editor\" data-id=\"88a53f0\" data-element_type=\"widget\" data-e-type=\"widget\" data-widget_type=\"text-editor.default\">\n\t\t\t\t<div class=\"elementor-widget-container\">\n\t\t\t\t\t\t\t\t\t<p>Derni\u00e8re mise \u00e0 jour : <strong>16.09.2024<\/strong><\/p>\n<p>Alas Leiebil, l\u00e9galement enregistr\u00e9 sous le nom d'Alternativ Assistanse AS (num\u00e9ro d'organisme 923 239 596), exploite le site web www.alas.no. Sur cette page, nous vous informons sur les types de donn\u00e9es personnelles que nous collectons et sur la mani\u00e8re dont elles sont utilis\u00e9es. En acc\u00e9dant \u00e0 notre site web et en utilisant nos services, vous consentez \u00e0 la collecte et \u00e0 l'utilisation des informations d\u00e9crites dans cette politique de confidentialit\u00e9.<\/p>\n<h2>Collecte et traitement des donn\u00e9es personnelles :<\/h2>\n<p>Lorsque vous utilisez notre site web ou nos services, nous pouvons vous demander de nous fournir des informations personnelles. Il peut s'agir, par exemple, de votre nom, de votre adresse, de votre adresse \u00e9lectronique, de votre num\u00e9ro de t\u00e9l\u00e9phone, de vos donn\u00e9es de paiement ou d'autres informations identifiables.<\/p>\n<p>Nous recueillons \u00e9galement des informations relatives aux r\u00e9servations de v\u00e9hicules, telles que les lieux de prise en charge et de restitution, les dates de location et les v\u00e9hicules que vous louez.<\/p>\n<h2>Utilisation des informations :<\/h2>\n<p>Nous utilisons vos informations personnelles pour faciliter et assurer la qualit\u00e9 de votre r\u00e9servation de location de voiture, pour effectuer des transactions et pour \u00e9tablir une communication avec vous. Nous pouvons utiliser ces informations pour r\u00e9pondre \u00e0 vos demandes et vous fournir une assistance si n\u00e9cessaire.<\/p>\n<h2>Partage d'informations :<\/h2>\n<p>Nous pouvons partager vos informations avec des prestataires de services tiers qui nous aident \u00e0 exploiter le site web, \u00e0 traiter les transactions ou \u00e0 vous fournir d'autres services. \u00c0 des fins comptables, les informations sont partag\u00e9es et conserv\u00e9es conform\u00e9ment aux lois comptables applicables. Nous pouvons partager vos informations lorsque la loi l'exige, pour faire appliquer nos politiques, pour prot\u00e9ger nos droits, notre propri\u00e9t\u00e9 ou notre s\u00e9curit\u00e9.<\/p>\n<h2>Cookies :<\/h2>\n<p>Les cookies sont des fichiers contenant une petite quantit\u00e9 de donn\u00e9es, qui peuvent contenir un identifiant anonyme et unique. Les cookies sont envoy\u00e9s \u00e0 votre navigateur par un site web et stock\u00e9s sur le disque dur de votre ordinateur. Nous utilisons les cookies pour collecter des informations. Vous pouvez configurer votre navigateur de mani\u00e8re \u00e0 ce que le stockage des cookies ne soit accept\u00e9 que si vous y consentez. Toutefois, il se peut que vous ne puissiez pas utiliser certaines parties de notre service si vous n'acceptez pas les cookies.<\/p>\n<h2>La s\u00e9curit\u00e9 :<\/h2>\n<p>Il est important pour nous que vos informations soient trait\u00e9es en toute s\u00e9curit\u00e9. Il est important que vous vous souveniez qu'aucune m\u00e9thode de transmission sur Internet ou de stockage \u00e9lectronique n'est absolument s\u00fbre. Bien que nous fassions tout notre possible pour prot\u00e9ger vos informations personnelles, nous ne pouvons pas garantir leur s\u00e9curit\u00e9 absolue.<\/p>\n<h2>Liens vers d'autres sites web :<\/h2>\n<p>Notre service peut contenir des liens vers d'autres sites web qui ne sont pas exploit\u00e9s par nous. Nous vous encourageons \u00e0 consulter la politique de confidentialit\u00e9 de chaque site web que vous visitez. Nous n'avons aucun contr\u00f4le sur le contenu ou les pratiques en mati\u00e8re de protection de la vie priv\u00e9e des sites web ou des services de tiers et nous ne pouvons donc pas en assumer la responsabilit\u00e9.<\/p>\n<h2>Vie priv\u00e9e des enfants :<\/h2>\n<p>Notre service n'est pas destin\u00e9 aux enfants de moins de 18 ans. Nous ne recueillons pas sciemment d'informations personnelles aupr\u00e8s d'enfants de moins de 18 ans. Si vous apprenez qu'un enfant nous a fourni des informations personnelles, veuillez nous contacter afin que nous puissions prendre les mesures n\u00e9cessaires pour supprimer ces informations.<\/p>\n<h2>Modifications de la pr\u00e9sente politique de confidentialit\u00e9 :<\/h2>\n<p>Nous pouvons mettre \u00e0 jour la pr\u00e9sente politique de confidentialit\u00e9 de temps \u00e0 autre. Nous vous informerons de toute modification importante en publiant la politique de confidentialit\u00e9 mise \u00e0 jour sur notre site web. Nous vous conseillons de consulter r\u00e9guli\u00e8rement la pr\u00e9sente politique de confidentialit\u00e9 afin de vous assurer que vous \u00eates au courant de toute modification.<\/p>\n<h2>Contact pour la politique de confidentialit\u00e9 :<\/h2>\n<p>Si vous avez des questions concernant cette politique de confidentialit\u00e9, veuillez nous contacter \u00e0 l'adresse suivante <a href=\"mailto:post@alas.no\">post@alas.no<\/a><\/p>\n<p>En utilisant notre site web et nos services, vous reconnaissez que vous avez lu et compris la pr\u00e9sente politique de confidentialit\u00e9 et que vous acceptez d'\u00eatre li\u00e9 par ses termes et conditions.<\/p>\t\t\t\t\t\t\t\t<\/div>\n\t\t\t\t<\/div>\n\t\t\t\t<\/div>\n\t\t\t\t<\/div>","protected":false},"excerpt":{"rendered":"<p>Sist oppdatert: 16.09.2024 Alas Leiebil, lovlig registrert som Alternativ Assistanse AS (org.nr. 923 239 596), driver nettstedet www.alas.no. Vi vil p\u00e5 denne siden informere deg om hvilke typer personopplysninger vi samler inn og hvordan de brukes. Ved \u00e5 g\u00e5 inn p\u00e5 v\u00e5rt nettsted og bruke v\u00e5re tjenester, samtykker du til innsamling og bruk av informasjon [&hellip;]<\/p>\n","protected":false},"author":1,"featured_media":0,"parent":0,"menu_order":0,"comment_status":"closed","ping_status":"open","template":"","meta":{"_acf_changed":false,"footnotes":""},"class_list":["post-3","page","type-page","status-publish","hentry"],"acf":[],"yoast_head":"<!-- This site is optimized with the Yoast SEO plugin v27.4 - https:\/\/yoast.com\/product\/yoast-seo-wordpress\/ -->\n<title>Personvernerkl\u00e6ring - Alas Leiebil<\/title>\n<meta name=\"robots\" content=\"index, follow, max-snippet:-1, max-image-preview:large, max-video-preview:-1\" \/>\n<link rel=\"canonical\" href=\"https:\/\/www.alas.no\/fr\/politique-de-confidentialite\/\" \/>\n<meta property=\"og:locale\" content=\"fr_FR\" \/>\n<meta property=\"og:type\" content=\"article\" \/>\n<meta property=\"og:title\" content=\"Personvernerkl\u00e6ring - Alas Leiebil\" \/>\n<meta property=\"og:description\" content=\"Sist oppdatert: 16.09.2024 Alas Leiebil, lovlig registrert som Alternativ Assistanse AS (org.nr. 923 239 596), driver nettstedet www.alas.no. Vi vil p\u00e5 denne siden informere deg om hvilke typer personopplysninger vi samler inn og hvordan de brukes. Ved \u00e5 g\u00e5 inn p\u00e5 v\u00e5rt nettsted og bruke v\u00e5re tjenester, samtykker du til innsamling og bruk av informasjon [&hellip;]\" \/>\n<meta property=\"og:url\" content=\"https:\/\/www.alas.no\/fr\/politique-de-confidentialite\/\" \/>\n<meta property=\"og:site_name\" content=\"Alas Leiebil\" \/>\n<meta property=\"article:modified_time\" content=\"2024-09-27T09:34:23+00:00\" \/>\n<meta property=\"og:image\" content=\"https:\/\/mlyn8ia8asew.i.optimole.com\/w:auto\/h:auto\/q:mauto\/f:best\/https:\/\/www.alas.no\/wp-content\/uploads\/2024\/10\/facebook-bilde-2.png\" \/>\n\t<meta property=\"og:image:width\" content=\"1200\" \/>\n\t<meta property=\"og:image:height\" content=\"628\" \/>\n\t<meta property=\"og:image:type\" content=\"image\/png\" \/>\n<meta name=\"twitter:card\" content=\"summary_large_image\" \/>\n<meta name=\"twitter:label1\" content=\"Dur\u00e9e de lecture estim\u00e9e\" \/>\n\t<meta name=\"twitter:data1\" content=\"3 minutes\" \/>\n<script type=\"application\/ld+json\" class=\"yoast-schema-graph\">{\"@context\":\"https:\\\/\\\/schema.org\",\"@graph\":[{\"@type\":\"WebPage\",\"@id\":\"https:\\\/\\\/www.alas.no\\\/privacy-policy\\\/\",\"url\":\"https:\\\/\\\/www.alas.no\\\/privacy-policy\\\/\",\"name\":\"Personvernerkl\u00e6ring - Alas Leiebil\",\"isPartOf\":{\"@id\":\"https:\\\/\\\/www.alas.no\\\/#website\"},\"datePublished\":\"2024-08-15T14:01:20+00:00\",\"dateModified\":\"2024-09-27T09:34:23+00:00\",\"breadcrumb\":{\"@id\":\"https:\\\/\\\/www.alas.no\\\/privacy-policy\\\/#breadcrumb\"},\"inLanguage\":\"fr-FR\",\"potentialAction\":[{\"@type\":\"ReadAction\",\"target\":[\"https:\\\/\\\/www.alas.no\\\/privacy-policy\\\/\"]}]},{\"@type\":\"BreadcrumbList\",\"@id\":\"https:\\\/\\\/www.alas.no\\\/privacy-policy\\\/#breadcrumb\",\"itemListElement\":[{\"@type\":\"ListItem\",\"position\":1,\"name\":\"Home\",\"item\":\"https:\\\/\\\/www.alas.no\\\/\"},{\"@type\":\"ListItem\",\"position\":2,\"name\":\"Personvernerkl\u00e6ring\"}]},{\"@type\":\"WebSite\",\"@id\":\"https:\\\/\\\/www.alas.no\\\/#website\",\"url\":\"https:\\\/\\\/www.alas.no\\\/\",\"name\":\"Alas Leiebil\",\"description\":\"My website\",\"potentialAction\":[{\"@type\":\"SearchAction\",\"target\":{\"@type\":\"EntryPoint\",\"urlTemplate\":\"https:\\\/\\\/www.alas.no\\\/?s={search_term_string}\"},\"query-input\":{\"@type\":\"PropertyValueSpecification\",\"valueRequired\":true,\"valueName\":\"search_term_string\"}}],\"inLanguage\":\"fr-FR\"}]}<\/script>\n<!-- \/ Yoast SEO plugin. -->","yoast_head_json":{"title":"Politique de confidentialit\u00e9 - Alas car hire","robots":{"index":"index","follow":"follow","max-snippet":"max-snippet:-1","max-image-preview":"max-image-preview:large","max-video-preview":"max-video-preview:-1"},"canonical":"https:\/\/www.alas.no\/fr\/politique-de-confidentialite\/","og_locale":"fr_FR","og_type":"article","og_title":"Personvernerkl\u00e6ring - Alas Leiebil","og_description":"Sist oppdatert: 16.09.2024 Alas Leiebil, lovlig registrert som Alternativ Assistanse AS (org.nr. 923 239 596), driver nettstedet www.alas.no. Vi vil p\u00e5 denne siden informere deg om hvilke typer personopplysninger vi samler inn og hvordan de brukes. Ved \u00e5 g\u00e5 inn p\u00e5 v\u00e5rt nettsted og bruke v\u00e5re tjenester, samtykker du til innsamling og bruk av informasjon [&hellip;]","og_url":"https:\/\/www.alas.no\/fr\/politique-de-confidentialite\/","og_site_name":"Alas Leiebil","article_modified_time":"2024-09-27T09:34:23+00:00","og_image":[{"width":1200,"height":628,"url":"https:\/\/mlyn8ia8asew.i.optimole.com\/w:auto\/h:auto\/q:mauto\/f:best\/https:\/\/www.alas.no\/wp-content\/uploads\/2024\/10\/facebook-bilde-2.png","type":"image\/png"}],"twitter_card":"summary_large_image","twitter_misc":{"Dur\u00e9e de lecture estim\u00e9e":"3 minutes"},"schema":{"@context":"https:\/\/schema.org","@graph":[{"@type":"WebPage","@id":"https:\/\/www.alas.no\/privacy-policy\/","url":"https:\/\/www.alas.no\/privacy-policy\/","name":"Politique de confidentialit\u00e9 - Alas car hire","isPartOf":{"@id":"https:\/\/www.alas.no\/#website"},"datePublished":"2024-08-15T14:01:20+00:00","dateModified":"2024-09-27T09:34:23+00:00","breadcrumb":{"@id":"https:\/\/www.alas.no\/privacy-policy\/#breadcrumb"},"inLanguage":"fr-FR","potentialAction":[{"@type":"ReadAction","target":["https:\/\/www.alas.no\/privacy-policy\/"]}]},{"@type":"BreadcrumbList","@id":"https:\/\/www.alas.no\/privacy-policy\/#breadcrumb","itemListElement":[{"@type":"ListItem","position":1,"name":"Home","item":"https:\/\/www.alas.no\/"},{"@type":"ListItem","position":2,"name":"Personvernerkl\u00e6ring"}]},{"@type":"WebSite","@id":"https:\/\/www.alas.no\/#website","url":"https:\/\/www.alas.no\/","name":"Alas voiture de location","description":"Mon site web","potentialAction":[{"@type":"SearchAction","target":{"@type":"EntryPoint","urlTemplate":"https:\/\/www.alas.no\/?s={search_term_string}"},"query-input":{"@type":"PropertyValueSpecification","valueRequired":true,"valueName":"search_term_string"}}],"inLanguage":"fr-FR"}]}},"_links":{"self":[{"href":"https:\/\/www.alas.no\/fr\/wp-json\/wp\/v2\/pages\/3","targetHints":{"allow":["GET"]}}],"collection":[{"href":"https:\/\/www.alas.no\/fr\/wp-json\/wp\/v2\/pages"}],"about":[{"href":"https:\/\/www.alas.no\/fr\/wp-json\/wp\/v2\/types\/page"}],"author":[{"embeddable":true,"href":"https:\/\/www.alas.no\/fr\/wp-json\/wp\/v2\/users\/1"}],"replies":[{"embeddable":true,"href":"https:\/\/www.alas.no\/fr\/wp-json\/wp\/v2\/comments?post=3"}],"version-history":[{"count":16,"href":"https:\/\/www.alas.no\/fr\/wp-json\/wp\/v2\/pages\/3\/revisions"}],"predecessor-version":[{"id":1205,"href":"https:\/\/www.alas.no\/fr\/wp-json\/wp\/v2\/pages\/3\/revisions\/1205"}],"wp:attachment":[{"href":"https:\/\/www.alas.no\/fr\/wp-json\/wp\/v2\/media?parent=3"}],"curies":[{"name":"wp","href":"https:\/\/api.w.org\/{rel}","templated":true}]}}