{"id":776,"date":"2024-09-10T11:31:10","date_gmt":"2024-09-10T11:31:10","guid":{"rendered":"https:\/\/www.alas.no\/?page_id=776"},"modified":"2024-10-18T13:52:13","modified_gmt":"2024-10-18T13:52:13","slug":"plantilla-de-pista-comun","status":"publish","type":"page","link":"https:\/\/www.alas.no\/es\/vanlige-sporsmal\/","title":{"rendered":"Preguntas m\u00e1s frecuentes"},"content":{"rendered":"<div data-elementor-type=\"wp-page\" data-elementor-id=\"776\" class=\"elementor elementor-776\" data-elementor-post-type=\"page\">\n\t\t\t\t<div class=\"elementor-element elementor-element-ff27bcc e-con-full e-flex e-con e-parent\" data-id=\"ff27bcc\" data-element_type=\"container\" data-e-type=\"container\">\n\t\t\t\t<div class=\"elementor-element elementor-element-a6ab6c9 elementor-widget elementor-widget-n-accordion\" data-id=\"a6ab6c9\" data-element_type=\"widget\" data-e-type=\"widget\" data-settings=\"{&quot;default_state&quot;:&quot;expanded&quot;,&quot;max_items_expended&quot;:&quot;one&quot;,&quot;n_accordion_animation_duration&quot;:{&quot;unit&quot;:&quot;ms&quot;,&quot;size&quot;:400,&quot;sizes&quot;:[]}}\" data-widget_type=\"nested-accordion.default\">\n\t\t\t\t<div class=\"elementor-widget-container\">\n\t\t\t\t\t\t\t<div class=\"e-n-accordion\" aria-label=\"Acorde\u00f3n. Abra los enlaces con Intro o Espacio, ci\u00e9rrelos con Escape y navegue con las teclas de flecha.\">\n\t\t\t\t\t\t<details id=\"e-n-accordion-item-1740\" class=\"e-n-accordion-item\" open>\n\t\t\t\t<summary class=\"e-n-accordion-item-title\" data-accordion-index=\"1\" tabindex=\"0\" aria-expanded=\"true\" aria-controls=\"e-n-accordion-item-1740\" >\n\t\t\t\t\t<span class='e-n-accordion-item-title-header'><div class=\"e-n-accordion-item-title-text\"> \u00bfPuedo encontrar coches de alquiler Alas en el Aeropuerto de Bardufoss y en el Aeropuerto de Harstad\/Narvik Evenes? <\/div><\/span>\n\t\t\t\t\t\t\t<span class='e-n-accordion-item-title-icon'>\n\t\t\t<span class='e-opened' ><svg aria-hidden=\"true\" class=\"e-font-icon-svg e-fas-minus\" viewbox=\"0 0 448 512\" xmlns=\"http:\/\/www.w3.org\/2000\/svg\"><path d=\"M416 208H32c-17.67 0-32 14.33-32 32v32c0 17.67 14.33 32 32 32h384c17.67 0 32-14.33 32-32v-32c0-17.67-14.33-32-32-32z\"><\/path><\/svg><\/span>\n\t\t\t<span class='e-closed'><svg aria-hidden=\"true\" class=\"e-font-icon-svg e-fas-plus\" viewbox=\"0 0 448 512\" xmlns=\"http:\/\/www.w3.org\/2000\/svg\"><path d=\"M416 208H272V64c0-17.67-14.33-32-32-32h-32c-17.67 0-32 14.33-32 32v144H32c-17.67 0-32 14.33-32 32v32c0 17.67 14.33 32 32 32h144v144c0 17.67 14.33 32 32 32h32c17.67 0 32-14.33 32-32V304h144c17.67 0 32-14.33 32-32v-32c0-17.67-14.33-32-32-32z\"><\/path><\/svg><\/span>\n\t\t<\/span>\n\n\t\t\t\t\t\t<\/summary>\n\t\t\t\t<div role=\"region\" aria-labelledby=\"e-n-accordion-item-1740\" class=\"elementor-element elementor-element-8396303 e-con-full e-flex e-con e-child\" data-id=\"8396303\" data-element_type=\"container\" data-e-type=\"container\">\n\t\t\t\t<div class=\"elementor-element elementor-element-65f46ac elementor-widget elementor-widget-text-editor\" data-id=\"65f46ac\" data-element_type=\"widget\" data-e-type=\"widget\" data-widget_type=\"text-editor.default\">\n\t\t\t\t<div class=\"elementor-widget-container\">\n\t\t\t\t\t\t\t\t\t<p>No tenemos oficinas en los aeropuertos, ni coches disponibles, a menos que haya reservado el alquiler de coches con antelaci\u00f3n. Podemos entregarle un coche donde desee, puede encontrar m\u00e1s informaci\u00f3n sobre este servicio en nuestra p\u00e1gina web.<\/p>\t\t\t\t\t\t\t\t<\/div>\n\t\t\t\t<\/div>\n\t\t\t\t<\/div>\n\t\t\t\t\t<\/details>\n\t\t\t\t\t\t<details id=\"e-n-accordion-item-1741\" class=\"e-n-accordion-item\" >\n\t\t\t\t<summary class=\"e-n-accordion-item-title\" data-accordion-index=\"2\" tabindex=\"-1\" aria-expanded=\"false\" aria-controls=\"e-n-accordion-item-1741\" >\n\t\t\t\t\t<span class='e-n-accordion-item-title-header'><div class=\"e-n-accordion-item-title-text\"> Llego a Troms\u00f8 en avi\u00f3n, me quedo en la ciudad de Troms\u00f8 un par de d\u00edas antes de viajar a Salangen. Cuando acaben mis vacaciones, volver\u00e9 a casa desde el aeropuerto de Evenes. \u00bfEs posible entregar un coche de alquiler en Troms\u00f8 y luego dejarlo en Evenes? <\/div><\/span>\n\t\t\t\t\t\t\t<span class='e-n-accordion-item-title-icon'>\n\t\t\t<span class='e-opened' ><svg aria-hidden=\"true\" class=\"e-font-icon-svg e-fas-minus\" viewbox=\"0 0 448 512\" xmlns=\"http:\/\/www.w3.org\/2000\/svg\"><path d=\"M416 208H32c-17.67 0-32 14.33-32 32v32c0 17.67 14.33 32 32 32h384c17.67 0 32-14.33 32-32v-32c0-17.67-14.33-32-32-32z\"><\/path><\/svg><\/span>\n\t\t\t<span class='e-closed'><svg aria-hidden=\"true\" class=\"e-font-icon-svg e-fas-plus\" viewbox=\"0 0 448 512\" xmlns=\"http:\/\/www.w3.org\/2000\/svg\"><path d=\"M416 208H272V64c0-17.67-14.33-32-32-32h-32c-17.67 0-32 14.33-32 32v144H32c-17.67 0-32 14.33-32 32v32c0 17.67 14.33 32 32 32h144v144c0 17.67 14.33 32 32 32h32c17.67 0 32-14.33 32-32V304h144c17.67 0 32-14.33 32-32v-32c0-17.67-14.33-32-32-32z\"><\/path><\/svg><\/span>\n\t\t<\/span>\n\n\t\t\t\t\t\t<\/summary>\n\t\t\t\t<div role=\"region\" aria-labelledby=\"e-n-accordion-item-1741\" class=\"elementor-element elementor-element-cf3535d e-con-full e-flex e-con e-child\" data-id=\"cf3535d\" data-element_type=\"container\" data-e-type=\"container\">\n\t\t\t\t<div class=\"elementor-element elementor-element-06a0023 elementor-widget elementor-widget-text-editor\" data-id=\"06a0023\" data-element_type=\"widget\" data-e-type=\"widget\" data-widget_type=\"text-editor.default\">\n\t\t\t\t<div class=\"elementor-widget-container\">\n\t\t\t\t\t\t\t\t\t<p>Es totalmente posible. Te entregamos y recogemos el coche donde quieras. Si el alquiler dura m\u00e1s de una semana, no pagas nada extra por ello.<\/p>\t\t\t\t\t\t\t\t<\/div>\n\t\t\t\t<\/div>\n\t\t\t\t<\/div>\n\t\t\t\t\t<\/details>\n\t\t\t\t\t\t<details id=\"e-n-accordion-item-1742\" class=\"e-n-accordion-item\" >\n\t\t\t\t<summary class=\"e-n-accordion-item-title\" data-accordion-index=\"3\" tabindex=\"-1\" aria-expanded=\"false\" aria-controls=\"e-n-accordion-item-1742\" >\n\t\t\t\t\t<span class='e-n-accordion-item-title-header'><div class=\"e-n-accordion-item-title-text\"> \u00bfPor qu\u00e9 s\u00f3lo puedo elegir un tipo de coche al hacer la reserva? \"Pregunta 3 <\/div><\/span>\n\t\t\t\t\t\t\t<span class='e-n-accordion-item-title-icon'>\n\t\t\t<span class='e-opened' ><svg aria-hidden=\"true\" class=\"e-font-icon-svg e-fas-minus\" viewbox=\"0 0 448 512\" xmlns=\"http:\/\/www.w3.org\/2000\/svg\"><path d=\"M416 208H32c-17.67 0-32 14.33-32 32v32c0 17.67 14.33 32 32 32h384c17.67 0 32-14.33 32-32v-32c0-17.67-14.33-32-32-32z\"><\/path><\/svg><\/span>\n\t\t\t<span class='e-closed'><svg aria-hidden=\"true\" class=\"e-font-icon-svg e-fas-plus\" viewbox=\"0 0 448 512\" xmlns=\"http:\/\/www.w3.org\/2000\/svg\"><path d=\"M416 208H272V64c0-17.67-14.33-32-32-32h-32c-17.67 0-32 14.33-32 32v144H32c-17.67 0-32 14.33-32 32v32c0 17.67 14.33 32 32 32h144v144c0 17.67 14.33 32 32 32h32c17.67 0 32-14.33 32-32V304h144c17.67 0 32-14.33 32-32v-32c0-17.67-14.33-32-32-32z\"><\/path><\/svg><\/span>\n\t\t<\/span>\n\n\t\t\t\t\t\t<\/summary>\n\t\t\t\t<div role=\"region\" aria-labelledby=\"e-n-accordion-item-1742\" class=\"elementor-element elementor-element-a886b5c e-con-full e-flex e-con e-child\" data-id=\"a886b5c\" data-element_type=\"container\" data-e-type=\"container\">\n\t\t\t\t<div class=\"elementor-element elementor-element-8b4e025 elementor-widget elementor-widget-text-editor\" data-id=\"8b4e025\" data-element_type=\"widget\" data-e-type=\"widget\" data-widget_type=\"text-editor.default\">\n\t\t\t\t<div class=\"elementor-widget-container\">\n\t\t\t\t\t\t\t\t\t<p>Alternativ Assistanse ampli\u00f3 sus operaciones con el alquiler de coches en oto\u00f1o de 2024, y actualmente dispone de un coche de alquiler. Sin embargo, estamos evaluando continuamente la posibilidad de disponer de m\u00e1s coches, y con el tiempo aspiraremos a tener diferentes tipos de coches a su disposici\u00f3n cuando haga su reserva.<\/p>\t\t\t\t\t\t\t\t<\/div>\n\t\t\t\t<\/div>\n\t\t\t\t<\/div>\n\t\t\t\t\t<\/details>\n\t\t\t\t\t\t<details id=\"e-n-accordion-item-1743\" class=\"e-n-accordion-item\" >\n\t\t\t\t<summary class=\"e-n-accordion-item-title\" data-accordion-index=\"4\" tabindex=\"-1\" aria-expanded=\"false\" aria-controls=\"e-n-accordion-item-1743\" >\n\t\t\t\t\t<span class='e-n-accordion-item-title-header'><div class=\"e-n-accordion-item-title-text\"> \u00bfQu\u00e9 opciones de pago hay para alquilar un coche? <\/div><\/span>\n\t\t\t\t\t\t\t<span class='e-n-accordion-item-title-icon'>\n\t\t\t<span class='e-opened' ><svg aria-hidden=\"true\" class=\"e-font-icon-svg e-fas-minus\" viewbox=\"0 0 448 512\" xmlns=\"http:\/\/www.w3.org\/2000\/svg\"><path d=\"M416 208H32c-17.67 0-32 14.33-32 32v32c0 17.67 14.33 32 32 32h384c17.67 0 32-14.33 32-32v-32c0-17.67-14.33-32-32-32z\"><\/path><\/svg><\/span>\n\t\t\t<span class='e-closed'><svg aria-hidden=\"true\" class=\"e-font-icon-svg e-fas-plus\" viewbox=\"0 0 448 512\" xmlns=\"http:\/\/www.w3.org\/2000\/svg\"><path d=\"M416 208H272V64c0-17.67-14.33-32-32-32h-32c-17.67 0-32 14.33-32 32v144H32c-17.67 0-32 14.33-32 32v32c0 17.67 14.33 32 32 32h144v144c0 17.67 14.33 32 32 32h32c17.67 0 32-14.33 32-32V304h144c17.67 0 32-14.33 32-32v-32c0-17.67-14.33-32-32-32z\"><\/path><\/svg><\/span>\n\t\t<\/span>\n\n\t\t\t\t\t\t<\/summary>\n\t\t\t\t<div role=\"region\" aria-labelledby=\"e-n-accordion-item-1743\" class=\"elementor-element elementor-element-3709347 e-flex e-con-boxed e-con e-child\" data-id=\"3709347\" data-element_type=\"container\" data-e-type=\"container\">\n\t\t\t\t\t<div class=\"e-con-inner\">\n\t\t\t\t<div class=\"elementor-element elementor-element-21a48e9 elementor-widget elementor-widget-text-editor\" data-id=\"21a48e9\" data-element_type=\"widget\" data-e-type=\"widget\" data-widget_type=\"text-editor.default\">\n\t\t\t\t<div class=\"elementor-widget-container\">\n\t\t\t\t\t\t\t\t\t<p>Usted paga el alquiler por adelantado en el sistema de reservas, despu\u00e9s de haber seleccionado el periodo de alquiler. Si recoge el coche el mismo d\u00eda que se pone en contacto con nosotros para hacer la reserva, tambi\u00e9n disponemos de un terminal bancario.<\/p>\t\t\t\t\t\t\t\t<\/div>\n\t\t\t\t<\/div>\n\t\t\t\t\t<\/div>\n\t\t\t\t<\/div>\n\t\t\t\t\t<\/details>\n\t\t\t\t\t\t<details id=\"e-n-accordion-item-1744\" class=\"e-n-accordion-item\" >\n\t\t\t\t<summary class=\"e-n-accordion-item-title\" data-accordion-index=\"5\" tabindex=\"-1\" aria-expanded=\"false\" aria-controls=\"e-n-accordion-item-1744\" >\n\t\t\t\t\t<span class='e-n-accordion-item-title-header'><div class=\"e-n-accordion-item-title-text\"> \u00bfC\u00f3mo cobro los pases de peaje que he realizado durante el periodo de alquiler? <\/div><\/span>\n\t\t\t\t\t\t\t<span class='e-n-accordion-item-title-icon'>\n\t\t\t<span class='e-opened' ><svg aria-hidden=\"true\" class=\"e-font-icon-svg e-fas-minus\" viewbox=\"0 0 448 512\" xmlns=\"http:\/\/www.w3.org\/2000\/svg\"><path d=\"M416 208H32c-17.67 0-32 14.33-32 32v32c0 17.67 14.33 32 32 32h384c17.67 0 32-14.33 32-32v-32c0-17.67-14.33-32-32-32z\"><\/path><\/svg><\/span>\n\t\t\t<span class='e-closed'><svg aria-hidden=\"true\" class=\"e-font-icon-svg e-fas-plus\" viewbox=\"0 0 448 512\" xmlns=\"http:\/\/www.w3.org\/2000\/svg\"><path d=\"M416 208H272V64c0-17.67-14.33-32-32-32h-32c-17.67 0-32 14.33-32 32v144H32c-17.67 0-32 14.33-32 32v32c0 17.67 14.33 32 32 32h144v144c0 17.67 14.33 32 32 32h32c17.67 0 32-14.33 32-32V304h144c17.67 0 32-14.33 32-32v-32c0-17.67-14.33-32-32-32z\"><\/path><\/svg><\/span>\n\t\t<\/span>\n\n\t\t\t\t\t\t<\/summary>\n\t\t\t\t<div role=\"region\" aria-labelledby=\"e-n-accordion-item-1744\" class=\"elementor-element elementor-element-3169d63 e-flex e-con-boxed e-con e-child\" data-id=\"3169d63\" data-element_type=\"container\" data-e-type=\"container\">\n\t\t\t\t\t<div class=\"e-con-inner\">\n\t\t\t\t<div class=\"elementor-element elementor-element-6510d95 elementor-widget elementor-widget-text-editor\" data-id=\"6510d95\" data-element_type=\"widget\" data-e-type=\"widget\" data-widget_type=\"text-editor.default\">\n\t\t\t\t<div class=\"elementor-widget-container\">\n\t\t\t\t\t\t\t\t\t<p>Puede pagarlo al entregar el coche. Disponemos de un terminal bancario. Alternativamente, le facturaremos el importe despu\u00e9s.<\/p>\t\t\t\t\t\t\t\t<\/div>\n\t\t\t\t<\/div>\n\t\t\t\t\t<\/div>\n\t\t\t\t<\/div>\n\t\t\t\t\t<\/details>\n\t\t\t\t\t\t<details id=\"e-n-accordion-item-1745\" class=\"e-n-accordion-item\" >\n\t\t\t\t<summary class=\"e-n-accordion-item-title\" data-accordion-index=\"6\" tabindex=\"-1\" aria-expanded=\"false\" aria-controls=\"e-n-accordion-item-1745\" >\n\t\t\t\t\t<span class='e-n-accordion-item-title-header'><div class=\"e-n-accordion-item-title-text\"> Quiero cancelar el alquiler de mi coche. Puedo obtener el reembolso del importe del alquiler que he pagado? <\/div><\/span>\n\t\t\t\t\t\t\t<span class='e-n-accordion-item-title-icon'>\n\t\t\t<span class='e-opened' ><svg aria-hidden=\"true\" class=\"e-font-icon-svg e-fas-minus\" viewbox=\"0 0 448 512\" xmlns=\"http:\/\/www.w3.org\/2000\/svg\"><path d=\"M416 208H32c-17.67 0-32 14.33-32 32v32c0 17.67 14.33 32 32 32h384c17.67 0 32-14.33 32-32v-32c0-17.67-14.33-32-32-32z\"><\/path><\/svg><\/span>\n\t\t\t<span class='e-closed'><svg aria-hidden=\"true\" class=\"e-font-icon-svg e-fas-plus\" viewbox=\"0 0 448 512\" xmlns=\"http:\/\/www.w3.org\/2000\/svg\"><path d=\"M416 208H272V64c0-17.67-14.33-32-32-32h-32c-17.67 0-32 14.33-32 32v144H32c-17.67 0-32 14.33-32 32v32c0 17.67 14.33 32 32 32h144v144c0 17.67 14.33 32 32 32h32c17.67 0 32-14.33 32-32V304h144c17.67 0 32-14.33 32-32v-32c0-17.67-14.33-32-32-32z\"><\/path><\/svg><\/span>\n\t\t<\/span>\n\n\t\t\t\t\t\t<\/summary>\n\t\t\t\t<div role=\"region\" aria-labelledby=\"e-n-accordion-item-1745\" class=\"elementor-element elementor-element-18b0415 e-flex e-con-boxed e-con e-child\" data-id=\"18b0415\" data-element_type=\"container\" data-e-type=\"container\">\n\t\t\t\t\t<div class=\"e-con-inner\">\n\t\t\t\t<div class=\"elementor-element elementor-element-75d1c93 elementor-widget elementor-widget-text-editor\" data-id=\"75d1c93\" data-element_type=\"widget\" data-e-type=\"widget\" data-widget_type=\"text-editor.default\">\n\t\t\t\t<div class=\"elementor-widget-container\">\n\t\t\t\t\t\t\t\t\t<p>Si cancela el alquiler del coche hasta 24 horas antes del inicio del periodo de alquiler, se le reembolsar\u00e1 el 50 % del importe del alquiler. Si cancela el coche menos de 24 horas antes de la hora de recogida acordada, o no recoge el coche, se le cobrar\u00e1 la totalidad del periodo de alquiler acordado.<\/p>\t\t\t\t\t\t\t\t<\/div>\n\t\t\t\t<\/div>\n\t\t\t\t\t<\/div>\n\t\t\t\t<\/div>\n\t\t\t\t\t<\/details>\n\t\t\t\t\t\t<details id=\"e-n-accordion-item-1746\" class=\"e-n-accordion-item\" >\n\t\t\t\t<summary class=\"e-n-accordion-item-title\" data-accordion-index=\"7\" tabindex=\"-1\" aria-expanded=\"false\" aria-controls=\"e-n-accordion-item-1746\" >\n\t\t\t\t\t<span class='e-n-accordion-item-title-header'><div class=\"e-n-accordion-item-title-text\"> \u00bfA cu\u00e1nto asciende la franquicia si estropeo el coche?  <\/div><\/span>\n\t\t\t\t\t\t\t<span class='e-n-accordion-item-title-icon'>\n\t\t\t<span class='e-opened' ><svg aria-hidden=\"true\" class=\"e-font-icon-svg e-fas-minus\" viewbox=\"0 0 448 512\" xmlns=\"http:\/\/www.w3.org\/2000\/svg\"><path d=\"M416 208H32c-17.67 0-32 14.33-32 32v32c0 17.67 14.33 32 32 32h384c17.67 0 32-14.33 32-32v-32c0-17.67-14.33-32-32-32z\"><\/path><\/svg><\/span>\n\t\t\t<span class='e-closed'><svg aria-hidden=\"true\" class=\"e-font-icon-svg e-fas-plus\" viewbox=\"0 0 448 512\" xmlns=\"http:\/\/www.w3.org\/2000\/svg\"><path d=\"M416 208H272V64c0-17.67-14.33-32-32-32h-32c-17.67 0-32 14.33-32 32v144H32c-17.67 0-32 14.33-32 32v32c0 17.67 14.33 32 32 32h144v144c0 17.67 14.33 32 32 32h32c17.67 0 32-14.33 32-32V304h144c17.67 0 32-14.33 32-32v-32c0-17.67-14.33-32-32-32z\"><\/path><\/svg><\/span>\n\t\t<\/span>\n\n\t\t\t\t\t\t<\/summary>\n\t\t\t\t<div role=\"region\" aria-labelledby=\"e-n-accordion-item-1746\" class=\"elementor-element elementor-element-7dff789 e-flex e-con-boxed e-con e-child\" data-id=\"7dff789\" data-element_type=\"container\" data-e-type=\"container\">\n\t\t\t\t\t<div class=\"e-con-inner\">\n\t\t\t\t<div class=\"elementor-element elementor-element-c3b0864 elementor-widget elementor-widget-text-editor\" data-id=\"c3b0864\" data-element_type=\"widget\" data-e-type=\"widget\" data-widget_type=\"text-editor.default\">\n\t\t\t\t<div class=\"elementor-widget-container\">\n\t\t\t\t\t\t\t\t\t<p>La franquicia depende del tipo de da\u00f1o. Al arrendatario se le cobra una franquicia de hasta 15.000 NOK. Sin embargo, un buen n\u00famero de clientes tiene un seguro de viaje privado que cubrir\u00e1 la franquicia por cualquier da\u00f1o que pueda ocurrir al alquilar un coche. El cliente individual debe tramitarlo con su propia compa\u00f1\u00eda de seguros.<\/p>\t\t\t\t\t\t\t\t<\/div>\n\t\t\t\t<\/div>\n\t\t\t\t\t<\/div>\n\t\t\t\t<\/div>\n\t\t\t\t\t<\/details>\n\t\t\t\t\t\t<details id=\"e-n-accordion-item-1747\" class=\"e-n-accordion-item\" >\n\t\t\t\t<summary class=\"e-n-accordion-item-title\" data-accordion-index=\"8\" tabindex=\"-1\" aria-expanded=\"false\" aria-controls=\"e-n-accordion-item-1747\" >\n\t\t\t\t\t<span class='e-n-accordion-item-title-header'><div class=\"e-n-accordion-item-title-text\"> \u00bfHay alguna restricci\u00f3n en cuanto a kil\u00f3metros durante el periodo de alquiler? <\/div><\/span>\n\t\t\t\t\t\t\t<span class='e-n-accordion-item-title-icon'>\n\t\t\t<span class='e-opened' ><svg aria-hidden=\"true\" class=\"e-font-icon-svg e-fas-minus\" viewbox=\"0 0 448 512\" xmlns=\"http:\/\/www.w3.org\/2000\/svg\"><path d=\"M416 208H32c-17.67 0-32 14.33-32 32v32c0 17.67 14.33 32 32 32h384c17.67 0 32-14.33 32-32v-32c0-17.67-14.33-32-32-32z\"><\/path><\/svg><\/span>\n\t\t\t<span class='e-closed'><svg aria-hidden=\"true\" class=\"e-font-icon-svg e-fas-plus\" viewbox=\"0 0 448 512\" xmlns=\"http:\/\/www.w3.org\/2000\/svg\"><path d=\"M416 208H272V64c0-17.67-14.33-32-32-32h-32c-17.67 0-32 14.33-32 32v144H32c-17.67 0-32 14.33-32 32v32c0 17.67 14.33 32 32 32h144v144c0 17.67 14.33 32 32 32h32c17.67 0 32-14.33 32-32V304h144c17.67 0 32-14.33 32-32v-32c0-17.67-14.33-32-32-32z\"><\/path><\/svg><\/span>\n\t\t<\/span>\n\n\t\t\t\t\t\t<\/summary>\n\t\t\t\t<div role=\"region\" aria-labelledby=\"e-n-accordion-item-1747\" class=\"elementor-element elementor-element-6d151e6 e-flex e-con-boxed e-con e-child\" data-id=\"6d151e6\" data-element_type=\"container\" data-e-type=\"container\">\n\t\t\t\t\t<div class=\"e-con-inner\">\n\t\t\t\t<div class=\"elementor-element elementor-element-4d8b7b7 elementor-widget elementor-widget-text-editor\" data-id=\"4d8b7b7\" data-element_type=\"widget\" data-e-type=\"widget\" data-widget_type=\"text-editor.default\">\n\t\t\t\t<div class=\"elementor-widget-container\">\n\t\t\t\t\t\t\t\t\t<p>No hay restricciones en cuanto al n\u00famero de kil\u00f3metros recorridos. Los t\u00e9rminos y condiciones de alquiler se pueden encontrar en el enlace en la parte inferior de la p\u00e1gina web.<\/p>\t\t\t\t\t\t\t\t<\/div>\n\t\t\t\t<\/div>\n\t\t\t\t\t<\/div>\n\t\t\t\t<\/div>\n\t\t\t\t\t<\/details>\n\t\t\t\t\t<\/div>\n\t\t\t\t\t\t<\/div>\n\t\t\t\t<\/div>\n\t\t\t\t<\/div>\n\t\t\t\t<\/div>","protected":false},"excerpt":{"rendered":"<p>Finner jeg Alas leiebil p\u00e5 Bardufoss lufthavn og Harstad\/Narvik lufthavn Evenes? Vi har ikke lokaliteter p\u00e5 flyplassene, eller biler tilgjengelig, med mindre du har bestilt leiebil p\u00e5 forh\u00e5nd. Vi kan levere deg bil hvor du m\u00e5tte \u00f8nske, ytterligere info om denne tjenesten finner du p\u00e5 nettside. Jeg kommer til Troms\u00f8 med fly, blir i Troms\u00f8 [&hellip;]<\/p>\n","protected":false},"author":1,"featured_media":0,"parent":0,"menu_order":0,"comment_status":"closed","ping_status":"closed","template":"","meta":{"_acf_changed":false,"footnotes":""},"class_list":["post-776","page","type-page","status-publish","hentry"],"acf":[],"yoast_head":"<!-- This site is optimized with the Yoast SEO plugin v27.4 - https:\/\/yoast.com\/product\/yoast-seo-wordpress\/ -->\n<title>Vanlige sp\u00f8rsm\u00e5l - Alas Leiebil<\/title>\n<meta name=\"description\" content=\"F\u00e5 svar p\u00e5 vanlige sp\u00f8rsm\u00e5l om leiebil fra Alas; bestillingsprosess, leveringsalternativer, betaling, avbestilling og kilometerbegrensninger.\" \/>\n<meta name=\"robots\" content=\"index, follow, max-snippet:-1, max-image-preview:large, max-video-preview:-1\" \/>\n<link rel=\"canonical\" href=\"https:\/\/www.alas.no\/es\/plantilla-de-pista-comun\/\" \/>\n<meta property=\"og:locale\" content=\"es_ES\" \/>\n<meta property=\"og:type\" content=\"article\" \/>\n<meta property=\"og:title\" content=\"Vanlige sp\u00f8rsm\u00e5l - Alas Leiebil\" \/>\n<meta property=\"og:description\" content=\"F\u00e5 svar p\u00e5 vanlige sp\u00f8rsm\u00e5l om leiebil fra Alas; bestillingsprosess, leveringsalternativer, betaling, avbestilling og kilometerbegrensninger.\" \/>\n<meta property=\"og:url\" content=\"https:\/\/www.alas.no\/es\/plantilla-de-pista-comun\/\" \/>\n<meta property=\"og:site_name\" content=\"Alas Leiebil\" \/>\n<meta property=\"article:modified_time\" content=\"2024-10-18T13:52:13+00:00\" \/>\n<meta property=\"og:image\" content=\"https:\/\/mlyn8ia8asew.i.optimole.com\/w:auto\/h:auto\/q:mauto\/f:best\/https:\/\/www.alas.no\/wp-content\/uploads\/2024\/10\/facebook-bilde-2.png\" \/>\n\t<meta property=\"og:image:width\" content=\"1200\" \/>\n\t<meta property=\"og:image:height\" content=\"628\" \/>\n\t<meta property=\"og:image:type\" content=\"image\/png\" \/>\n<meta name=\"twitter:card\" content=\"summary_large_image\" \/>\n<meta name=\"twitter:label1\" content=\"Tiempo de lectura\" \/>\n\t<meta name=\"twitter:data1\" content=\"4 minutos\" \/>\n<script type=\"application\/ld+json\" class=\"yoast-schema-graph\">{\"@context\":\"https:\\\/\\\/schema.org\",\"@graph\":[{\"@type\":\"WebPage\",\"@id\":\"https:\\\/\\\/www.alas.no\\\/vanlige-sporsmal\\\/\",\"url\":\"https:\\\/\\\/www.alas.no\\\/vanlige-sporsmal\\\/\",\"name\":\"Vanlige sp\u00f8rsm\u00e5l - Alas Leiebil\",\"isPartOf\":{\"@id\":\"https:\\\/\\\/www.alas.no\\\/#website\"},\"datePublished\":\"2024-09-10T11:31:10+00:00\",\"dateModified\":\"2024-10-18T13:52:13+00:00\",\"description\":\"F\u00e5 svar p\u00e5 vanlige sp\u00f8rsm\u00e5l om leiebil fra Alas; bestillingsprosess, leveringsalternativer, betaling, avbestilling og kilometerbegrensninger.\",\"breadcrumb\":{\"@id\":\"https:\\\/\\\/www.alas.no\\\/vanlige-sporsmal\\\/#breadcrumb\"},\"inLanguage\":\"es\",\"potentialAction\":[{\"@type\":\"ReadAction\",\"target\":[\"https:\\\/\\\/www.alas.no\\\/vanlige-sporsmal\\\/\"]}]},{\"@type\":\"BreadcrumbList\",\"@id\":\"https:\\\/\\\/www.alas.no\\\/vanlige-sporsmal\\\/#breadcrumb\",\"itemListElement\":[{\"@type\":\"ListItem\",\"position\":1,\"name\":\"Home\",\"item\":\"https:\\\/\\\/www.alas.no\\\/\"},{\"@type\":\"ListItem\",\"position\":2,\"name\":\"Vanlige sp\u00f8rsm\u00e5l\"}]},{\"@type\":\"WebSite\",\"@id\":\"https:\\\/\\\/www.alas.no\\\/#website\",\"url\":\"https:\\\/\\\/www.alas.no\\\/\",\"name\":\"Alas Leiebil\",\"description\":\"My website\",\"potentialAction\":[{\"@type\":\"SearchAction\",\"target\":{\"@type\":\"EntryPoint\",\"urlTemplate\":\"https:\\\/\\\/www.alas.no\\\/?s={search_term_string}\"},\"query-input\":{\"@type\":\"PropertyValueSpecification\",\"valueRequired\":true,\"valueName\":\"search_term_string\"}}],\"inLanguage\":\"es\"}]}<\/script>\n<!-- \/ Yoast SEO plugin. -->","yoast_head_json":{"title":"Preguntas frecuentes - Alas alquiler de coches","description":"Obtenga respuestas a las preguntas m\u00e1s frecuentes sobre el alquiler de coches de Alas; proceso de reserva, opciones de entrega, pago, cancelaci\u00f3n y restricciones de kilometraje.","robots":{"index":"index","follow":"follow","max-snippet":"max-snippet:-1","max-image-preview":"max-image-preview:large","max-video-preview":"max-video-preview:-1"},"canonical":"https:\/\/www.alas.no\/es\/plantilla-de-pista-comun\/","og_locale":"es_ES","og_type":"article","og_title":"Vanlige sp\u00f8rsm\u00e5l - Alas Leiebil","og_description":"F\u00e5 svar p\u00e5 vanlige sp\u00f8rsm\u00e5l om leiebil fra Alas; bestillingsprosess, leveringsalternativer, betaling, avbestilling og kilometerbegrensninger.","og_url":"https:\/\/www.alas.no\/es\/plantilla-de-pista-comun\/","og_site_name":"Alas Leiebil","article_modified_time":"2024-10-18T13:52:13+00:00","og_image":[{"width":1200,"height":628,"url":"https:\/\/mlyn8ia8asew.i.optimole.com\/w:auto\/h:auto\/q:mauto\/f:best\/https:\/\/www.alas.no\/wp-content\/uploads\/2024\/10\/facebook-bilde-2.png","type":"image\/png"}],"twitter_card":"summary_large_image","twitter_misc":{"Tiempo de lectura":"4 minutos"},"schema":{"@context":"https:\/\/schema.org","@graph":[{"@type":"WebPage","@id":"https:\/\/www.alas.no\/vanlige-sporsmal\/","url":"https:\/\/www.alas.no\/vanlige-sporsmal\/","name":"Preguntas frecuentes - Alas alquiler de coches","isPartOf":{"@id":"https:\/\/www.alas.no\/#website"},"datePublished":"2024-09-10T11:31:10+00:00","dateModified":"2024-10-18T13:52:13+00:00","description":"Obtenga respuestas a las preguntas m\u00e1s frecuentes sobre el alquiler de coches de Alas; proceso de reserva, opciones de entrega, pago, cancelaci\u00f3n y restricciones de kilometraje.","breadcrumb":{"@id":"https:\/\/www.alas.no\/vanlige-sporsmal\/#breadcrumb"},"inLanguage":"es","potentialAction":[{"@type":"ReadAction","target":["https:\/\/www.alas.no\/vanlige-sporsmal\/"]}]},{"@type":"BreadcrumbList","@id":"https:\/\/www.alas.no\/vanlige-sporsmal\/#breadcrumb","itemListElement":[{"@type":"ListItem","position":1,"name":"Home","item":"https:\/\/www.alas.no\/"},{"@type":"ListItem","position":2,"name":"Vanlige sp\u00f8rsm\u00e5l"}]},{"@type":"WebSite","@id":"https:\/\/www.alas.no\/#website","url":"https:\/\/www.alas.no\/","name":"Alas alquiler de coches","description":"Mi sitio web","potentialAction":[{"@type":"SearchAction","target":{"@type":"EntryPoint","urlTemplate":"https:\/\/www.alas.no\/?s={search_term_string}"},"query-input":{"@type":"PropertyValueSpecification","valueRequired":true,"valueName":"search_term_string"}}],"inLanguage":"es"}]}},"_links":{"self":[{"href":"https:\/\/www.alas.no\/es\/wp-json\/wp\/v2\/pages\/776","targetHints":{"allow":["GET"]}}],"collection":[{"href":"https:\/\/www.alas.no\/es\/wp-json\/wp\/v2\/pages"}],"about":[{"href":"https:\/\/www.alas.no\/es\/wp-json\/wp\/v2\/types\/page"}],"author":[{"embeddable":true,"href":"https:\/\/www.alas.no\/es\/wp-json\/wp\/v2\/users\/1"}],"replies":[{"embeddable":true,"href":"https:\/\/www.alas.no\/es\/wp-json\/wp\/v2\/comments?post=776"}],"version-history":[{"count":31,"href":"https:\/\/www.alas.no\/es\/wp-json\/wp\/v2\/pages\/776\/revisions"}],"predecessor-version":[{"id":1498,"href":"https:\/\/www.alas.no\/es\/wp-json\/wp\/v2\/pages\/776\/revisions\/1498"}],"wp:attachment":[{"href":"https:\/\/www.alas.no\/es\/wp-json\/wp\/v2\/media?parent=776"}],"curies":[{"name":"wp","href":"https:\/\/api.w.org\/{rel}","templated":true}]}}