{"id":3,"date":"2024-08-15T14:01:20","date_gmt":"2024-08-15T14:01:20","guid":{"rendered":"https:\/\/www.alas.no\/?page_id=3"},"modified":"2024-09-27T09:34:23","modified_gmt":"2024-09-27T09:34:23","slug":"politica-de-privacidad","status":"publish","type":"page","link":"https:\/\/www.alas.no\/es\/privacy-policy\/","title":{"rendered":"Pol\u00edtica de privacidad"},"content":{"rendered":"<div data-elementor-type=\"wp-page\" data-elementor-id=\"3\" class=\"elementor elementor-3\" data-elementor-post-type=\"page\">\n\t\t\t\t<div class=\"elementor-element elementor-element-e8e9d83 e-con-full e-flex e-con e-parent\" data-id=\"e8e9d83\" data-element_type=\"container\" data-e-type=\"container\">\n\t\t\t\t<div class=\"elementor-element elementor-element-88a53f0 elementor-widget elementor-widget-text-editor\" data-id=\"88a53f0\" data-element_type=\"widget\" data-e-type=\"widget\" data-widget_type=\"text-editor.default\">\n\t\t\t\t<div class=\"elementor-widget-container\">\n\t\t\t\t\t\t\t\t\t<p>\u00daltima actualizaci\u00f3n: <strong>16.09.2024<\/strong><\/p>\n<p>Alas Leiebil, legalmente registrada como Alternativ Assistanse AS (org. n\u00ba 923 239 596), gestiona el sitio web www.alas.no. En esta p\u00e1gina, le informaremos sobre los tipos de datos personales que recogemos y c\u00f3mo se utilizan. Al acceder a nuestro sitio web y utilizar nuestros servicios, usted acepta la recogida y el uso de la informaci\u00f3n descrita en esta pol\u00edtica de privacidad.<\/p>\n<h2>Recogida y tratamiento de datos personales:<\/h2>\n<p>Cuando utilice nuestro sitio web o nuestros servicios, es posible que le pidamos que nos facilite informaci\u00f3n personal. Esto puede incluir, por ejemplo, su nombre, direcci\u00f3n, direcci\u00f3n de correo electr\u00f3nico, n\u00famero de tel\u00e9fono, datos de pago u otra informaci\u00f3n identificable.<\/p>\n<p>Tambi\u00e9n recopilamos informaci\u00f3n relacionada con las reservas de veh\u00edculos, como los lugares de recogida y devoluci\u00f3n, las fechas de alquiler y los veh\u00edculos que alquila.<\/p>\n<h2>Uso de la informaci\u00f3n:<\/h2>\n<p>Utilizamos su informaci\u00f3n personal para facilitar y garantizar la calidad de su reserva de alquiler de coches, realizar transacciones y establecer comunicaci\u00f3n con usted. Podemos utilizar la informaci\u00f3n para responder a sus consultas y proporcionarle asistencia cuando la necesite.<\/p>\n<h2>Intercambio de informaci\u00f3n:<\/h2>\n<p>Podemos compartir su informaci\u00f3n con terceros proveedores de servicios que nos ayudan a gestionar el sitio web, procesar transacciones o prestarle otros servicios. A efectos contables, la informaci\u00f3n se comparte y conserva de acuerdo con la legislaci\u00f3n contable aplicable. Podemos compartir su informaci\u00f3n cuando lo exija la ley, para hacer cumplir nuestras pol\u00edticas, para proteger nuestros derechos, propiedad o seguridad.<\/p>\n<h2>Galletas:<\/h2>\n<p>Las cookies son archivos con una peque\u00f1a cantidad de datos, que pueden contener un identificador \u00fanico an\u00f3nimo. Las cookies se env\u00edan a su navegador desde un sitio web y se almacenan en el disco duro de su ordenador. Utilizamos cookies para recopilar informaci\u00f3n. Puede dar instrucciones a su navegador para que el almacenamiento de cookies s\u00f3lo se acepte cuando usted d\u00e9 su consentimiento. Sin embargo, es posible que no pueda utilizar algunas partes de nuestro servicio si no acepta las cookies.<\/p>\n<h2>Seguridad:<\/h2>\n<p>Para nosotros es importante que su informaci\u00f3n se maneje de forma segura. Es importante que recuerde que ning\u00fan m\u00e9todo de transmisi\u00f3n por Internet o de almacenamiento electr\u00f3nico es absolutamente seguro. Aunque hacemos todo lo posible para proteger su informaci\u00f3n personal, no podemos garantizar su seguridad absoluta.<\/p>\n<h2>Enlaces a otros sitios web:<\/h2>\n<p>Nuestro Servicio puede contener enlaces a otros sitios web no gestionados por nosotros. Le recomendamos que consulte la pol\u00edtica de privacidad de cada sitio web que visite. No tenemos ning\u00fan control sobre el contenido o las pr\u00e1cticas de privacidad de los sitios web o servicios de terceros y, por tanto, no podemos asumir ninguna responsabilidad al respecto.<\/p>\n<h2>Privacidad de los ni\u00f1os:<\/h2>\n<p>Nuestro servicio no est\u00e1 dirigido a menores de 18 a\u00f1os. No recopilamos conscientemente informaci\u00f3n personal de menores de 18 a\u00f1os. Si tiene conocimiento de que un ni\u00f1o nos ha proporcionado informaci\u00f3n personal, p\u00f3ngase en contacto con nosotros para que podamos tomar las medidas necesarias para eliminar dicha informaci\u00f3n.<\/p>\n<h2>Cambios en esta pol\u00edtica de privacidad:<\/h2>\n<p>Podemos actualizar esta Pol\u00edtica de Privacidad de vez en cuando. Le notificaremos cualquier cambio sustancial publicando la Pol\u00edtica de Privacidad actualizada en nuestro sitio web. Le recomendamos que revise peri\u00f3dicamente esta Pol\u00edtica de Privacidad para asegurarse de que conoce cualquier cambio.<\/p>\n<h2>P\u00f3ngase en contacto con nosotros para conocer la pol\u00edtica de privacidad:<\/h2>\n<p>Si tiene alguna pregunta sobre esta pol\u00edtica de privacidad, p\u00f3ngase en contacto con nosotros en <a href=\"mailto:post@alas.no\">post@alas.no<\/a><\/p>\n<p>Al utilizar nuestro sitio web y nuestros servicios, usted reconoce que ha le\u00eddo y comprendido esta Pol\u00edtica de Privacidad y que acepta quedar vinculado por sus t\u00e9rminos y condiciones.<\/p>\t\t\t\t\t\t\t\t<\/div>\n\t\t\t\t<\/div>\n\t\t\t\t<\/div>\n\t\t\t\t<\/div>","protected":false},"excerpt":{"rendered":"<p>Sist oppdatert: 16.09.2024 Alas Leiebil, lovlig registrert som Alternativ Assistanse AS (org.nr. 923 239 596), driver nettstedet www.alas.no. Vi vil p\u00e5 denne siden informere deg om hvilke typer personopplysninger vi samler inn og hvordan de brukes. Ved \u00e5 g\u00e5 inn p\u00e5 v\u00e5rt nettsted og bruke v\u00e5re tjenester, samtykker du til innsamling og bruk av informasjon [&hellip;]<\/p>\n","protected":false},"author":1,"featured_media":0,"parent":0,"menu_order":0,"comment_status":"closed","ping_status":"open","template":"","meta":{"_acf_changed":false,"footnotes":""},"class_list":["post-3","page","type-page","status-publish","hentry"],"acf":[],"yoast_head":"<!-- This site is optimized with the Yoast SEO plugin v27.3 - https:\/\/yoast.com\/product\/yoast-seo-wordpress\/ -->\n<title>Personvernerkl\u00e6ring - Alas Leiebil<\/title>\n<meta name=\"robots\" content=\"index, follow, max-snippet:-1, max-image-preview:large, max-video-preview:-1\" \/>\n<link rel=\"canonical\" href=\"https:\/\/www.alas.no\/es\/politica-de-privacidad\/\" \/>\n<meta property=\"og:locale\" content=\"es_ES\" \/>\n<meta property=\"og:type\" content=\"article\" \/>\n<meta property=\"og:title\" content=\"Personvernerkl\u00e6ring - Alas Leiebil\" \/>\n<meta property=\"og:description\" content=\"Sist oppdatert: 16.09.2024 Alas Leiebil, lovlig registrert som Alternativ Assistanse AS (org.nr. 923 239 596), driver nettstedet www.alas.no. Vi vil p\u00e5 denne siden informere deg om hvilke typer personopplysninger vi samler inn og hvordan de brukes. Ved \u00e5 g\u00e5 inn p\u00e5 v\u00e5rt nettsted og bruke v\u00e5re tjenester, samtykker du til innsamling og bruk av informasjon [&hellip;]\" \/>\n<meta property=\"og:url\" content=\"https:\/\/www.alas.no\/es\/politica-de-privacidad\/\" \/>\n<meta property=\"og:site_name\" content=\"Alas Leiebil\" \/>\n<meta property=\"article:modified_time\" content=\"2024-09-27T09:34:23+00:00\" \/>\n<meta property=\"og:image\" content=\"https:\/\/mlyn8ia8asew.i.optimole.com\/w:auto\/h:auto\/q:mauto\/f:best\/https:\/\/www.alas.no\/wp-content\/uploads\/2024\/10\/facebook-bilde-2.png\" \/>\n\t<meta property=\"og:image:width\" content=\"1200\" \/>\n\t<meta property=\"og:image:height\" content=\"628\" \/>\n\t<meta property=\"og:image:type\" content=\"image\/png\" \/>\n<meta name=\"twitter:card\" content=\"summary_large_image\" \/>\n<meta name=\"twitter:label1\" content=\"Tiempo de lectura\" \/>\n\t<meta name=\"twitter:data1\" content=\"3 minutos\" \/>\n<script type=\"application\/ld+json\" class=\"yoast-schema-graph\">{\"@context\":\"https:\\\/\\\/schema.org\",\"@graph\":[{\"@type\":\"WebPage\",\"@id\":\"https:\\\/\\\/www.alas.no\\\/privacy-policy\\\/\",\"url\":\"https:\\\/\\\/www.alas.no\\\/privacy-policy\\\/\",\"name\":\"Personvernerkl\u00e6ring - Alas Leiebil\",\"isPartOf\":{\"@id\":\"https:\\\/\\\/www.alas.no\\\/#website\"},\"datePublished\":\"2024-08-15T14:01:20+00:00\",\"dateModified\":\"2024-09-27T09:34:23+00:00\",\"breadcrumb\":{\"@id\":\"https:\\\/\\\/www.alas.no\\\/privacy-policy\\\/#breadcrumb\"},\"inLanguage\":\"es\",\"potentialAction\":[{\"@type\":\"ReadAction\",\"target\":[\"https:\\\/\\\/www.alas.no\\\/privacy-policy\\\/\"]}]},{\"@type\":\"BreadcrumbList\",\"@id\":\"https:\\\/\\\/www.alas.no\\\/privacy-policy\\\/#breadcrumb\",\"itemListElement\":[{\"@type\":\"ListItem\",\"position\":1,\"name\":\"Home\",\"item\":\"https:\\\/\\\/www.alas.no\\\/\"},{\"@type\":\"ListItem\",\"position\":2,\"name\":\"Personvernerkl\u00e6ring\"}]},{\"@type\":\"WebSite\",\"@id\":\"https:\\\/\\\/www.alas.no\\\/#website\",\"url\":\"https:\\\/\\\/www.alas.no\\\/\",\"name\":\"Alas Leiebil\",\"description\":\"My website\",\"potentialAction\":[{\"@type\":\"SearchAction\",\"target\":{\"@type\":\"EntryPoint\",\"urlTemplate\":\"https:\\\/\\\/www.alas.no\\\/?s={search_term_string}\"},\"query-input\":{\"@type\":\"PropertyValueSpecification\",\"valueRequired\":true,\"valueName\":\"search_term_string\"}}],\"inLanguage\":\"es\"}]}<\/script>\n<!-- \/ Yoast SEO plugin. -->","yoast_head_json":{"title":"Pol\u00edtica de privacidad - Alas alquiler de coches","robots":{"index":"index","follow":"follow","max-snippet":"max-snippet:-1","max-image-preview":"max-image-preview:large","max-video-preview":"max-video-preview:-1"},"canonical":"https:\/\/www.alas.no\/es\/politica-de-privacidad\/","og_locale":"es_ES","og_type":"article","og_title":"Personvernerkl\u00e6ring - Alas Leiebil","og_description":"Sist oppdatert: 16.09.2024 Alas Leiebil, lovlig registrert som Alternativ Assistanse AS (org.nr. 923 239 596), driver nettstedet www.alas.no. Vi vil p\u00e5 denne siden informere deg om hvilke typer personopplysninger vi samler inn og hvordan de brukes. Ved \u00e5 g\u00e5 inn p\u00e5 v\u00e5rt nettsted og bruke v\u00e5re tjenester, samtykker du til innsamling og bruk av informasjon [&hellip;]","og_url":"https:\/\/www.alas.no\/es\/politica-de-privacidad\/","og_site_name":"Alas Leiebil","article_modified_time":"2024-09-27T09:34:23+00:00","og_image":[{"width":1200,"height":628,"url":"https:\/\/mlyn8ia8asew.i.optimole.com\/w:auto\/h:auto\/q:mauto\/f:best\/https:\/\/www.alas.no\/wp-content\/uploads\/2024\/10\/facebook-bilde-2.png","type":"image\/png"}],"twitter_card":"summary_large_image","twitter_misc":{"Tiempo de lectura":"3 minutos"},"schema":{"@context":"https:\/\/schema.org","@graph":[{"@type":"WebPage","@id":"https:\/\/www.alas.no\/privacy-policy\/","url":"https:\/\/www.alas.no\/privacy-policy\/","name":"Pol\u00edtica de privacidad - Alas alquiler de coches","isPartOf":{"@id":"https:\/\/www.alas.no\/#website"},"datePublished":"2024-08-15T14:01:20+00:00","dateModified":"2024-09-27T09:34:23+00:00","breadcrumb":{"@id":"https:\/\/www.alas.no\/privacy-policy\/#breadcrumb"},"inLanguage":"es","potentialAction":[{"@type":"ReadAction","target":["https:\/\/www.alas.no\/privacy-policy\/"]}]},{"@type":"BreadcrumbList","@id":"https:\/\/www.alas.no\/privacy-policy\/#breadcrumb","itemListElement":[{"@type":"ListItem","position":1,"name":"Home","item":"https:\/\/www.alas.no\/"},{"@type":"ListItem","position":2,"name":"Personvernerkl\u00e6ring"}]},{"@type":"WebSite","@id":"https:\/\/www.alas.no\/#website","url":"https:\/\/www.alas.no\/","name":"Alas alquiler de coches","description":"Mi sitio web","potentialAction":[{"@type":"SearchAction","target":{"@type":"EntryPoint","urlTemplate":"https:\/\/www.alas.no\/?s={search_term_string}"},"query-input":{"@type":"PropertyValueSpecification","valueRequired":true,"valueName":"search_term_string"}}],"inLanguage":"es"}]}},"_links":{"self":[{"href":"https:\/\/www.alas.no\/es\/wp-json\/wp\/v2\/pages\/3","targetHints":{"allow":["GET"]}}],"collection":[{"href":"https:\/\/www.alas.no\/es\/wp-json\/wp\/v2\/pages"}],"about":[{"href":"https:\/\/www.alas.no\/es\/wp-json\/wp\/v2\/types\/page"}],"author":[{"embeddable":true,"href":"https:\/\/www.alas.no\/es\/wp-json\/wp\/v2\/users\/1"}],"replies":[{"embeddable":true,"href":"https:\/\/www.alas.no\/es\/wp-json\/wp\/v2\/comments?post=3"}],"version-history":[{"count":16,"href":"https:\/\/www.alas.no\/es\/wp-json\/wp\/v2\/pages\/3\/revisions"}],"predecessor-version":[{"id":1205,"href":"https:\/\/www.alas.no\/es\/wp-json\/wp\/v2\/pages\/3\/revisions\/1205"}],"wp:attachment":[{"href":"https:\/\/www.alas.no\/es\/wp-json\/wp\/v2\/media?parent=3"}],"curies":[{"name":"wp","href":"https:\/\/api.w.org\/{rel}","templated":true}]}}