{"id":109,"date":"2024-08-26T09:40:05","date_gmt":"2024-08-26T09:40:05","guid":{"rendered":"https:\/\/www.alas.no\/terms-conditions\/"},"modified":"2025-06-16T05:59:18","modified_gmt":"2025-06-16T05:59:18","slug":"alas-alquiler-de-coches-terminos-y-condiciones","status":"publish","type":"page","link":"https:\/\/www.alas.no\/es\/vilkar-og-betingelser-hos-alas-leiebil\/","title":{"rendered":"T\u00e9rminos y condiciones - Alas Car hire"},"content":{"rendered":"<div data-elementor-type=\"wp-page\" data-elementor-id=\"109\" class=\"elementor elementor-109\" data-elementor-post-type=\"page\">\n\t\t\t\t<div class=\"elementor-element elementor-element-2ad4690b e-con-full e-flex e-con e-parent\" data-id=\"2ad4690b\" data-element_type=\"container\" data-e-type=\"container\">\n\t\t\t\t<div class=\"elementor-element elementor-element-4eb6e0d4 elementor-widget elementor-widget-text-editor\" data-id=\"4eb6e0d4\" data-element_type=\"widget\" data-e-type=\"widget\" id=\"vilkaar-text\" data-widget_type=\"text-editor.default\">\n\t\t\t\t<div class=\"elementor-widget-container\">\n\t\t\t\t\t\t\t\t\t<p>Estos t\u00e9rminos y condiciones regulan el alquiler de coches con Alternativ Assistanse\/Alas Rent a Car. <br \/>Al alquilar un coche de Alternativ Assistanse, acepta cumplir estas condiciones.<\/p><h2>Condiciones generales<\/h2><p>El inquilino debe presentar un permiso de conducir v\u00e1lido al firmar el contrato de alquiler.<\/p><p>Se aplican los kil\u00f3metros gratuitos.<\/p><p>No se admiten perros, mascotas ni fumadores en el alquiler de coches.<\/p><p>En caso de defecto en el veh\u00edculo de alquiler, el contrato de alquiler se rescindir\u00e1 inmediatamente a partir de la fecha de notificaci\u00f3n del da\u00f1o.<\/p><h2>Pago del per\u00edodo de alquiler<\/h2><p>El alquiler se paga por adelantado a trav\u00e9s del sistema de reservas de la empresa o de los servicios de pago. <br \/>Si se cancela el alquiler del coche hasta 24 horas antes del inicio del alquiler, se reembolsar\u00e1 el 50 % del importe del alquiler.<\/p><h2>Entrega del veh\u00edculo de alquiler<\/h2><p>El coche de alquiler estar\u00e1 disponible en la direcci\u00f3n del arrendador a partir de la hora de recogida acordada. Si el coche de alquiler no es recogido dentro de las 8 horas siguientes a su puesta a disposici\u00f3n, el arrendador podr\u00e1 rescindir el contrato con efecto inmediato si no se establece contacto con el arrendatario. El arrendador tiene derecho al alquiler estipulado en el contrato.<\/p><p>Si se ha acordado la entrega del veh\u00edculo de alquiler en un lugar distinto a la direcci\u00f3n del arrendador, se aplica el primer p\u00e1rrafo con un tiempo de recogida de 3 horas.<\/p><p>En el momento de la entrega del objeto alquilado, \u00e9ste debe estar en estado de funcionamiento, con suficiente capacidad de bater\u00eda.<\/p><p>El arrendatario realiza una inspecci\u00f3n de recepci\u00f3n del veh\u00edculo de alquiler junto con el arrendador o el representante del arrendador antes de que el veh\u00edculo entre en uso. Cualquier desviaci\u00f3n, da\u00f1o u observaci\u00f3n se documenta por escrito y con fotos por ambas partes. Los da\u00f1os que se produzcan durante el periodo de alquiler correr\u00e1n a cargo del arrendatario.<\/p><h2>Devoluci\u00f3n del coche de alquiler<\/h2><p>El arrendatario est\u00e1 obligado a devolver el coche de alquiler en la direcci\u00f3n del arrendador, salvo que se acuerde otra cosa por escrito. El coche de alquiler debe estar en las mismas condiciones que cuando se entreg\u00f3 y tener la misma capacidad de bater\u00eda que cuando se entreg\u00f3. Si la capacidad de la bater\u00eda es inferior a la que ten\u00eda en el momento de la entrega, el arrendatario deber\u00e1 abonar una tasa de 500 NOK. 500,- <br \/>Si el veh\u00edculo se devuelve m\u00e1s tarde de lo acordado, pueden producirse gastos adicionales.<\/p><h2>Facturaci\u00f3n<\/h2><p>Se cobrar\u00e1n al inquilino los pases de peaje, billetes de ferry, aparcamientos, etc. Esto se facturar\u00e1 a posteriori. Tambi\u00e9n se facturar\u00e1 a posteriori una franquicia en caso de da\u00f1os.<\/p><h2>Seguros<\/h2><p>El arrendador ha suscrito un seguro de accidentes, incendios y responsabilidad civil. En caso de da\u00f1os cubiertos por el seguro, se cobrar\u00e1 al inquilino una franquicia de hasta 15.000 NOK. Otros da\u00f1os causados por negligencia grave, intoxicaci\u00f3n o similares, que el seguro no cubra, correr\u00e1n a cargo del inquilino en su totalidad.<\/p><p>En caso de da\u00f1os, asistencia en carretera o aver\u00edas en el veh\u00edculo, el arrendatario deber\u00e1 notificarlo inmediatamente a la empresa de alquiler.<\/p><p><strong>Informaci\u00f3n de contacto:<\/strong><\/p><p>Correo electr\u00f3nico: <a href=\"mailto:post@alas.no\">post@alas.no<\/a><\/p><p>Tel: 77 17 17 17<\/p><p>P\u00e1gina web: <a href=\"http:\/\/www.alas.no\">www.alas.no<\/a><\/p>\t\t\t\t\t\t\t\t<\/div>\n\t\t\t\t<\/div>\n\t\t\t\t<\/div>\n\t\t\t\t<\/div>","protected":false},"excerpt":{"rendered":"<p>Disse vilk\u00e5rene regulerer leie av bil hos Alternativ Assistanse\/Alas leiebil. Ved \u00e5 leie bil fra Alternativ Assistanse samtykker du i \u00e5 overholde disse vilk\u00e5rene. Generelle vilk\u00e5r Leietaker m\u00e5 fremvise gyldig f\u00f8rerkort ved inng\u00e5else av leiekontrakt. Fri kilometer gjelder. Hunder, kj\u00e6ledyr eller r\u00f8yking er ikke tillatt i leiebilen. Dersom det skulle oppst\u00e5 feil p\u00e5 leiebil, opph\u00f8rer [&hellip;]<\/p>\n","protected":false},"author":1,"featured_media":0,"parent":0,"menu_order":0,"comment_status":"closed","ping_status":"closed","template":"","meta":{"_acf_changed":false,"footnotes":""},"class_list":["post-109","page","type-page","status-publish","hentry"],"acf":[],"yoast_head":"<!-- This site is optimized with the Yoast SEO plugin v27.3 - https:\/\/yoast.com\/product\/yoast-seo-wordpress\/ -->\n<title>Vilk\u00e5r og betingelser hos Alas Leiebil hos Alas Leiebil<\/title>\n<meta name=\"description\" content=\"Les vilk\u00e5r og betingelser hos Alas Leiebil: betaling, utlevering, retur, forsikring, og regler for skader og kj\u00f8ret\u00f8ybruk\" \/>\n<meta name=\"robots\" content=\"index, follow, max-snippet:-1, max-image-preview:large, max-video-preview:-1\" \/>\n<link rel=\"canonical\" href=\"https:\/\/www.alas.no\/es\/alas-alquiler-de-coches-terminos-y-condiciones\/\" \/>\n<meta property=\"og:locale\" content=\"es_ES\" \/>\n<meta property=\"og:type\" content=\"article\" \/>\n<meta property=\"og:title\" content=\"Vilk\u00e5r og betingelser hos Alas Leiebil hos Alas Leiebil\" \/>\n<meta property=\"og:description\" content=\"Les vilk\u00e5r og betingelser hos Alas Leiebil: betaling, utlevering, retur, forsikring, og regler for skader og kj\u00f8ret\u00f8ybruk\" \/>\n<meta property=\"og:url\" content=\"https:\/\/www.alas.no\/es\/alas-alquiler-de-coches-terminos-y-condiciones\/\" \/>\n<meta property=\"og:site_name\" content=\"Alas Leiebil\" \/>\n<meta property=\"article:modified_time\" content=\"2025-06-16T05:59:18+00:00\" \/>\n<meta property=\"og:image\" content=\"https:\/\/mlyn8ia8asew.i.optimole.com\/w:auto\/h:auto\/q:mauto\/f:best\/https:\/\/www.alas.no\/wp-content\/uploads\/2024\/10\/facebook-bilde-2.png\" \/>\n\t<meta property=\"og:image:width\" content=\"1200\" \/>\n\t<meta property=\"og:image:height\" content=\"628\" \/>\n\t<meta property=\"og:image:type\" content=\"image\/png\" \/>\n<meta name=\"twitter:card\" content=\"summary_large_image\" \/>\n<meta name=\"twitter:label1\" content=\"Tiempo de lectura\" \/>\n\t<meta name=\"twitter:data1\" content=\"2 minutos\" \/>\n<script type=\"application\/ld+json\" class=\"yoast-schema-graph\">{\"@context\":\"https:\\\/\\\/schema.org\",\"@graph\":[{\"@type\":\"WebPage\",\"@id\":\"https:\\\/\\\/www.alas.no\\\/vilkar-og-betingelser-hos-alas-leiebil\\\/\",\"url\":\"https:\\\/\\\/www.alas.no\\\/vilkar-og-betingelser-hos-alas-leiebil\\\/\",\"name\":\"Vilk\u00e5r og betingelser hos Alas Leiebil hos Alas Leiebil\",\"isPartOf\":{\"@id\":\"https:\\\/\\\/www.alas.no\\\/#website\"},\"datePublished\":\"2024-08-26T09:40:05+00:00\",\"dateModified\":\"2025-06-16T05:59:18+00:00\",\"description\":\"Les vilk\u00e5r og betingelser hos Alas Leiebil: betaling, utlevering, retur, forsikring, og regler for skader og kj\u00f8ret\u00f8ybruk\",\"breadcrumb\":{\"@id\":\"https:\\\/\\\/www.alas.no\\\/vilkar-og-betingelser-hos-alas-leiebil\\\/#breadcrumb\"},\"inLanguage\":\"es\",\"potentialAction\":[{\"@type\":\"ReadAction\",\"target\":[\"https:\\\/\\\/www.alas.no\\\/vilkar-og-betingelser-hos-alas-leiebil\\\/\"]}]},{\"@type\":\"BreadcrumbList\",\"@id\":\"https:\\\/\\\/www.alas.no\\\/vilkar-og-betingelser-hos-alas-leiebil\\\/#breadcrumb\",\"itemListElement\":[{\"@type\":\"ListItem\",\"position\":1,\"name\":\"Home\",\"item\":\"https:\\\/\\\/www.alas.no\\\/\"},{\"@type\":\"ListItem\",\"position\":2,\"name\":\"Vilk\u00e5r og betingelser hos Alas Leiebil\"}]},{\"@type\":\"WebSite\",\"@id\":\"https:\\\/\\\/www.alas.no\\\/#website\",\"url\":\"https:\\\/\\\/www.alas.no\\\/\",\"name\":\"Alas Leiebil\",\"description\":\"My website\",\"potentialAction\":[{\"@type\":\"SearchAction\",\"target\":{\"@type\":\"EntryPoint\",\"urlTemplate\":\"https:\\\/\\\/www.alas.no\\\/?s={search_term_string}\"},\"query-input\":{\"@type\":\"PropertyValueSpecification\",\"valueRequired\":true,\"valueName\":\"search_term_string\"}}],\"inLanguage\":\"es\"}]}<\/script>\n<!-- \/ Yoast SEO plugin. -->","yoast_head_json":{"title":"T\u00e9rminos y condiciones en Alas Car Hire en Alas Car Hire","description":"Lea los t\u00e9rminos y condiciones en Alas Car Hire: pago, entrega, devoluci\u00f3n, seguro y normas de da\u00f1os y uso del veh\u00edculo.","robots":{"index":"index","follow":"follow","max-snippet":"max-snippet:-1","max-image-preview":"max-image-preview:large","max-video-preview":"max-video-preview:-1"},"canonical":"https:\/\/www.alas.no\/es\/alas-alquiler-de-coches-terminos-y-condiciones\/","og_locale":"es_ES","og_type":"article","og_title":"Vilk\u00e5r og betingelser hos Alas Leiebil hos Alas Leiebil","og_description":"Les vilk\u00e5r og betingelser hos Alas Leiebil: betaling, utlevering, retur, forsikring, og regler for skader og kj\u00f8ret\u00f8ybruk","og_url":"https:\/\/www.alas.no\/es\/alas-alquiler-de-coches-terminos-y-condiciones\/","og_site_name":"Alas Leiebil","article_modified_time":"2025-06-16T05:59:18+00:00","og_image":[{"width":1200,"height":628,"url":"https:\/\/mlyn8ia8asew.i.optimole.com\/w:auto\/h:auto\/q:mauto\/f:best\/https:\/\/www.alas.no\/wp-content\/uploads\/2024\/10\/facebook-bilde-2.png","type":"image\/png"}],"twitter_card":"summary_large_image","twitter_misc":{"Tiempo de lectura":"2 minutos"},"schema":{"@context":"https:\/\/schema.org","@graph":[{"@type":"WebPage","@id":"https:\/\/www.alas.no\/vilkar-og-betingelser-hos-alas-leiebil\/","url":"https:\/\/www.alas.no\/vilkar-og-betingelser-hos-alas-leiebil\/","name":"T\u00e9rminos y condiciones en Alas Car Hire en Alas Car Hire","isPartOf":{"@id":"https:\/\/www.alas.no\/#website"},"datePublished":"2024-08-26T09:40:05+00:00","dateModified":"2025-06-16T05:59:18+00:00","description":"Lea los t\u00e9rminos y condiciones en Alas Car Hire: pago, entrega, devoluci\u00f3n, seguro y normas de da\u00f1os y uso del veh\u00edculo.","breadcrumb":{"@id":"https:\/\/www.alas.no\/vilkar-og-betingelser-hos-alas-leiebil\/#breadcrumb"},"inLanguage":"es","potentialAction":[{"@type":"ReadAction","target":["https:\/\/www.alas.no\/vilkar-og-betingelser-hos-alas-leiebil\/"]}]},{"@type":"BreadcrumbList","@id":"https:\/\/www.alas.no\/vilkar-og-betingelser-hos-alas-leiebil\/#breadcrumb","itemListElement":[{"@type":"ListItem","position":1,"name":"Home","item":"https:\/\/www.alas.no\/"},{"@type":"ListItem","position":2,"name":"Vilk\u00e5r og betingelser hos Alas Leiebil"}]},{"@type":"WebSite","@id":"https:\/\/www.alas.no\/#website","url":"https:\/\/www.alas.no\/","name":"Alas alquiler de coches","description":"Mi sitio web","potentialAction":[{"@type":"SearchAction","target":{"@type":"EntryPoint","urlTemplate":"https:\/\/www.alas.no\/?s={search_term_string}"},"query-input":{"@type":"PropertyValueSpecification","valueRequired":true,"valueName":"search_term_string"}}],"inLanguage":"es"}]}},"_links":{"self":[{"href":"https:\/\/www.alas.no\/es\/wp-json\/wp\/v2\/pages\/109","targetHints":{"allow":["GET"]}}],"collection":[{"href":"https:\/\/www.alas.no\/es\/wp-json\/wp\/v2\/pages"}],"about":[{"href":"https:\/\/www.alas.no\/es\/wp-json\/wp\/v2\/types\/page"}],"author":[{"embeddable":true,"href":"https:\/\/www.alas.no\/es\/wp-json\/wp\/v2\/users\/1"}],"replies":[{"embeddable":true,"href":"https:\/\/www.alas.no\/es\/wp-json\/wp\/v2\/comments?post=109"}],"version-history":[{"count":32,"href":"https:\/\/www.alas.no\/es\/wp-json\/wp\/v2\/pages\/109\/revisions"}],"predecessor-version":[{"id":1895,"href":"https:\/\/www.alas.no\/es\/wp-json\/wp\/v2\/pages\/109\/revisions\/1895"}],"wp:attachment":[{"href":"https:\/\/www.alas.no\/es\/wp-json\/wp\/v2\/media?parent=109"}],"curies":[{"name":"wp","href":"https:\/\/api.w.org\/{rel}","templated":true}]}}