{"id":109,"date":"2024-08-26T09:40:05","date_gmt":"2024-08-26T09:40:05","guid":{"rendered":"https:\/\/www.alas.no\/terms-conditions\/"},"modified":"2025-06-16T05:59:18","modified_gmt":"2025-06-16T05:59:18","slug":"alas-car-hire-terms-and-conditions","status":"publish","type":"page","link":"https:\/\/www.alas.no\/en\/vilkar-og-betingelser-hos-alas-leiebil\/","title":{"rendered":"Terms and conditions at Alas Car Hire"},"content":{"rendered":"<div data-elementor-type=\"wp-page\" data-elementor-id=\"109\" class=\"elementor elementor-109\" data-elementor-post-type=\"page\">\n\t\t\t\t<div class=\"elementor-element elementor-element-2ad4690b e-con-full e-flex e-con e-parent\" data-id=\"2ad4690b\" data-element_type=\"container\" data-e-type=\"container\">\n\t\t\t\t<div class=\"elementor-element elementor-element-4eb6e0d4 elementor-widget elementor-widget-text-editor\" data-id=\"4eb6e0d4\" data-element_type=\"widget\" data-e-type=\"widget\" id=\"vilkaar-text\" data-widget_type=\"text-editor.default\">\n\t\t\t\t<div class=\"elementor-widget-container\">\n\t\t\t\t\t\t\t\t\t<p>These terms and conditions regulate car hire with Alternativ Assistanse\/Alas Rent a Car. <br \/>By hiring a car from Alternativ Assistanse, you agree to abide by these terms.<\/p><h2>General terms and conditions<\/h2><p>The tenant must present a valid driver's licence when signing the rental agreement.<\/p><p>Free kilometres apply.<\/p><p>Dogs, pets or smoking are not allowed in the rental car.<\/p><p>In the event of a defect in the rental car, the rental agreement will terminate immediately from the reported date of damage.<\/p><h2>Payment for rental period<\/h2><p>Rental is paid in advance via the company's booking system or payment services. <br \/>If the rental car is cancelled up to 24 hours before the start of the rental, 50 % of the rental amount will be refunded.<\/p><h2>Delivery of rental car<\/h2><p>The rental car will be made available at the lessor's address from the agreed time of collection. If the rental car is not collected within 8 hours of being made available, the lessor may terminate the agreement with immediate effect if no contact is made with the lessee. The lessor is entitled to the rent stipulated in the contract.<\/p><p>If the rental car has been agreed to be delivered at a location other than the lessor's address, the first paragraph applies with a pick-up time of 3 hours.<\/p><p>When the rental object is handed over, it must be in working order, with sufficient battery capacity.<\/p><p>The lessee carries out a reception inspection of the rental car together with the lessor or the lessor's representative before the car is taken into use. Any deviations, damage or remarks are documented in writing and with photos by both parties. Damage that occurs during the rental period will be charged to the lessee.<\/p><h2>Return of the rental car<\/h2><p>The lessee is obliged to return the car hire to the lessor's address, unless otherwise agreed in writing. The rental car must be in the same condition as when it was delivered and have the same battery capacity as when it was delivered. If the battery capacity is lower than at the time of delivery, the lessee will be charged a fee of NOK 500. 500,- <br \/>If the rental car is returned later than agreed, this may result in additional costs.<\/p><h2>Invoicing<\/h2><p>The tenant will be charged for toll passes, ferry tickets, car parks, etc. This will be invoiced retrospectively. A deductible in the event of damage will also be invoiced retrospectively.<\/p><h2>Insurances<\/h2><p>The landlord has taken out accident, fire and liability insurance. In the event of damage covered by the insurance, the tenant will be charged a deductible of up to NOK 15,000. Other damage caused by gross negligence, intoxication or similar, which the insurance does not cover, will be charged to the tenant in full.<\/p><p>In the event of damage, roadside assistance or faults on the vehicle, the lessee must immediately notify the rental company.<\/p><p><strong>Contact information:<\/strong><\/p><p>E-mail: <a href=\"mailto:post@alas.no\">post@alas.no<\/a><\/p><p>Tel: +47 77 17 17 17<\/p><p>Website: <a href=\"http:\/\/www.alas.no\">www.alas.no<\/a><\/p>\t\t\t\t\t\t\t\t<\/div>\n\t\t\t\t<\/div>\n\t\t\t\t<\/div>\n\t\t\t\t<\/div>","protected":false},"excerpt":{"rendered":"<p>Disse vilk\u00e5rene regulerer leie av bil hos Alternativ Assistanse\/Alas leiebil. Ved \u00e5 leie bil fra Alternativ Assistanse samtykker du i \u00e5 overholde disse vilk\u00e5rene. Generelle vilk\u00e5r Leietaker m\u00e5 fremvise gyldig f\u00f8rerkort ved inng\u00e5else av leiekontrakt. Fri kilometer gjelder. Hunder, kj\u00e6ledyr eller r\u00f8yking er ikke tillatt i leiebilen. Dersom det skulle oppst\u00e5 feil p\u00e5 leiebil, opph\u00f8rer [&hellip;]<\/p>\n","protected":false},"author":1,"featured_media":0,"parent":0,"menu_order":0,"comment_status":"closed","ping_status":"closed","template":"","meta":{"_acf_changed":false,"footnotes":""},"class_list":["post-109","page","type-page","status-publish","hentry"],"acf":[],"yoast_head":"<!-- This site is optimized with the Yoast SEO plugin v27.3 - https:\/\/yoast.com\/product\/yoast-seo-wordpress\/ -->\n<title>Vilk\u00e5r og betingelser hos Alas Leiebil hos Alas Leiebil<\/title>\n<meta name=\"description\" content=\"Les vilk\u00e5r og betingelser hos Alas Leiebil: betaling, utlevering, retur, forsikring, og regler for skader og kj\u00f8ret\u00f8ybruk\" \/>\n<meta name=\"robots\" content=\"index, follow, max-snippet:-1, max-image-preview:large, max-video-preview:-1\" \/>\n<link rel=\"canonical\" href=\"https:\/\/www.alas.no\/en\/alas-car-hire-terms-and-conditions\/\" \/>\n<meta property=\"og:locale\" content=\"en_GB\" \/>\n<meta property=\"og:type\" content=\"article\" \/>\n<meta property=\"og:title\" content=\"Vilk\u00e5r og betingelser hos Alas Leiebil hos Alas Leiebil\" \/>\n<meta property=\"og:description\" content=\"Les vilk\u00e5r og betingelser hos Alas Leiebil: betaling, utlevering, retur, forsikring, og regler for skader og kj\u00f8ret\u00f8ybruk\" \/>\n<meta property=\"og:url\" content=\"https:\/\/www.alas.no\/en\/alas-car-hire-terms-and-conditions\/\" \/>\n<meta property=\"og:site_name\" content=\"Alas Leiebil\" \/>\n<meta property=\"article:modified_time\" content=\"2025-06-16T05:59:18+00:00\" \/>\n<meta property=\"og:image\" content=\"https:\/\/mlyn8ia8asew.i.optimole.com\/w:auto\/h:auto\/q:mauto\/f:best\/https:\/\/www.alas.no\/wp-content\/uploads\/2024\/10\/facebook-bilde-2.png\" \/>\n\t<meta property=\"og:image:width\" content=\"1200\" \/>\n\t<meta property=\"og:image:height\" content=\"628\" \/>\n\t<meta property=\"og:image:type\" content=\"image\/png\" \/>\n<meta name=\"twitter:card\" content=\"summary_large_image\" \/>\n<meta name=\"twitter:label1\" content=\"Estimated reading time\" \/>\n\t<meta name=\"twitter:data1\" content=\"2 minutes\" \/>\n<script type=\"application\/ld+json\" class=\"yoast-schema-graph\">{\"@context\":\"https:\\\/\\\/schema.org\",\"@graph\":[{\"@type\":\"WebPage\",\"@id\":\"https:\\\/\\\/www.alas.no\\\/vilkar-og-betingelser-hos-alas-leiebil\\\/\",\"url\":\"https:\\\/\\\/www.alas.no\\\/vilkar-og-betingelser-hos-alas-leiebil\\\/\",\"name\":\"Vilk\u00e5r og betingelser hos Alas Leiebil hos Alas Leiebil\",\"isPartOf\":{\"@id\":\"https:\\\/\\\/www.alas.no\\\/#website\"},\"datePublished\":\"2024-08-26T09:40:05+00:00\",\"dateModified\":\"2025-06-16T05:59:18+00:00\",\"description\":\"Les vilk\u00e5r og betingelser hos Alas Leiebil: betaling, utlevering, retur, forsikring, og regler for skader og kj\u00f8ret\u00f8ybruk\",\"breadcrumb\":{\"@id\":\"https:\\\/\\\/www.alas.no\\\/vilkar-og-betingelser-hos-alas-leiebil\\\/#breadcrumb\"},\"inLanguage\":\"en-GB\",\"potentialAction\":[{\"@type\":\"ReadAction\",\"target\":[\"https:\\\/\\\/www.alas.no\\\/vilkar-og-betingelser-hos-alas-leiebil\\\/\"]}]},{\"@type\":\"BreadcrumbList\",\"@id\":\"https:\\\/\\\/www.alas.no\\\/vilkar-og-betingelser-hos-alas-leiebil\\\/#breadcrumb\",\"itemListElement\":[{\"@type\":\"ListItem\",\"position\":1,\"name\":\"Home\",\"item\":\"https:\\\/\\\/www.alas.no\\\/\"},{\"@type\":\"ListItem\",\"position\":2,\"name\":\"Vilk\u00e5r og betingelser hos Alas Leiebil\"}]},{\"@type\":\"WebSite\",\"@id\":\"https:\\\/\\\/www.alas.no\\\/#website\",\"url\":\"https:\\\/\\\/www.alas.no\\\/\",\"name\":\"Alas Leiebil\",\"description\":\"My website\",\"potentialAction\":[{\"@type\":\"SearchAction\",\"target\":{\"@type\":\"EntryPoint\",\"urlTemplate\":\"https:\\\/\\\/www.alas.no\\\/?s={search_term_string}\"},\"query-input\":{\"@type\":\"PropertyValueSpecification\",\"valueRequired\":true,\"valueName\":\"search_term_string\"}}],\"inLanguage\":\"en-GB\"}]}<\/script>\n<!-- \/ Yoast SEO plugin. -->","yoast_head_json":{"title":"Terms and conditions at Alas Car Hire at Alas Car Hire","description":"Read the terms and conditions at Alas Car Hire: payment, delivery, return, insurance, and rules for damage and vehicle use","robots":{"index":"index","follow":"follow","max-snippet":"max-snippet:-1","max-image-preview":"max-image-preview:large","max-video-preview":"max-video-preview:-1"},"canonical":"https:\/\/www.alas.no\/en\/alas-car-hire-terms-and-conditions\/","og_locale":"en_GB","og_type":"article","og_title":"Vilk\u00e5r og betingelser hos Alas Leiebil hos Alas Leiebil","og_description":"Les vilk\u00e5r og betingelser hos Alas Leiebil: betaling, utlevering, retur, forsikring, og regler for skader og kj\u00f8ret\u00f8ybruk","og_url":"https:\/\/www.alas.no\/en\/alas-car-hire-terms-and-conditions\/","og_site_name":"Alas Leiebil","article_modified_time":"2025-06-16T05:59:18+00:00","og_image":[{"width":1200,"height":628,"url":"https:\/\/mlyn8ia8asew.i.optimole.com\/w:auto\/h:auto\/q:mauto\/f:best\/https:\/\/www.alas.no\/wp-content\/uploads\/2024\/10\/facebook-bilde-2.png","type":"image\/png"}],"twitter_card":"summary_large_image","twitter_misc":{"Estimated reading time":"2 minutes"},"schema":{"@context":"https:\/\/schema.org","@graph":[{"@type":"WebPage","@id":"https:\/\/www.alas.no\/vilkar-og-betingelser-hos-alas-leiebil\/","url":"https:\/\/www.alas.no\/vilkar-og-betingelser-hos-alas-leiebil\/","name":"Terms and conditions at Alas Car Hire at Alas Car Hire","isPartOf":{"@id":"https:\/\/www.alas.no\/#website"},"datePublished":"2024-08-26T09:40:05+00:00","dateModified":"2025-06-16T05:59:18+00:00","description":"Read the terms and conditions at Alas Car Hire: payment, delivery, return, insurance, and rules for damage and vehicle use","breadcrumb":{"@id":"https:\/\/www.alas.no\/vilkar-og-betingelser-hos-alas-leiebil\/#breadcrumb"},"inLanguage":"en-GB","potentialAction":[{"@type":"ReadAction","target":["https:\/\/www.alas.no\/vilkar-og-betingelser-hos-alas-leiebil\/"]}]},{"@type":"BreadcrumbList","@id":"https:\/\/www.alas.no\/vilkar-og-betingelser-hos-alas-leiebil\/#breadcrumb","itemListElement":[{"@type":"ListItem","position":1,"name":"Home","item":"https:\/\/www.alas.no\/"},{"@type":"ListItem","position":2,"name":"Vilk\u00e5r og betingelser hos Alas Leiebil"}]},{"@type":"WebSite","@id":"https:\/\/www.alas.no\/#website","url":"https:\/\/www.alas.no\/","name":"Alas Rental car","description":"My website","potentialAction":[{"@type":"SearchAction","target":{"@type":"EntryPoint","urlTemplate":"https:\/\/www.alas.no\/?s={search_term_string}"},"query-input":{"@type":"PropertyValueSpecification","valueRequired":true,"valueName":"search_term_string"}}],"inLanguage":"en-GB"}]}},"_links":{"self":[{"href":"https:\/\/www.alas.no\/en\/wp-json\/wp\/v2\/pages\/109","targetHints":{"allow":["GET"]}}],"collection":[{"href":"https:\/\/www.alas.no\/en\/wp-json\/wp\/v2\/pages"}],"about":[{"href":"https:\/\/www.alas.no\/en\/wp-json\/wp\/v2\/types\/page"}],"author":[{"embeddable":true,"href":"https:\/\/www.alas.no\/en\/wp-json\/wp\/v2\/users\/1"}],"replies":[{"embeddable":true,"href":"https:\/\/www.alas.no\/en\/wp-json\/wp\/v2\/comments?post=109"}],"version-history":[{"count":32,"href":"https:\/\/www.alas.no\/en\/wp-json\/wp\/v2\/pages\/109\/revisions"}],"predecessor-version":[{"id":1895,"href":"https:\/\/www.alas.no\/en\/wp-json\/wp\/v2\/pages\/109\/revisions\/1895"}],"wp:attachment":[{"href":"https:\/\/www.alas.no\/en\/wp-json\/wp\/v2\/media?parent=109"}],"curies":[{"name":"wp","href":"https:\/\/api.w.org\/{rel}","templated":true}]}}