{"id":772,"date":"2024-09-10T11:30:08","date_gmt":"2024-09-10T11:30:08","guid":{"rendered":"https:\/\/www.alas.no\/?page_id=772"},"modified":"2025-03-18T10:34:35","modified_gmt":"2025-03-18T10:34:35","slug":"abholung-und-zustellung-von-fahrzeugen","status":"publish","type":"page","link":"https:\/\/www.alas.no\/de\/henting-og-levering-av-bil\/","title":{"rendered":"Abholung und Zustellung des Mietwagens"},"content":{"rendered":"<div data-elementor-type=\"wp-page\" data-elementor-id=\"772\" class=\"elementor elementor-772\" data-elementor-post-type=\"page\">\n\t\t\t\t<div class=\"elementor-element elementor-element-0c18f11 e-con-full e-flex e-con e-parent\" data-id=\"0c18f11\" data-element_type=\"container\" data-e-type=\"container\">\n\t\t\t\t<div class=\"elementor-element elementor-element-3658460 elementor-widget elementor-widget-text-editor\" data-id=\"3658460\" data-element_type=\"widget\" data-e-type=\"widget\" id=\"levering-tekst\" data-widget_type=\"text-editor.default\">\n\t\t\t\t<div class=\"elementor-widget-container\">\n\t\t\t\t\t\t\t\t\t<p>Die Mietwagen werden in Salangsverket, 7 km vom Stadtzentrum von Sj\u00f8vegan entfernt, abgeholt und abgegeben. Gegen eine zus\u00e4tzliche Geb\u00fchr k\u00f6nnen Sie das Auto dort abliefern lassen, wo Sie es w\u00fcnschen;<\/p><ul><li>Harstad - Narvik Flughafen, Evenes<\/li><li>Bardufoss Flughafen<\/li><li>Narvik<\/li><li>Harstad<\/li><li>Troms\u00f8<\/li><li>Und nat\u00fcrlich dorthin, wohin Sie Ihr Auto geliefert bekommen m\u00f6chten!<\/li><li>Senden Sie uns eine Anfrage und wir nennen Ihnen einen Preis f\u00fcr die Anlieferung und Abholung des Autos.<\/li><\/ul><h2>Aktuelle Preise f\u00fcr Autolieferungen, berechnet von Salangsverket:<\/h2><ul><li>Innerhalb der Gemeinde Salangen: keine Zuschl\u00e4ge.<\/li><li>Bis zu 25 km: kr.400,-<\/li><li>Bis zu 45 km: kr.800,-<\/li><li>Bis zu 65 km: kr.1200,-<\/li><li>Bis zu 85 km: kr.1600,-<\/li><li>&gt; 85 km: Bitte um einen Kostenvoranschlag.<\/li><\/ul><p>Die gleichen Preise gelten f\u00fcr die Abholung des Fahrzeugs nach Ablauf der Mietzeit.<\/p><p>Bei einer Mietdauer von 8 Tagen oder mehr wird ein Auto bis zu einer Entfernung von 110 km kostenlos zugestellt.<\/p>\t\t\t\t\t\t\t\t<\/div>\n\t\t\t\t<\/div>\n\t\t\t\t<\/div>\n\t\t\t\t<\/div>","protected":false},"excerpt":{"rendered":"<p>Leiebil hentes og leveres p\u00e5 Salangsverket, 7 km fra Sj\u00f8vegan sentrum. Mot et tillegg i prisen kan du f\u00e5 levert bilen der du \u00f8nsker; Harstad &#8211; Narvik lufthavn, Evenes Bardufoss lufthavn Narvik Harstad Troms\u00f8 Selvf\u00f8lgelig ogs\u00e5 til akkurat det stedet du m\u00e5tte ha behov for \u00e5 f\u00e5 bil levert! Send foresp\u00f8rsel, s\u00e5 gir vi deg [&hellip;]<\/p>\n","protected":false},"author":1,"featured_media":0,"parent":0,"menu_order":0,"comment_status":"closed","ping_status":"closed","template":"","meta":{"_acf_changed":false,"footnotes":""},"class_list":["post-772","page","type-page","status-publish","hentry"],"acf":[],"yoast_head":"<!-- This site is optimized with the Yoast SEO plugin v27.3 - https:\/\/yoast.com\/product\/yoast-seo-wordpress\/ -->\n<title>Henting og levering av leiebil Salangsverket - Alas Leiebil<\/title>\n<meta name=\"description\" content=\"Henting og levering av leiebil p\u00e5 Salangsverket. Vi leverer til Harstad, Narvik, Troms\u00f8 og mer. Gratis levering innen 110 km ved 7 dagers leie.\" \/>\n<meta name=\"robots\" content=\"index, follow, max-snippet:-1, max-image-preview:large, max-video-preview:-1\" \/>\n<link rel=\"canonical\" href=\"https:\/\/www.alas.no\/de\/abholung-und-zustellung-von-fahrzeugen\/\" \/>\n<meta property=\"og:locale\" content=\"de_DE\" \/>\n<meta property=\"og:type\" content=\"article\" \/>\n<meta property=\"og:title\" content=\"Henting og levering av leiebil Salangsverket - Alas Leiebil\" \/>\n<meta property=\"og:description\" content=\"Henting og levering av leiebil p\u00e5 Salangsverket. Vi leverer til Harstad, Narvik, Troms\u00f8 og mer. Gratis levering innen 110 km ved 7 dagers leie.\" \/>\n<meta property=\"og:url\" content=\"https:\/\/www.alas.no\/de\/abholung-und-zustellung-von-fahrzeugen\/\" \/>\n<meta property=\"og:site_name\" content=\"Alas Leiebil\" \/>\n<meta property=\"article:modified_time\" content=\"2025-03-18T10:34:35+00:00\" \/>\n<meta property=\"og:image\" content=\"https:\/\/mlyn8ia8asew.i.optimole.com\/w:auto\/h:auto\/q:mauto\/f:best\/https:\/\/www.alas.no\/wp-content\/uploads\/2024\/10\/facebook-bilde-2.png\" \/>\n\t<meta property=\"og:image:width\" content=\"1200\" \/>\n\t<meta property=\"og:image:height\" content=\"628\" \/>\n\t<meta property=\"og:image:type\" content=\"image\/png\" \/>\n<meta name=\"twitter:card\" content=\"summary_large_image\" \/>\n<meta name=\"twitter:label1\" content=\"Gesch\u00e4tzte Lesezeit\" \/>\n\t<meta name=\"twitter:data1\" content=\"1\u00a0Minute\" \/>\n<script type=\"application\/ld+json\" class=\"yoast-schema-graph\">{\"@context\":\"https:\\\/\\\/schema.org\",\"@graph\":[{\"@type\":\"WebPage\",\"@id\":\"https:\\\/\\\/www.alas.no\\\/henting-og-levering-av-bil\\\/\",\"url\":\"https:\\\/\\\/www.alas.no\\\/henting-og-levering-av-bil\\\/\",\"name\":\"Henting og levering av leiebil Salangsverket - Alas Leiebil\",\"isPartOf\":{\"@id\":\"https:\\\/\\\/www.alas.no\\\/#website\"},\"datePublished\":\"2024-09-10T11:30:08+00:00\",\"dateModified\":\"2025-03-18T10:34:35+00:00\",\"description\":\"Henting og levering av leiebil p\u00e5 Salangsverket. Vi leverer til Harstad, Narvik, Troms\u00f8 og mer. Gratis levering innen 110 km ved 7 dagers leie.\",\"breadcrumb\":{\"@id\":\"https:\\\/\\\/www.alas.no\\\/henting-og-levering-av-bil\\\/#breadcrumb\"},\"inLanguage\":\"de\",\"potentialAction\":[{\"@type\":\"ReadAction\",\"target\":[\"https:\\\/\\\/www.alas.no\\\/henting-og-levering-av-bil\\\/\"]}]},{\"@type\":\"BreadcrumbList\",\"@id\":\"https:\\\/\\\/www.alas.no\\\/henting-og-levering-av-bil\\\/#breadcrumb\",\"itemListElement\":[{\"@type\":\"ListItem\",\"position\":1,\"name\":\"Home\",\"item\":\"https:\\\/\\\/www.alas.no\\\/\"},{\"@type\":\"ListItem\",\"position\":2,\"name\":\"Henting og levering av leiebil\"}]},{\"@type\":\"WebSite\",\"@id\":\"https:\\\/\\\/www.alas.no\\\/#website\",\"url\":\"https:\\\/\\\/www.alas.no\\\/\",\"name\":\"Alas Leiebil\",\"description\":\"My website\",\"potentialAction\":[{\"@type\":\"SearchAction\",\"target\":{\"@type\":\"EntryPoint\",\"urlTemplate\":\"https:\\\/\\\/www.alas.no\\\/?s={search_term_string}\"},\"query-input\":{\"@type\":\"PropertyValueSpecification\",\"valueRequired\":true,\"valueName\":\"search_term_string\"}}],\"inLanguage\":\"de\"}]}<\/script>\n<!-- \/ Yoast SEO plugin. -->","yoast_head_json":{"title":"Abholung und Zustellung der Autovermietung Salangsverket - Alas Car Hire","description":"Abholung und Lieferung von Mietwagen bei Salangsverket. Wir liefern nach Harstad, Narvik, Troms\u00f8 und mehr. Kostenlose Lieferung innerhalb von 110 km f\u00fcr 7-Tage-Mieten.","robots":{"index":"index","follow":"follow","max-snippet":"max-snippet:-1","max-image-preview":"max-image-preview:large","max-video-preview":"max-video-preview:-1"},"canonical":"https:\/\/www.alas.no\/de\/abholung-und-zustellung-von-fahrzeugen\/","og_locale":"de_DE","og_type":"article","og_title":"Henting og levering av leiebil Salangsverket - Alas Leiebil","og_description":"Henting og levering av leiebil p\u00e5 Salangsverket. Vi leverer til Harstad, Narvik, Troms\u00f8 og mer. Gratis levering innen 110 km ved 7 dagers leie.","og_url":"https:\/\/www.alas.no\/de\/abholung-und-zustellung-von-fahrzeugen\/","og_site_name":"Alas Leiebil","article_modified_time":"2025-03-18T10:34:35+00:00","og_image":[{"width":1200,"height":628,"url":"https:\/\/mlyn8ia8asew.i.optimole.com\/w:auto\/h:auto\/q:mauto\/f:best\/https:\/\/www.alas.no\/wp-content\/uploads\/2024\/10\/facebook-bilde-2.png","type":"image\/png"}],"twitter_card":"summary_large_image","twitter_misc":{"Gesch\u00e4tzte Lesezeit":"1\u00a0Minute"},"schema":{"@context":"https:\/\/schema.org","@graph":[{"@type":"WebPage","@id":"https:\/\/www.alas.no\/henting-og-levering-av-bil\/","url":"https:\/\/www.alas.no\/henting-og-levering-av-bil\/","name":"Abholung und Zustellung der Autovermietung Salangsverket - Alas Car Hire","isPartOf":{"@id":"https:\/\/www.alas.no\/#website"},"datePublished":"2024-09-10T11:30:08+00:00","dateModified":"2025-03-18T10:34:35+00:00","description":"Abholung und Lieferung von Mietwagen bei Salangsverket. Wir liefern nach Harstad, Narvik, Troms\u00f8 und mehr. Kostenlose Lieferung innerhalb von 110 km f\u00fcr 7-Tage-Mieten.","breadcrumb":{"@id":"https:\/\/www.alas.no\/henting-og-levering-av-bil\/#breadcrumb"},"inLanguage":"de","potentialAction":[{"@type":"ReadAction","target":["https:\/\/www.alas.no\/henting-og-levering-av-bil\/"]}]},{"@type":"BreadcrumbList","@id":"https:\/\/www.alas.no\/henting-og-levering-av-bil\/#breadcrumb","itemListElement":[{"@type":"ListItem","position":1,"name":"Home","item":"https:\/\/www.alas.no\/"},{"@type":"ListItem","position":2,"name":"Henting og levering av leiebil"}]},{"@type":"WebSite","@id":"https:\/\/www.alas.no\/#website","url":"https:\/\/www.alas.no\/","name":"Alas Autovermietung","description":"Meine Website","potentialAction":[{"@type":"SearchAction","target":{"@type":"EntryPoint","urlTemplate":"https:\/\/www.alas.no\/?s={search_term_string}"},"query-input":{"@type":"PropertyValueSpecification","valueRequired":true,"valueName":"search_term_string"}}],"inLanguage":"de"}]}},"_links":{"self":[{"href":"https:\/\/www.alas.no\/de\/wp-json\/wp\/v2\/pages\/772","targetHints":{"allow":["GET"]}}],"collection":[{"href":"https:\/\/www.alas.no\/de\/wp-json\/wp\/v2\/pages"}],"about":[{"href":"https:\/\/www.alas.no\/de\/wp-json\/wp\/v2\/types\/page"}],"author":[{"embeddable":true,"href":"https:\/\/www.alas.no\/de\/wp-json\/wp\/v2\/users\/1"}],"replies":[{"embeddable":true,"href":"https:\/\/www.alas.no\/de\/wp-json\/wp\/v2\/comments?post=772"}],"version-history":[{"count":38,"href":"https:\/\/www.alas.no\/de\/wp-json\/wp\/v2\/pages\/772\/revisions"}],"predecessor-version":[{"id":1945,"href":"https:\/\/www.alas.no\/de\/wp-json\/wp\/v2\/pages\/772\/revisions\/1945"}],"wp:attachment":[{"href":"https:\/\/www.alas.no\/de\/wp-json\/wp\/v2\/media?parent=772"}],"curies":[{"name":"wp","href":"https:\/\/api.w.org\/{rel}","templated":true}]}}