{"id":3,"date":"2024-08-15T14:01:20","date_gmt":"2024-08-15T14:01:20","guid":{"rendered":"https:\/\/www.alas.no\/?page_id=3"},"modified":"2024-09-27T09:34:23","modified_gmt":"2024-09-27T09:34:23","slug":"datenschutzbestimmungen","status":"publish","type":"page","link":"https:\/\/www.alas.no\/de\/privacy-policy\/","title":{"rendered":"Datenschutzbestimmungen"},"content":{"rendered":"<div data-elementor-type=\"wp-page\" data-elementor-id=\"3\" class=\"elementor elementor-3\" data-elementor-post-type=\"page\">\n\t\t\t\t<div class=\"elementor-element elementor-element-e8e9d83 e-con-full e-flex e-con e-parent\" data-id=\"e8e9d83\" data-element_type=\"container\" data-e-type=\"container\">\n\t\t\t\t<div class=\"elementor-element elementor-element-88a53f0 elementor-widget elementor-widget-text-editor\" data-id=\"88a53f0\" data-element_type=\"widget\" data-e-type=\"widget\" data-widget_type=\"text-editor.default\">\n\t\t\t\t<div class=\"elementor-widget-container\">\n\t\t\t\t\t\t\t\t\t<p>Zuletzt aktualisiert: <strong>16.09.2024<\/strong><\/p>\n<p>Alas Leiebil, rechtlich eingetragen als Alternativ Assistanse AS (Org.-Nr. 923 239 596), betreibt die Website www.alas.no. Auf dieser Seite informieren wir Sie dar\u00fcber, welche Arten von personenbezogenen Daten wir erheben und wie sie verwendet werden. Indem Sie auf unsere Website zugreifen und unsere Dienste nutzen, erkl\u00e4ren Sie sich mit der Erfassung und Nutzung der in dieser Datenschutzerkl\u00e4rung beschriebenen Informationen einverstanden.<\/p>\n<h2>Erhebung und Verarbeitung von personenbezogenen Daten:<\/h2>\n<p>Wenn Sie unsere Website oder unsere Dienste nutzen, bitten wir Sie m\u00f6glicherweise um die Angabe pers\u00f6nlicher Daten. Dazu k\u00f6nnen zum Beispiel Ihr Name, Ihre Adresse, Ihre E-Mail-Adresse, Ihre Telefonnummer, Ihre Zahlungsdaten oder andere identifizierbare Informationen geh\u00f6ren.<\/p>\n<p>Wir erfassen auch Informationen im Zusammenhang mit Fahrzeugreservierungen, wie z. B. Abhol- und R\u00fcckgabeorte, Mietdaten und die von Ihnen gemieteten Fahrzeuge.<\/p>\n<h2>Verwendung von Informationen:<\/h2>\n<p>Wir verwenden Ihre pers\u00f6nlichen Daten, um die Qualit\u00e4t Ihrer Mietwagenreservierung zu erleichtern und zu gew\u00e4hrleisten, um Transaktionen durchzuf\u00fchren und um die Kommunikation mit Ihnen herzustellen. Wir k\u00f6nnen die Informationen verwenden, um Ihre Anfragen zu beantworten und Ihnen bei Bedarf Unterst\u00fctzung zu bieten.<\/p>\n<h2>Weitergabe von Informationen:<\/h2>\n<p>Wir k\u00f6nnen Ihre Daten an Drittanbieter weitergeben, die uns beim Betrieb der Website, bei der Abwicklung von Transaktionen oder bei der Erbringung anderer Dienstleistungen f\u00fcr Sie unterst\u00fctzen. Zu buchhalterischen Zwecken werden die Daten in \u00dcbereinstimmung mit den geltenden Buchhaltungsgesetzen weitergegeben und aufbewahrt. Wir k\u00f6nnen Ihre Daten weitergeben, wenn dies gesetzlich vorgeschrieben ist, um unsere Richtlinien durchzusetzen oder um unsere Rechte, unser Eigentum oder unsere Sicherheit zu sch\u00fctzen.<\/p>\n<h2>Kekse:<\/h2>\n<p>Cookies sind Dateien mit einer kleinen Menge an Daten, die eine anonyme, eindeutige Kennung enthalten k\u00f6nnen. Cookies werden von einer Website an Ihren Browser gesendet und auf der Festplatte Ihres Computers gespeichert. Wir verwenden Cookies, um Informationen zu sammeln. Sie k\u00f6nnen Ihren Browser so einstellen, dass die Speicherung von Cookies nur dann akzeptiert wird, wenn Sie zustimmen. Es kann jedoch sein, dass Sie einige Teile unseres Dienstes nicht nutzen k\u00f6nnen, wenn Sie keine Cookies akzeptieren.<\/p>\n<h2>Sicherheit:<\/h2>\n<p>Es ist uns wichtig, dass Ihre Daten auf sichere Weise behandelt werden. Es ist wichtig, dass Sie daran denken, dass keine Methode der \u00dcbertragung \u00fcber das Internet oder der elektronischen Speicherung absolut sicher ist. Wir bem\u00fchen uns zwar nach Kr\u00e4ften, Ihre pers\u00f6nlichen Daten zu sch\u00fctzen, k\u00f6nnen aber keine absolute Sicherheit garantieren.<\/p>\n<h2>Links zu anderen Websites:<\/h2>\n<p>Unser Service kann Links zu anderen Websites enthalten, die nicht von uns betrieben werden. Wir empfehlen Ihnen, die Datenschutzrichtlinien jeder Website, die Sie besuchen, zu lesen. Wir haben keine Kontrolle \u00fcber den Inhalt oder die Datenschutzpraktiken von Websites oder Diensten Dritter und k\u00f6nnen daher keine Verantwortung f\u00fcr diese \u00fcbernehmen.<\/p>\n<h2>Die Privatsph\u00e4re der Kinder:<\/h2>\n<p>Unser Service richtet sich nicht an Kinder unter 18 Jahren. Wir erfassen nicht wissentlich personenbezogene Daten von Kindern unter 18 Jahren. Wenn Sie erfahren, dass ein Kind uns personenbezogene Daten zur Verf\u00fcgung gestellt hat, setzen Sie sich bitte mit uns in Verbindung, damit wir die entsprechenden Schritte zur L\u00f6schung dieser Daten einleiten k\u00f6nnen.<\/p>\n<h2>\u00c4nderungen an dieser Datenschutzrichtlinie:<\/h2>\n<p>Wir k\u00f6nnen diese Datenschutzrichtlinie von Zeit zu Zeit aktualisieren. Wir werden Sie \u00fcber wesentliche \u00c4nderungen informieren, indem wir die aktualisierte Datenschutzrichtlinie auf unserer Website ver\u00f6ffentlichen. Sie sollten diese Datenschutzrichtlinie regelm\u00e4\u00dfig \u00fcberpr\u00fcfen, um sicherzustellen, dass Sie \u00fcber alle \u00c4nderungen informiert sind.<\/p>\n<h2>Kontakt f\u00fcr Datenschutzbestimmungen:<\/h2>\n<p>Wenn Sie Fragen zu dieser Datenschutzerkl\u00e4rung haben, kontaktieren Sie uns bitte unter <a href=\"mailto:post@alas.no\">post@alas.no<\/a><\/p>\n<p>Durch die Nutzung unserer Website und unserer Dienste best\u00e4tigen Sie, dass Sie diese Datenschutzrichtlinie gelesen und verstanden haben und dass Sie mit den darin enthaltenen Bedingungen einverstanden sind.<\/p>\t\t\t\t\t\t\t\t<\/div>\n\t\t\t\t<\/div>\n\t\t\t\t<\/div>\n\t\t\t\t<\/div>","protected":false},"excerpt":{"rendered":"<p>Sist oppdatert: 16.09.2024 Alas Leiebil, lovlig registrert som Alternativ Assistanse AS (org.nr. 923 239 596), driver nettstedet www.alas.no. Vi vil p\u00e5 denne siden informere deg om hvilke typer personopplysninger vi samler inn og hvordan de brukes. Ved \u00e5 g\u00e5 inn p\u00e5 v\u00e5rt nettsted og bruke v\u00e5re tjenester, samtykker du til innsamling og bruk av informasjon [&hellip;]<\/p>\n","protected":false},"author":1,"featured_media":0,"parent":0,"menu_order":0,"comment_status":"closed","ping_status":"open","template":"","meta":{"_acf_changed":false,"footnotes":""},"class_list":["post-3","page","type-page","status-publish","hentry"],"acf":[],"yoast_head":"<!-- This site is optimized with the Yoast SEO plugin v27.4 - https:\/\/yoast.com\/product\/yoast-seo-wordpress\/ -->\n<title>Personvernerkl\u00e6ring - Alas Leiebil<\/title>\n<meta name=\"robots\" content=\"index, follow, max-snippet:-1, max-image-preview:large, max-video-preview:-1\" \/>\n<link rel=\"canonical\" href=\"https:\/\/www.alas.no\/de\/datenschutzbestimmungen\/\" \/>\n<meta property=\"og:locale\" content=\"de_DE\" \/>\n<meta property=\"og:type\" content=\"article\" \/>\n<meta property=\"og:title\" content=\"Personvernerkl\u00e6ring - Alas Leiebil\" \/>\n<meta property=\"og:description\" content=\"Sist oppdatert: 16.09.2024 Alas Leiebil, lovlig registrert som Alternativ Assistanse AS (org.nr. 923 239 596), driver nettstedet www.alas.no. Vi vil p\u00e5 denne siden informere deg om hvilke typer personopplysninger vi samler inn og hvordan de brukes. Ved \u00e5 g\u00e5 inn p\u00e5 v\u00e5rt nettsted og bruke v\u00e5re tjenester, samtykker du til innsamling og bruk av informasjon [&hellip;]\" \/>\n<meta property=\"og:url\" content=\"https:\/\/www.alas.no\/de\/datenschutzbestimmungen\/\" \/>\n<meta property=\"og:site_name\" content=\"Alas Leiebil\" \/>\n<meta property=\"article:modified_time\" content=\"2024-09-27T09:34:23+00:00\" \/>\n<meta property=\"og:image\" content=\"https:\/\/mlyn8ia8asew.i.optimole.com\/w:auto\/h:auto\/q:mauto\/f:best\/https:\/\/www.alas.no\/wp-content\/uploads\/2024\/10\/facebook-bilde-2.png\" \/>\n\t<meta property=\"og:image:width\" content=\"1200\" \/>\n\t<meta property=\"og:image:height\" content=\"628\" \/>\n\t<meta property=\"og:image:type\" content=\"image\/png\" \/>\n<meta name=\"twitter:card\" content=\"summary_large_image\" \/>\n<meta name=\"twitter:label1\" content=\"Gesch\u00e4tzte Lesezeit\" \/>\n\t<meta name=\"twitter:data1\" content=\"3\u00a0Minuten\" \/>\n<script type=\"application\/ld+json\" class=\"yoast-schema-graph\">{\"@context\":\"https:\\\/\\\/schema.org\",\"@graph\":[{\"@type\":\"WebPage\",\"@id\":\"https:\\\/\\\/www.alas.no\\\/privacy-policy\\\/\",\"url\":\"https:\\\/\\\/www.alas.no\\\/privacy-policy\\\/\",\"name\":\"Personvernerkl\u00e6ring - Alas Leiebil\",\"isPartOf\":{\"@id\":\"https:\\\/\\\/www.alas.no\\\/#website\"},\"datePublished\":\"2024-08-15T14:01:20+00:00\",\"dateModified\":\"2024-09-27T09:34:23+00:00\",\"breadcrumb\":{\"@id\":\"https:\\\/\\\/www.alas.no\\\/privacy-policy\\\/#breadcrumb\"},\"inLanguage\":\"de\",\"potentialAction\":[{\"@type\":\"ReadAction\",\"target\":[\"https:\\\/\\\/www.alas.no\\\/privacy-policy\\\/\"]}]},{\"@type\":\"BreadcrumbList\",\"@id\":\"https:\\\/\\\/www.alas.no\\\/privacy-policy\\\/#breadcrumb\",\"itemListElement\":[{\"@type\":\"ListItem\",\"position\":1,\"name\":\"Home\",\"item\":\"https:\\\/\\\/www.alas.no\\\/\"},{\"@type\":\"ListItem\",\"position\":2,\"name\":\"Personvernerkl\u00e6ring\"}]},{\"@type\":\"WebSite\",\"@id\":\"https:\\\/\\\/www.alas.no\\\/#website\",\"url\":\"https:\\\/\\\/www.alas.no\\\/\",\"name\":\"Alas Leiebil\",\"description\":\"My website\",\"potentialAction\":[{\"@type\":\"SearchAction\",\"target\":{\"@type\":\"EntryPoint\",\"urlTemplate\":\"https:\\\/\\\/www.alas.no\\\/?s={search_term_string}\"},\"query-input\":{\"@type\":\"PropertyValueSpecification\",\"valueRequired\":true,\"valueName\":\"search_term_string\"}}],\"inLanguage\":\"de\"}]}<\/script>\n<!-- \/ Yoast SEO plugin. -->","yoast_head_json":{"title":"Datenschutzerkl\u00e4rung - Alas car hire","robots":{"index":"index","follow":"follow","max-snippet":"max-snippet:-1","max-image-preview":"max-image-preview:large","max-video-preview":"max-video-preview:-1"},"canonical":"https:\/\/www.alas.no\/de\/datenschutzbestimmungen\/","og_locale":"de_DE","og_type":"article","og_title":"Personvernerkl\u00e6ring - Alas Leiebil","og_description":"Sist oppdatert: 16.09.2024 Alas Leiebil, lovlig registrert som Alternativ Assistanse AS (org.nr. 923 239 596), driver nettstedet www.alas.no. Vi vil p\u00e5 denne siden informere deg om hvilke typer personopplysninger vi samler inn og hvordan de brukes. Ved \u00e5 g\u00e5 inn p\u00e5 v\u00e5rt nettsted og bruke v\u00e5re tjenester, samtykker du til innsamling og bruk av informasjon [&hellip;]","og_url":"https:\/\/www.alas.no\/de\/datenschutzbestimmungen\/","og_site_name":"Alas Leiebil","article_modified_time":"2024-09-27T09:34:23+00:00","og_image":[{"width":1200,"height":628,"url":"https:\/\/mlyn8ia8asew.i.optimole.com\/w:auto\/h:auto\/q:mauto\/f:best\/https:\/\/www.alas.no\/wp-content\/uploads\/2024\/10\/facebook-bilde-2.png","type":"image\/png"}],"twitter_card":"summary_large_image","twitter_misc":{"Gesch\u00e4tzte Lesezeit":"3\u00a0Minuten"},"schema":{"@context":"https:\/\/schema.org","@graph":[{"@type":"WebPage","@id":"https:\/\/www.alas.no\/privacy-policy\/","url":"https:\/\/www.alas.no\/privacy-policy\/","name":"Datenschutzerkl\u00e4rung - Alas car hire","isPartOf":{"@id":"https:\/\/www.alas.no\/#website"},"datePublished":"2024-08-15T14:01:20+00:00","dateModified":"2024-09-27T09:34:23+00:00","breadcrumb":{"@id":"https:\/\/www.alas.no\/privacy-policy\/#breadcrumb"},"inLanguage":"de","potentialAction":[{"@type":"ReadAction","target":["https:\/\/www.alas.no\/privacy-policy\/"]}]},{"@type":"BreadcrumbList","@id":"https:\/\/www.alas.no\/privacy-policy\/#breadcrumb","itemListElement":[{"@type":"ListItem","position":1,"name":"Home","item":"https:\/\/www.alas.no\/"},{"@type":"ListItem","position":2,"name":"Personvernerkl\u00e6ring"}]},{"@type":"WebSite","@id":"https:\/\/www.alas.no\/#website","url":"https:\/\/www.alas.no\/","name":"Alas Autovermietung","description":"Meine Website","potentialAction":[{"@type":"SearchAction","target":{"@type":"EntryPoint","urlTemplate":"https:\/\/www.alas.no\/?s={search_term_string}"},"query-input":{"@type":"PropertyValueSpecification","valueRequired":true,"valueName":"search_term_string"}}],"inLanguage":"de"}]}},"_links":{"self":[{"href":"https:\/\/www.alas.no\/de\/wp-json\/wp\/v2\/pages\/3","targetHints":{"allow":["GET"]}}],"collection":[{"href":"https:\/\/www.alas.no\/de\/wp-json\/wp\/v2\/pages"}],"about":[{"href":"https:\/\/www.alas.no\/de\/wp-json\/wp\/v2\/types\/page"}],"author":[{"embeddable":true,"href":"https:\/\/www.alas.no\/de\/wp-json\/wp\/v2\/users\/1"}],"replies":[{"embeddable":true,"href":"https:\/\/www.alas.no\/de\/wp-json\/wp\/v2\/comments?post=3"}],"version-history":[{"count":16,"href":"https:\/\/www.alas.no\/de\/wp-json\/wp\/v2\/pages\/3\/revisions"}],"predecessor-version":[{"id":1205,"href":"https:\/\/www.alas.no\/de\/wp-json\/wp\/v2\/pages\/3\/revisions\/1205"}],"wp:attachment":[{"href":"https:\/\/www.alas.no\/de\/wp-json\/wp\/v2\/media?parent=3"}],"curies":[{"name":"wp","href":"https:\/\/api.w.org\/{rel}","templated":true}]}}