{"id":109,"date":"2024-08-26T09:40:05","date_gmt":"2024-08-26T09:40:05","guid":{"rendered":"https:\/\/www.alas.no\/terms-conditions\/"},"modified":"2025-06-16T05:59:18","modified_gmt":"2025-06-16T05:59:18","slug":"alas-autovermietung-bedingungen-und-konditionen","status":"publish","type":"page","link":"https:\/\/www.alas.no\/de\/vilkar-og-betingelser-hos-alas-leiebil\/","title":{"rendered":"Bedingungen und Konditionen bei Alas Car Hire"},"content":{"rendered":"<div data-elementor-type=\"wp-page\" data-elementor-id=\"109\" class=\"elementor elementor-109\" data-elementor-post-type=\"page\">\n\t\t\t\t<div class=\"elementor-element elementor-element-2ad4690b e-con-full e-flex e-con e-parent\" data-id=\"2ad4690b\" data-element_type=\"container\" data-e-type=\"container\">\n\t\t\t\t<div class=\"elementor-element elementor-element-4eb6e0d4 elementor-widget elementor-widget-text-editor\" data-id=\"4eb6e0d4\" data-element_type=\"widget\" data-e-type=\"widget\" id=\"vilkaar-text\" data-widget_type=\"text-editor.default\">\n\t\t\t\t<div class=\"elementor-widget-container\">\n\t\t\t\t\t\t\t\t\t<p>Diese Allgemeinen Gesch\u00e4ftsbedingungen regeln die Autovermietung mit Alternativ Assistanse\/Alas Rent a Car. <br \/>Mit der Anmietung eines Fahrzeugs bei Alternativ Assistanse erkl\u00e4ren Sie sich mit diesen Bedingungen einverstanden.<\/p><h2>Allgemeine Bedingungen und Konditionen<\/h2><p>Der Mieter muss bei Unterzeichnung des Mietvertrags einen g\u00fcltigen F\u00fchrerschein vorlegen.<\/p><p>Es gelten Freikilometer.<\/p><p>Hunde, Haustiere und Rauchen sind in der Autovermietung nicht erlaubt.<\/p><p>Im Falle eines Defekts des Mietwagens endet der Mietvertrag sofort ab dem gemeldeten Datum des Schadens.<\/p><h2>Zahlung f\u00fcr den Mietzeitraum<\/h2><p>Die Miete wird im Voraus \u00fcber das Buchungssystem oder die Zahlungsdienste des Unternehmens bezahlt. <br \/>Wird die Anmietung bis zu 24 Stunden vor Mietbeginn storniert, werden 50 % des Mietpreises zur\u00fcckerstattet.<\/p><h2>Lieferung des Mietwagens<\/h2><p>Der Mietwagen wird ab dem vereinbarten Zeitpunkt der Abholung an der Adresse des Vermieters zur Verf\u00fcgung gestellt. Wird der Mietwagen nicht innerhalb von 8 Stunden nach Bereitstellung abgeholt, kann der Vermieter den Vertrag mit sofortiger Wirkung k\u00fcndigen, wenn kein Kontakt mit dem Mieter aufgenommen wird. Der Vermieter hat Anspruch auf den im Vertrag festgelegten Mietpreis.<\/p><p>Wenn die \u00dcbergabe des Mietwagens an einem anderen Ort als der Adresse des Vermieters vereinbart wurde, gilt der erste Absatz mit einer Abholzeit von 3 Stunden.<\/p><p>Bei der \u00dcbergabe der Mietsache muss diese in einem funktionsf\u00e4higen Zustand sein und \u00fcber eine ausreichende Batteriekapazit\u00e4t verf\u00fcgen.<\/p><p>Der Mieter f\u00fchrt zusammen mit dem Vermieter oder dessen Vertreter eine Empfangsinspektion des Mietwagens durch, bevor dieser in Gebrauch genommen wird. Eventuelle Abweichungen, Sch\u00e4den oder Bemerkungen werden von beiden Parteien schriftlich und mit Fotos dokumentiert. Sch\u00e4den, die w\u00e4hrend der Mietzeit auftreten, gehen zu Lasten des Mieters.<\/p><h2>R\u00fcckgabe des Mietwagens<\/h2><p>Der Mieter ist verpflichtet, den Mietwagen an der Adresse des Vermieters zur\u00fcckzugeben, es sei denn, es wurde schriftlich etwas anderes vereinbart. Der Mietwagen muss sich in demselben Zustand wie bei der \u00dcbergabe befinden und die gleiche Batteriekapazit\u00e4t wie bei der \u00dcbergabe haben. Ist die Batteriekapazit\u00e4t geringer als zum Zeitpunkt der \u00dcbergabe, wird dem Mieter eine Geb\u00fchr von NOK 500,- berechnet. 500,- <br \/>Wenn der Mietwagen sp\u00e4ter als vereinbart zur\u00fcckgegeben wird, k\u00f6nnen zus\u00e4tzliche Kosten anfallen.<\/p><h2>Rechnungsstellung<\/h2><p>Mautkarten, F\u00e4hrtickets, Parkgeb\u00fchren usw. werden dem Mieter in Rechnung gestellt. Diese werden im Nachhinein in Rechnung gestellt. Eine Selbstbeteiligung im Schadensfall wird ebenfalls im Nachhinein in Rechnung gestellt.<\/p><h2>Versicherungen<\/h2><p>Der Vermieter hat eine Unfall-, Feuer- und Haftpflichtversicherung abgeschlossen. Bei Sch\u00e4den, die von der Versicherung gedeckt sind, wird dem Mieter eine Selbstbeteiligung von bis zu 15.000 NOK in Rechnung gestellt. Andere Sch\u00e4den, die durch grobe Fahrl\u00e4ssigkeit, Trunkenheit oder \u00e4hnliches verursacht werden und nicht von der Versicherung gedeckt sind, werden dem Mieter in voller H\u00f6he in Rechnung gestellt.<\/p><p>Im Falle von Sch\u00e4den, Pannenhilfe oder St\u00f6rungen am Fahrzeug muss der Mieter den Vermieter unverz\u00fcglich informieren.<\/p><p><strong>Kontaktinformationen:<\/strong><\/p><p>E-Mail: <a href=\"mailto:post@alas.no\">post@alas.no<\/a><\/p><p>Tel: 77 17 17 17<\/p><p>Website: <a href=\"http:\/\/www.alas.no\">www.alas.no<\/a><\/p>\t\t\t\t\t\t\t\t<\/div>\n\t\t\t\t<\/div>\n\t\t\t\t<\/div>\n\t\t\t\t<\/div>","protected":false},"excerpt":{"rendered":"<p>Disse vilk\u00e5rene regulerer leie av bil hos Alternativ Assistanse\/Alas leiebil. Ved \u00e5 leie bil fra Alternativ Assistanse samtykker du i \u00e5 overholde disse vilk\u00e5rene. Generelle vilk\u00e5r Leietaker m\u00e5 fremvise gyldig f\u00f8rerkort ved inng\u00e5else av leiekontrakt. Fri kilometer gjelder. Hunder, kj\u00e6ledyr eller r\u00f8yking er ikke tillatt i leiebilen. Dersom det skulle oppst\u00e5 feil p\u00e5 leiebil, opph\u00f8rer [&hellip;]<\/p>\n","protected":false},"author":1,"featured_media":0,"parent":0,"menu_order":0,"comment_status":"closed","ping_status":"closed","template":"","meta":{"_acf_changed":false,"footnotes":""},"class_list":["post-109","page","type-page","status-publish","hentry"],"acf":[],"yoast_head":"<!-- This site is optimized with the Yoast SEO plugin v27.3 - https:\/\/yoast.com\/product\/yoast-seo-wordpress\/ -->\n<title>Vilk\u00e5r og betingelser hos Alas Leiebil hos Alas Leiebil<\/title>\n<meta name=\"description\" content=\"Les vilk\u00e5r og betingelser hos Alas Leiebil: betaling, utlevering, retur, forsikring, og regler for skader og kj\u00f8ret\u00f8ybruk\" \/>\n<meta name=\"robots\" content=\"index, follow, max-snippet:-1, max-image-preview:large, max-video-preview:-1\" \/>\n<link rel=\"canonical\" href=\"https:\/\/www.alas.no\/de\/alas-autovermietung-bedingungen-und-konditionen\/\" \/>\n<meta property=\"og:locale\" content=\"de_DE\" \/>\n<meta property=\"og:type\" content=\"article\" \/>\n<meta property=\"og:title\" content=\"Vilk\u00e5r og betingelser hos Alas Leiebil hos Alas Leiebil\" \/>\n<meta property=\"og:description\" content=\"Les vilk\u00e5r og betingelser hos Alas Leiebil: betaling, utlevering, retur, forsikring, og regler for skader og kj\u00f8ret\u00f8ybruk\" \/>\n<meta property=\"og:url\" content=\"https:\/\/www.alas.no\/de\/alas-autovermietung-bedingungen-und-konditionen\/\" \/>\n<meta property=\"og:site_name\" content=\"Alas Leiebil\" \/>\n<meta property=\"article:modified_time\" content=\"2025-06-16T05:59:18+00:00\" \/>\n<meta property=\"og:image\" content=\"https:\/\/mlyn8ia8asew.i.optimole.com\/w:auto\/h:auto\/q:mauto\/f:best\/https:\/\/www.alas.no\/wp-content\/uploads\/2024\/10\/facebook-bilde-2.png\" \/>\n\t<meta property=\"og:image:width\" content=\"1200\" \/>\n\t<meta property=\"og:image:height\" content=\"628\" \/>\n\t<meta property=\"og:image:type\" content=\"image\/png\" \/>\n<meta name=\"twitter:card\" content=\"summary_large_image\" \/>\n<meta name=\"twitter:label1\" content=\"Gesch\u00e4tzte Lesezeit\" \/>\n\t<meta name=\"twitter:data1\" content=\"2\u00a0Minuten\" \/>\n<script type=\"application\/ld+json\" class=\"yoast-schema-graph\">{\"@context\":\"https:\\\/\\\/schema.org\",\"@graph\":[{\"@type\":\"WebPage\",\"@id\":\"https:\\\/\\\/www.alas.no\\\/vilkar-og-betingelser-hos-alas-leiebil\\\/\",\"url\":\"https:\\\/\\\/www.alas.no\\\/vilkar-og-betingelser-hos-alas-leiebil\\\/\",\"name\":\"Vilk\u00e5r og betingelser hos Alas Leiebil hos Alas Leiebil\",\"isPartOf\":{\"@id\":\"https:\\\/\\\/www.alas.no\\\/#website\"},\"datePublished\":\"2024-08-26T09:40:05+00:00\",\"dateModified\":\"2025-06-16T05:59:18+00:00\",\"description\":\"Les vilk\u00e5r og betingelser hos Alas Leiebil: betaling, utlevering, retur, forsikring, og regler for skader og kj\u00f8ret\u00f8ybruk\",\"breadcrumb\":{\"@id\":\"https:\\\/\\\/www.alas.no\\\/vilkar-og-betingelser-hos-alas-leiebil\\\/#breadcrumb\"},\"inLanguage\":\"de\",\"potentialAction\":[{\"@type\":\"ReadAction\",\"target\":[\"https:\\\/\\\/www.alas.no\\\/vilkar-og-betingelser-hos-alas-leiebil\\\/\"]}]},{\"@type\":\"BreadcrumbList\",\"@id\":\"https:\\\/\\\/www.alas.no\\\/vilkar-og-betingelser-hos-alas-leiebil\\\/#breadcrumb\",\"itemListElement\":[{\"@type\":\"ListItem\",\"position\":1,\"name\":\"Home\",\"item\":\"https:\\\/\\\/www.alas.no\\\/\"},{\"@type\":\"ListItem\",\"position\":2,\"name\":\"Vilk\u00e5r og betingelser hos Alas Leiebil\"}]},{\"@type\":\"WebSite\",\"@id\":\"https:\\\/\\\/www.alas.no\\\/#website\",\"url\":\"https:\\\/\\\/www.alas.no\\\/\",\"name\":\"Alas Leiebil\",\"description\":\"My website\",\"potentialAction\":[{\"@type\":\"SearchAction\",\"target\":{\"@type\":\"EntryPoint\",\"urlTemplate\":\"https:\\\/\\\/www.alas.no\\\/?s={search_term_string}\"},\"query-input\":{\"@type\":\"PropertyValueSpecification\",\"valueRequired\":true,\"valueName\":\"search_term_string\"}}],\"inLanguage\":\"de\"}]}<\/script>\n<!-- \/ Yoast SEO plugin. -->","yoast_head_json":{"title":"Bedingungen und Konditionen bei Alas Car Hire bei Alas Car Hire","description":"Lesen Sie die Bedingungen und Konditionen von Alas Car Hire: Zahlung, Lieferung, R\u00fcckgabe, Versicherung und Regeln f\u00fcr Sch\u00e4den und Fahrzeugnutzung","robots":{"index":"index","follow":"follow","max-snippet":"max-snippet:-1","max-image-preview":"max-image-preview:large","max-video-preview":"max-video-preview:-1"},"canonical":"https:\/\/www.alas.no\/de\/alas-autovermietung-bedingungen-und-konditionen\/","og_locale":"de_DE","og_type":"article","og_title":"Vilk\u00e5r og betingelser hos Alas Leiebil hos Alas Leiebil","og_description":"Les vilk\u00e5r og betingelser hos Alas Leiebil: betaling, utlevering, retur, forsikring, og regler for skader og kj\u00f8ret\u00f8ybruk","og_url":"https:\/\/www.alas.no\/de\/alas-autovermietung-bedingungen-und-konditionen\/","og_site_name":"Alas Leiebil","article_modified_time":"2025-06-16T05:59:18+00:00","og_image":[{"width":1200,"height":628,"url":"https:\/\/mlyn8ia8asew.i.optimole.com\/w:auto\/h:auto\/q:mauto\/f:best\/https:\/\/www.alas.no\/wp-content\/uploads\/2024\/10\/facebook-bilde-2.png","type":"image\/png"}],"twitter_card":"summary_large_image","twitter_misc":{"Gesch\u00e4tzte Lesezeit":"2\u00a0Minuten"},"schema":{"@context":"https:\/\/schema.org","@graph":[{"@type":"WebPage","@id":"https:\/\/www.alas.no\/vilkar-og-betingelser-hos-alas-leiebil\/","url":"https:\/\/www.alas.no\/vilkar-og-betingelser-hos-alas-leiebil\/","name":"Bedingungen und Konditionen bei Alas Car Hire bei Alas Car Hire","isPartOf":{"@id":"https:\/\/www.alas.no\/#website"},"datePublished":"2024-08-26T09:40:05+00:00","dateModified":"2025-06-16T05:59:18+00:00","description":"Lesen Sie die Bedingungen und Konditionen von Alas Car Hire: Zahlung, Lieferung, R\u00fcckgabe, Versicherung und Regeln f\u00fcr Sch\u00e4den und Fahrzeugnutzung","breadcrumb":{"@id":"https:\/\/www.alas.no\/vilkar-og-betingelser-hos-alas-leiebil\/#breadcrumb"},"inLanguage":"de","potentialAction":[{"@type":"ReadAction","target":["https:\/\/www.alas.no\/vilkar-og-betingelser-hos-alas-leiebil\/"]}]},{"@type":"BreadcrumbList","@id":"https:\/\/www.alas.no\/vilkar-og-betingelser-hos-alas-leiebil\/#breadcrumb","itemListElement":[{"@type":"ListItem","position":1,"name":"Home","item":"https:\/\/www.alas.no\/"},{"@type":"ListItem","position":2,"name":"Vilk\u00e5r og betingelser hos Alas Leiebil"}]},{"@type":"WebSite","@id":"https:\/\/www.alas.no\/#website","url":"https:\/\/www.alas.no\/","name":"Alas Autovermietung","description":"Meine Website","potentialAction":[{"@type":"SearchAction","target":{"@type":"EntryPoint","urlTemplate":"https:\/\/www.alas.no\/?s={search_term_string}"},"query-input":{"@type":"PropertyValueSpecification","valueRequired":true,"valueName":"search_term_string"}}],"inLanguage":"de"}]}},"_links":{"self":[{"href":"https:\/\/www.alas.no\/de\/wp-json\/wp\/v2\/pages\/109","targetHints":{"allow":["GET"]}}],"collection":[{"href":"https:\/\/www.alas.no\/de\/wp-json\/wp\/v2\/pages"}],"about":[{"href":"https:\/\/www.alas.no\/de\/wp-json\/wp\/v2\/types\/page"}],"author":[{"embeddable":true,"href":"https:\/\/www.alas.no\/de\/wp-json\/wp\/v2\/users\/1"}],"replies":[{"embeddable":true,"href":"https:\/\/www.alas.no\/de\/wp-json\/wp\/v2\/comments?post=109"}],"version-history":[{"count":32,"href":"https:\/\/www.alas.no\/de\/wp-json\/wp\/v2\/pages\/109\/revisions"}],"predecessor-version":[{"id":1895,"href":"https:\/\/www.alas.no\/de\/wp-json\/wp\/v2\/pages\/109\/revisions\/1895"}],"wp:attachment":[{"href":"https:\/\/www.alas.no\/de\/wp-json\/wp\/v2\/media?parent=109"}],"curies":[{"name":"wp","href":"https:\/\/api.w.org\/{rel}","templated":true}]}}